{"id":23,"date":"2025-06-18T13:58:20","date_gmt":"2025-06-18T18:58:20","guid":{"rendered":"https:\/\/premiaglobaladvisors.com\/about-us\/"},"modified":"2025-11-17T14:44:45","modified_gmt":"2025-11-17T20:44:45","slug":"acerca-de-nosotros","status":"publish","type":"page","link":"https:\/\/premiaglobaladvisors.com\/es\/acerca-de-nosotros\/","title":{"rendered":"Qui\u00e9nes Somos"},"content":{"rendered":"<div class='breakdance'><section class=\"bde-section-23-100 bde-section\">\n  \n  \n\t\n\n\n\n<div class=\"section-container\"><div class=\"bde-div-23-101 bde-div\">\n  \n  \n\t\n\n\n\n<h1 class=\"bde-heading-23-102 bde-heading\">\nLa Diferencia de Premia\n<\/h1><div class=\"bde-text-23-103 bde-text\">\nNuestras soluciones ayudan a nuestros clientes a gestionar los retos de los mercados internacionales y a avanzar en el cumplimiento de sus objetivos financieros.\n<\/div><div class=\"bde-div-23-104 bde-div\">\n  \n  \n\t\n\n\n\n<img decoding=\"async\" class=\"bde-image2-23-206 bde-image2\" src=\"https:\/\/premiaglobaladvisors.com\/wp-content\/uploads\/Premia-Composite-MS-EJ-DR-VV-Eddy-Park-e1763412236812-1024x508.png\" loading=\"lazy\" srcset=\"https:\/\/premiaglobaladvisors.com\/wp-content\/uploads\/Premia-Composite-MS-EJ-DR-VV-Eddy-Park-e1763412236812.png 1154w, https:\/\/premiaglobaladvisors.com\/wp-content\/uploads\/Premia-Composite-MS-EJ-DR-VV-Eddy-Park-e1763412236812-300x149.png 300w, https:\/\/premiaglobaladvisors.com\/wp-content\/uploads\/Premia-Composite-MS-EJ-DR-VV-Eddy-Park-e1763412236812-1024x508.png 1024w, https:\/\/premiaglobaladvisors.com\/wp-content\/uploads\/Premia-Composite-MS-EJ-DR-VV-Eddy-Park-e1763412236812-768x381.png 768w, https:\/\/premiaglobaladvisors.com\/wp-content\/uploads\/Premia-Composite-MS-EJ-DR-VV-Eddy-Park-e1763412236812-18x9.png 18w\" sizes=\"(max-width: 1154px) 100vw, 1154px\">\n<\/div>\n<\/div><div class=\"bde-div-23-107 bde-div\">\n  \n  \n\t\n\n\n\n<div class=\"autogenerated-kce-buttonarrowsmall-23-106 autogenerated-kce-buttonarrowsmall\">\n        \n                  \n    \n            \n\n          \n          \n    \n    \n    \n    \n    <a class=\"breakdance-link\" href=\"https:\/\/player.vimeo.com\/video\/1092473057?h=598eddde5c&amp;dnt=1&amp;app_id=122963\" target=\"_self\" data-type=\"lightbox\"  data-lightbox-id=\"23-106\" >\n\n<div class=\"icon-wrap\">\n<div class=\"icon breakdance-icon-atom\"><svg xmlns=\"http:\/\/www.w3.org\/2000\/svg\" viewbox=\"0 0 384 512\"><path d=\"M328 96c13.3 0 24 10.7 24 24l0 240c0 13.3-10.7 24-24 24s-24-10.7-24-24l0-182.1L73 409c-9.4 9.4-24.6 9.4-33.9 0s-9.4-24.6 0-33.9l231-231L88 144c-13.3 0-24-10.7-24-24s10.7-24 24-24l240 0z\"><\/path><\/svg><\/div>\n<\/div>\n<div class=\"label\">Ver el V\u00eddeo<\/div>\n    <\/a>\n\n  \n    \n<\/div>\n<\/div><\/div>\n<\/section><section id=\"our-story\" class=\"bde-section-23-118 bde-section block-media-cta\">\n  \n  \n\t\n\n\n\n<div class=\"section-container\"><div class=\"bde-div-23-119 bde-div\">\n  \n  \n\t\n\n\n\n<div class=\"bde-div-23-122 bde-div\">\n  \n  \n\t\n\n\n\n<h2 class=\"bde-heading-23-123 bde-heading\">\nNuestra Historia\n<\/h2><div class=\"bde-text-23-162 bde-text\">\nPremia Global Advisors fue fundada por Miguel Sosa, que ha pasado m\u00e1s de 40 a\u00f1os trabajando con familias e instituciones para hacer frente a una amplia gama de retos financieros como su asesor financiero. Su \u00e9xito y experiencia impulsan el enfoque de Premia Global Advisors en el servicio personalizado y la personalizaci\u00f3n en profundidad a trav\u00e9s de relaciones estrat\u00e9gicas. \n<\/div><div class=\"bde-fancy-divider-23-163 bde-fancy-divider\">\n\n\n<div class=\"bde-fancy-divider__wrapper\">\n  <div class=\"bde-fancy-divider__separator\">\n  \t  <\/div>\n<\/div>\n\n<\/div><div class=\"bde-text-23-164 bde-text\">\nGracias a un conocimiento detallado del sector financiero y de inversi\u00f3n, el equipo de Premia dedica tiempo a los clientes y sus familias para analizar sus prioridades y valores. As\u00ed es como elaboramos planes financieros personalizados y soluciones de gesti\u00f3n patrimonial.\n<\/div>\n<\/div><div class=\"bde-div-23-120 bde-div\">\n  \n  \n\t\n\n\n\n<img decoding=\"async\" class=\"bde-image2-23-121 bde-image2\" src=\"https:\/\/premiaglobaladvisors.com\/wp-content\/uploads\/VideoforStills-FullRez.00_37_42_28.Still042.jpg\" loading=\"lazy\" srcset=\"https:\/\/premiaglobaladvisors.com\/wp-content\/uploads\/VideoforStills-FullRez.00_37_42_28.Still042.jpg 1024w, https:\/\/premiaglobaladvisors.com\/wp-content\/uploads\/VideoforStills-FullRez.00_37_42_28.Still042-300x169.jpg 300w, https:\/\/premiaglobaladvisors.com\/wp-content\/uploads\/VideoforStills-FullRez.00_37_42_28.Still042-768x432.jpg 768w\" sizes=\"(max-width: 1024px) 100vw, 1024px\">\n<\/div>\n<\/div><\/div>\n<\/section><div class=\"bde-section-23-258 bde-section dwc-quick-view-fetch-container\">\n  \n  \n\t\n\n\n\n<div class=\"section-container\"><div class=\"bde-div-23-259 bde-div\">\n  \n  \n\t\n\n\n\n<div class=\"bde-code-block-23-260 bde-code-block\">\n\n  <!-- no code -->\n\n\n<\/div>\n<\/div><div class=\"bde-div-23-267 bde-div dwc-quick-view-next-prev-btns\">\n  \n  \n\t\n\n\n\n<div class=\"bde-div-23-268 bde-div dwc-quick-view-next-prev-btns--btn dwc-quick-view-prev-btn\" role=\"button\">\n  \n  \n\t\n\n\n\n<div class=\"bde-icon-23-269 bde-icon dwc-quick-view-next-prev-btns--icon\">\n\n    \n            <div class=\"bde-icon-icon breakdance-icon-atom\" >\n    \n                    <svg xmlns=\"http:\/\/www.w3.org\/2000\/svg\" id=\"icon-arrow-left2\" viewbox=\"0 0 32 32\">\n<path d=\"M12.586 27.414l-10-10c-0.781-0.781-0.781-2.047 0-2.828l10-10c0.781-0.781 2.047-0.781 2.828 0s0.781 2.047 0 2.828l-6.586 6.586h19.172c1.105 0 2 0.895 2 2s-0.895 2-2 2h-19.172l6.586 6.586c0.39 0.39 0.586 0.902 0.586 1.414s-0.195 1.024-0.586 1.414c-0.781 0.781-2.047 0.781-2.828 0z\"\/>\n<\/svg>\n        \n        \n        \n            <\/div>\n    \n\n\n<\/div>\n<\/div><div class=\"bde-div-23-270 bde-div dwc-quick-view-next-prev-btns--btn dwc-quick-view-next-btn\" role=\"button\">\n  \n  \n\t\n\n\n\n<div class=\"bde-icon-23-271 bde-icon dwc-quick-view-next-prev-btns--icon\">\n\n    \n            <div class=\"bde-icon-icon breakdance-icon-atom\" >\n    \n                    <svg xmlns=\"http:\/\/www.w3.org\/2000\/svg\" id=\"icon-arrow-right2\" viewbox=\"0 0 32 32\">\n<path d=\"M19.414 27.414l10-10c0.781-0.781 0.781-2.047 0-2.828l-10-10c-0.781-0.781-2.047-0.781-2.828 0s-0.781 2.047 0 2.828l6.586 6.586h-19.172c-1.105 0-2 0.895-2 2s0.895 2 2 2h19.172l-6.586 6.586c-0.39 0.39-0.586 0.902-0.586 1.414s0.195 1.024 0.586 1.414c0.781 0.781 2.047 0.781 2.828 0z\"\/>\n<\/svg>\n        \n        \n        \n            <\/div>\n    \n\n\n<\/div>\n<\/div>\n<\/div><div class=\"bde-code-block-23-272 bde-code-block\">\n\n    \n<!-- DOMPurify library -->\n<script src=\"https:\/\/cdnjs.cloudflare.com\/ajax\/libs\/dompurify\/2.3.3\/purify.min.js\"><\/script>\n  \n  <script>    DOMPurify.addHook('afterSanitizeAttributes', function (node) {\n  \/\/ set all elements owning target to target=_blank\n  if ('target' in node) {\n    node.setAttribute('target', '_blank');\n    node.setAttribute('rel', 'noopener');\n  }\n});   \n  <\/script>\n  \n  \n\n  \n  \n\n\n\n\n<\/div><\/div>\n<\/div><section id=\"our-team\" class=\"bde-section-23-216 bde-section\">\n  \n  \n\t\n\n\n\n<div class=\"section-container\"><div class=\"bde-div-23-217 bde-div\">\n  \n  \n\t\n\n\n\n<div class=\"bde-div-23-218 bde-div\">\n  \n  \n\t\n\n\n\n<div class=\"bde-div-23-219 bde-div\">\n  \n  \n\t\n\n\n\n<h2 class=\"bde-heading-23-220 bde-heading\">\nNuestro Equipo\n<\/h2><div class=\"bde-text-23-221 bde-text\">\nContamos con m\u00e1s de 40 a\u00f1os de experiencia asesorando a individuos, familias e instituciones. Nuestro equipo combina conocimientos, recursos e independencia para ayudar a nuestros clientes a tomar buenas decisiones y recibir un servicio excepcional. \n<\/div><div class=\"bde-button-23-222 bde-button\">\n    \n                                    \n    \n    \n    \n    \n            \n                    \n            \n            \n\n    \n    \n    \n    \n    \n    <a class=\"breakdance-link button-atom button-atom--secondary bde-button__button\" href=\"https:\/\/premiaglobaladvisors.com\/es\/contacto\/\" target=\"_self\" data-type=\"url\"  >\n\n    \n        <span class=\"button-atom__text\">P\u00f3ngase en contacto con nosotros<\/span>\n\n        \n        \n                <\/a>\n\n    \n\n\n<\/div>\n<\/div><img decoding=\"async\" class=\"bde-image2-23-223 bde-image2\" src=\"https:\/\/premiaglobaladvisors.com\/wp-content\/uploads\/background-dark-blue.png\" loading=\"lazy\" srcset=\"https:\/\/premiaglobaladvisors.com\/wp-content\/uploads\/background-dark-blue.png 1332w, https:\/\/premiaglobaladvisors.com\/wp-content\/uploads\/background-dark-blue-300x126.png 300w, https:\/\/premiaglobaladvisors.com\/wp-content\/uploads\/background-dark-blue-1024x429.png 1024w, https:\/\/premiaglobaladvisors.com\/wp-content\/uploads\/background-dark-blue-768x322.png 768w\" sizes=\"(max-width: 1332px) 100vw, 1332px\">\n<\/div>\n<\/div><div class=\"bde-div-23-224 bde-div\">\n  \n  \n\t\n\n\n\n<div class=\"bde-post-loop-23-255 bde-post-loop\">\n<div class=\"bde-loop bde-loop- ee-posts ee-posts-\">    <article class=\"bde-loop-item ee-post\">\n        <div class='breakdance'><div class=\"bde-div-5263-108-5258-5263-1 bde-div dwc-quick-view-btn bde-div-5263-108\" data-id=\"https:\/\/premiaglobaladvisors.com\/es\/equipo\/miguel-sosa\/\" role=\"button\" tabindex=\"0\">\n  \n  \n\t\n\n\n\n<div class=\"bde-div-5263-100-5258-5263-1 bde-div bde-div-5263-100\">\n  \n  \n\t\n\n\n\n<div class=\"bde-div-5263-111-5258-5263-1 bde-div bde-div-5263-111\">\n  \n  \n\t\n\n\n\n<img decoding=\"async\" class=\"bde-image2-5263-107-5258-5263-1 bde-image2 bde-image2-5263-107\" src=\"https:\/\/premiaglobaladvisors.com\/wp-content\/uploads\/sosa-miguel-768x768.jpg\" loading=\"lazy\" srcset=\"https:\/\/premiaglobaladvisors.com\/wp-content\/uploads\/sosa-miguel-768x768.jpg 768w, https:\/\/premiaglobaladvisors.com\/wp-content\/uploads\/sosa-miguel-300x300.jpg 300w, https:\/\/premiaglobaladvisors.com\/wp-content\/uploads\/sosa-miguel-150x150.jpg 150w\" sizes=\"(max-width: 768px) 100vw, 768px\">\n<\/div><div class=\"bde-text-5263-110-5258-5263-1 bde-text notranslate bde-text-5263-110\" data-no-translation=\"\">\nMiguel Sosa\n<\/div><div class=\"bde-text-5263-104-5258-5263-1 bde-text bde-text-5263-104\">\nSocio fundador\n<\/div>\n<\/div>\n<\/div><\/div>    <\/article>\n    <article class=\"bde-loop-item ee-post\">\n        <div class='breakdance'><div class=\"bde-div-5263-108-5259-5263-1 bde-div dwc-quick-view-btn bde-div-5263-108\" data-id=\"https:\/\/premiaglobaladvisors.com\/es\/equipo\/parque-eddy\/\" role=\"button\" tabindex=\"0\">\n  \n  \n\t\n\n\n\n<div class=\"bde-div-5263-100-5259-5263-1 bde-div bde-div-5263-100\">\n  \n  \n\t\n\n\n\n<div class=\"bde-div-5263-111-5259-5263-1 bde-div bde-div-5263-111\">\n  \n  \n\t\n\n\n\n<img decoding=\"async\" class=\"bde-image2-5263-107-5259-5263-1 bde-image2 bde-image2-5263-107\" src=\"https:\/\/premiaglobaladvisors.com\/wp-content\/uploads\/park-eddy-768x768.jpg\" loading=\"lazy\" srcset=\"https:\/\/premiaglobaladvisors.com\/wp-content\/uploads\/park-eddy-768x768.jpg 768w, https:\/\/premiaglobaladvisors.com\/wp-content\/uploads\/park-eddy-300x300.jpg 300w, https:\/\/premiaglobaladvisors.com\/wp-content\/uploads\/park-eddy-150x150.jpg 150w\" sizes=\"(max-width: 768px) 100vw, 768px\">\n<\/div><div class=\"bde-text-5263-110-5259-5263-1 bde-text notranslate bde-text-5263-110\" data-no-translation=\"\">\nEddy Park\n<\/div><div class=\"bde-text-5263-104-5259-5263-1 bde-text bde-text-5263-104\">\nGestor de relaciones con los clientes\n<\/div>\n<\/div>\n<\/div><\/div>    <\/article>\n    <article class=\"bde-loop-item ee-post\">\n        <div class='breakdance'><div class=\"bde-div-5263-108-5260-5263-1 bde-div dwc-quick-view-btn bde-div-5263-108\" data-id=\"https:\/\/premiaglobaladvisors.com\/es\/equipo\/daniel-rosales\/\" role=\"button\" tabindex=\"0\">\n  \n  \n\t\n\n\n\n<div class=\"bde-div-5263-100-5260-5263-1 bde-div bde-div-5263-100\">\n  \n  \n\t\n\n\n\n<div class=\"bde-div-5263-111-5260-5263-1 bde-div bde-div-5263-111\">\n  \n  \n\t\n\n\n\n<img decoding=\"async\" class=\"bde-image2-5263-107-5260-5263-1 bde-image2 bde-image2-5263-107\" src=\"https:\/\/premiaglobaladvisors.com\/wp-content\/uploads\/rosales-daniel-768x768.jpg\" loading=\"lazy\" srcset=\"https:\/\/premiaglobaladvisors.com\/wp-content\/uploads\/rosales-daniel-768x768.jpg 768w, https:\/\/premiaglobaladvisors.com\/wp-content\/uploads\/rosales-daniel-300x300.jpg 300w, https:\/\/premiaglobaladvisors.com\/wp-content\/uploads\/rosales-daniel-150x150.jpg 150w\" sizes=\"(max-width: 768px) 100vw, 768px\">\n<\/div><div class=\"bde-text-5263-110-5260-5263-1 bde-text notranslate bde-text-5263-110\" data-no-translation=\"\">\nDaniel Rosales\n<\/div><div class=\"bde-text-5263-104-5260-5263-1 bde-text bde-text-5263-104\">\nInversiones y gesti\u00f3n de carteras\n<\/div>\n<\/div>\n<\/div><\/div>    <\/article>\n    <article class=\"bde-loop-item ee-post\">\n        <div class='breakdance'><div class=\"bde-div-5263-108-5261-5263-1 bde-div dwc-quick-view-btn bde-div-5263-108\" data-id=\"https:\/\/premiaglobaladvisors.com\/es\/equipo\/vivian-velazquez\/\" role=\"button\" tabindex=\"0\">\n  \n  \n\t\n\n\n\n<div class=\"bde-div-5263-100-5261-5263-1 bde-div bde-div-5263-100\">\n  \n  \n\t\n\n\n\n<div class=\"bde-div-5263-111-5261-5263-1 bde-div bde-div-5263-111\">\n  \n  \n\t\n\n\n\n<img decoding=\"async\" class=\"bde-image2-5263-107-5261-5263-1 bde-image2 bde-image2-5263-107\" src=\"https:\/\/premiaglobaladvisors.com\/wp-content\/uploads\/velazquez-vivian-768x768.jpg\" loading=\"lazy\" srcset=\"https:\/\/premiaglobaladvisors.com\/wp-content\/uploads\/velazquez-vivian-768x768.jpg 768w, https:\/\/premiaglobaladvisors.com\/wp-content\/uploads\/velazquez-vivian-300x300.jpg 300w, https:\/\/premiaglobaladvisors.com\/wp-content\/uploads\/velazquez-vivian-150x150.jpg 150w\" sizes=\"(max-width: 768px) 100vw, 768px\">\n<\/div><div class=\"bde-text-5263-110-5261-5263-1 bde-text notranslate bde-text-5263-110\" data-no-translation=\"\">\nVivian Velazquez\n<\/div><div class=\"bde-text-5263-104-5261-5263-1 bde-text bde-text-5263-104\">\nAsesor de Riesgos, \u00c9tica y Cumplimiento Normativo\n<\/div>\n<\/div>\n<\/div><\/div>    <\/article>\n<\/div>\n\n<\/div>\n<\/div><\/div>\n<\/section><section id=\"our-relationships\" class=\"bde-section-23-156 bde-section block-media-cta\">\n  \n  \n\t\n\n\n\n<div class=\"section-container\"><div class=\"bde-div-23-196 bde-div\">\n  \n  \n\t\n\n\n\n<div class=\"bde-div-23-197 bde-div\">\n  \n  \n\t\n\n\n\n<h2 class=\"bde-heading-23-200 bde-heading\">\nNuestras Relaciones\n<\/h2><div class=\"bde-text-23-201 bde-text\">\nInvertimos en alianzas estrat\u00e9gicas con organizaciones y proveedores tecnol\u00f3gicos destacados. Estas colaboraciones nos permiten acceder a recursos de vanguardia que fortalecen la experiencia de nuestro equipo y nos ayudan a elevar continuamente la calidad de nuestros servicios.\n<\/div><div class=\"autogenerated-kce-buttonarrow-23-202 autogenerated-kce-buttonarrow\">\n        \n            \n            \n\n    \n    \n    \n    \n    \n    <a class=\"breakdance-link\" href=\"https:\/\/premiaglobaladvisors.com\/es\/nuestros-servicios\/\" target=\"_self\" data-type=\"url\"  >\n\n<div class=\"icon-wrap\">\n<div class=\"icon breakdance-icon-atom\"><svg xmlns=\"http:\/\/www.w3.org\/2000\/svg\" viewbox=\"0 0 384 512\"><path d=\"M328 96c13.3 0 24 10.7 24 24l0 240c0 13.3-10.7 24-24 24s-24-10.7-24-24l0-182.1L73 409c-9.4 9.4-24.6 9.4-33.9 0s-9.4-24.6 0-33.9l231-231L88 144c-13.3 0-24-10.7-24-24s10.7-24 24-24l240 0z\"><\/path><\/svg><\/div>\n<\/div>\n<div class=\"label\">Nuestros Servicios<\/div>\n    <\/a>\n\n  \n    \n<\/div>\n<\/div><div class=\"bde-div-23-198 bde-div\">\n  \n  \n\t\n\n\n\n<img decoding=\"async\" class=\"bde-image2-23-199 bde-image2\" src=\"https:\/\/premiaglobaladvisors.com\/wp-content\/uploads\/VideoforStills-FullRez.01_18_07_11.Still154.jpg\" loading=\"lazy\" srcset=\"https:\/\/premiaglobaladvisors.com\/wp-content\/uploads\/VideoforStills-FullRez.01_18_07_11.Still154.jpg 1024w, https:\/\/premiaglobaladvisors.com\/wp-content\/uploads\/VideoforStills-FullRez.01_18_07_11.Still154-300x169.jpg 300w, https:\/\/premiaglobaladvisors.com\/wp-content\/uploads\/VideoforStills-FullRez.01_18_07_11.Still154-768x432.jpg 768w\" sizes=\"(max-width: 1024px) 100vw, 1024px\">\n<\/div>\n<\/div><\/div>\n<\/section><section class=\"bde-section-23-208 bde-section block-media-cta\">\n  \n  \n\t\n\n\n\n<div class=\"section-container\"><div class=\"bde-div-23-209 bde-div\">\n  \n  \n\t\n\n\n\n<div class=\"bde-div-23-210 bde-div\">\n  \n  \n\t\n\n\n\n<img decoding=\"async\" class=\"bde-image2-23-211 bde-image2\" src=\"https:\/\/premiaglobaladvisors.com\/wp-content\/uploads\/VideoforStills-FullRez.01_02_55_27.Still105.jpg\" loading=\"lazy\" srcset=\"https:\/\/premiaglobaladvisors.com\/wp-content\/uploads\/VideoforStills-FullRez.01_02_55_27.Still105.jpg 1024w, https:\/\/premiaglobaladvisors.com\/wp-content\/uploads\/VideoforStills-FullRez.01_02_55_27.Still105-300x169.jpg 300w, https:\/\/premiaglobaladvisors.com\/wp-content\/uploads\/VideoforStills-FullRez.01_02_55_27.Still105-768x432.jpg 768w\" sizes=\"(max-width: 1024px) 100vw, 1024px\">\n<\/div><div class=\"bde-div-23-212 bde-div\">\n  \n  \n\t\n\n\n\n<h2 class=\"bde-heading-23-213 bde-heading\">\nGlobal 360 F.O.R.M.ula\n<\/h2><div class=\"bde-rich-text-23-214 bde-rich-text breakdance-rich-text-styles\">\n<p>Nuestro proceso patentado integra de manera coherente la gesti\u00f3n del patrimonio, la deuda, la liquidez, los movimientos de tesorer\u00eda y los activos, en combinaci\u00f3n con una planificaci\u00f3n financiera estructurada. Cada plan es \u00fanico. Dedicamos el tiempo necesario a comprender en profundidad sus objetivos y prioridades personales. A partir de ello, elaboramos un programa a medida, dise\u00f1ado para responder a esas necesidades espec\u00edficas y desarrollado a trav\u00e9s de nuestro proceso patentado. Mediante revisiones peri\u00f3dicas y la consideraci\u00f3n de acontecimientos vitales y financieros relevantes, trabajamos para que su plan se mantenga actualizado y en sinton\u00eda con sus circunstancias.<\/p>\n<\/div><div class=\"autogenerated-kce-buttonarrow-23-215 autogenerated-kce-buttonarrow\">\n        \n            \n            \n\n    \n    \n    \n    \n    \n    <a class=\"breakdance-link\" href=\"https:\/\/premiaglobaladvisors.com\/es\/nuestros-servicios\/formula-global-360\/\" target=\"_self\" data-type=\"url\"  >\n\n<div class=\"icon-wrap\">\n<div class=\"icon breakdance-icon-atom\"><svg xmlns=\"http:\/\/www.w3.org\/2000\/svg\" viewbox=\"0 0 384 512\"><path d=\"M328 96c13.3 0 24 10.7 24 24l0 240c0 13.3-10.7 24-24 24s-24-10.7-24-24l0-182.1L73 409c-9.4 9.4-24.6 9.4-33.9 0s-9.4-24.6 0-33.9l231-231L88 144c-13.3 0-24-10.7-24-24s10.7-24 24-24l240 0z\"><\/path><\/svg><\/div>\n<\/div>\n<div class=\"label\">M\u00e1s Informaci\u00f3n<\/div>\n    <\/a>\n\n  \n    \n<\/div>\n<\/div>\n<\/div><\/div>\n<\/section><\/div>","protected":false},"excerpt":{"rendered":"<p>The Premia Difference Our solutions help our clients navigate challenges associated with international markets and achieve their financial goals. Watch Video Our Story Premia Global Advisors was founded by Miguel Sosa, who has spent more than 40 years working with families and institutions to address a full range of financial challenges as their Financial Advisor. [&hellip;]<\/p>","protected":false},"author":1,"featured_media":0,"parent":0,"menu_order":0,"comment_status":"closed","ping_status":"closed","template":"","meta":{"_acf_changed":false,"_breakdance_hide_in_design_set":false,"_breakdance_tags":"","footnotes":""},"class_list":["post-23","page","type-page","status-publish","hentry"],"acf":[],"yoast_head":"<!-- This site is optimized with the Yoast SEO plugin v26.1.1 - https:\/\/yoast.com\/wordpress\/plugins\/seo\/ -->\n<title>About Us - Premia Global Advisors<\/title>\n<meta name=\"robots\" content=\"index, follow, max-snippet:-1, max-image-preview:large, max-video-preview:-1\" \/>\n<link rel=\"canonical\" href=\"https:\/\/premiaglobaladvisors.com\/es\/acerca-de-nosotros\/\" \/>\n<meta property=\"og:locale\" content=\"es_ES\" \/>\n<meta property=\"og:type\" content=\"article\" \/>\n<meta property=\"og:title\" content=\"About Us - Premia Global Advisors\" \/>\n<meta property=\"og:description\" content=\"The Premia Difference Our solutions help our clients navigate challenges associated with international markets and achieve their financial goals. Watch Video Our Story Premia Global Advisors was founded by Miguel Sosa, who has spent more than 40 years working with families and institutions to address a full range of financial challenges as their Financial Advisor. [&hellip;]\" \/>\n<meta property=\"og:url\" content=\"https:\/\/premiaglobaladvisors.com\/es\/acerca-de-nosotros\/\" \/>\n<meta property=\"og:site_name\" content=\"Premia Global Advisors\" \/>\n<meta property=\"article:modified_time\" content=\"2025-11-17T20:44:45+00:00\" \/>\n<meta name=\"twitter:card\" content=\"summary_large_image\" \/>\n<meta name=\"twitter:label1\" content=\"Est. reading time\" \/>\n\t<meta name=\"twitter:data1\" content=\"4 minutos\" \/>\n<script type=\"application\/ld+json\" class=\"yoast-schema-graph\">{\"@context\":\"https:\/\/schema.org\",\"@graph\":[{\"@type\":\"WebPage\",\"@id\":\"https:\/\/premiaglobaladvisors.com\/about-us\/\",\"url\":\"https:\/\/premiaglobaladvisors.com\/about-us\/\",\"name\":\"About Us - Premia Global Advisors\",\"isPartOf\":{\"@id\":\"https:\/\/premiaglobaladvisors.com\/#website\"},\"datePublished\":\"2025-06-18T18:58:20+00:00\",\"dateModified\":\"2025-11-17T20:44:45+00:00\",\"breadcrumb\":{\"@id\":\"https:\/\/premiaglobaladvisors.com\/about-us\/#breadcrumb\"},\"inLanguage\":\"es\",\"potentialAction\":[{\"@type\":\"ReadAction\",\"target\":[\"https:\/\/premiaglobaladvisors.com\/about-us\/\"]}]},{\"@type\":\"BreadcrumbList\",\"@id\":\"https:\/\/premiaglobaladvisors.com\/about-us\/#breadcrumb\",\"itemListElement\":[{\"@type\":\"ListItem\",\"position\":1,\"name\":\"Home\",\"item\":\"https:\/\/premiaglobaladvisors.com\/\"},{\"@type\":\"ListItem\",\"position\":2,\"name\":\"About Us\"}]},{\"@type\":\"WebSite\",\"@id\":\"https:\/\/premiaglobaladvisors.com\/#website\",\"url\":\"https:\/\/premiaglobaladvisors.com\/\",\"name\":\"Premia Global Advisors\",\"description\":\"\",\"potentialAction\":[{\"@type\":\"SearchAction\",\"target\":{\"@type\":\"EntryPoint\",\"urlTemplate\":\"https:\/\/premiaglobaladvisors.com\/?s={search_term_string}\"},\"query-input\":{\"@type\":\"PropertyValueSpecification\",\"valueRequired\":true,\"valueName\":\"search_term_string\"}}],\"inLanguage\":\"es\"}]}<\/script>\n<!-- \/ Yoast SEO plugin. -->","yoast_head_json":{"title":"Qui\u00e9nes somos - Premia Global Advisors","robots":{"index":"index","follow":"follow","max-snippet":"max-snippet:-1","max-image-preview":"max-image-preview:large","max-video-preview":"max-video-preview:-1"},"canonical":"https:\/\/premiaglobaladvisors.com\/es\/acerca-de-nosotros\/","og_locale":"es_ES","og_type":"article","og_title":"About Us - Premia Global Advisors","og_description":"The Premia Difference Our solutions help our clients navigate challenges associated with international markets and achieve their financial goals. Watch Video Our Story Premia Global Advisors was founded by Miguel Sosa, who has spent more than 40 years working with families and institutions to address a full range of financial challenges as their Financial Advisor. [&hellip;]","og_url":"https:\/\/premiaglobaladvisors.com\/es\/acerca-de-nosotros\/","og_site_name":"Premia Global Advisors","article_modified_time":"2025-11-17T20:44:45+00:00","twitter_card":"summary_large_image","twitter_misc":{"Est. reading time":"4 minutos"},"schema":{"@context":"https:\/\/schema.org","@graph":[{"@type":"WebPage","@id":"https:\/\/premiaglobaladvisors.com\/about-us\/","url":"https:\/\/premiaglobaladvisors.com\/about-us\/","name":"Qui\u00e9nes somos - Premia Global Advisors","isPartOf":{"@id":"https:\/\/premiaglobaladvisors.com\/#website"},"datePublished":"2025-06-18T18:58:20+00:00","dateModified":"2025-11-17T20:44:45+00:00","breadcrumb":{"@id":"https:\/\/premiaglobaladvisors.com\/about-us\/#breadcrumb"},"inLanguage":"es","potentialAction":[{"@type":"ReadAction","target":["https:\/\/premiaglobaladvisors.com\/about-us\/"]}]},{"@type":"BreadcrumbList","@id":"https:\/\/premiaglobaladvisors.com\/about-us\/#breadcrumb","itemListElement":[{"@type":"ListItem","position":1,"name":"Home","item":"https:\/\/premiaglobaladvisors.com\/"},{"@type":"ListItem","position":2,"name":"About Us"}]},{"@type":"WebSite","@id":"https:\/\/premiaglobaladvisors.com\/#website","url":"https:\/\/premiaglobaladvisors.com\/","name":"Premia Global Advisors","description":"","potentialAction":[{"@type":"SearchAction","target":{"@type":"EntryPoint","urlTemplate":"https:\/\/premiaglobaladvisors.com\/?s={search_term_string}"},"query-input":{"@type":"PropertyValueSpecification","valueRequired":true,"valueName":"search_term_string"}}],"inLanguage":"es"}]}},"_links":{"self":[{"href":"https:\/\/premiaglobaladvisors.com\/es\/wp-json\/wp\/v2\/pages\/23","targetHints":{"allow":["GET"]}}],"collection":[{"href":"https:\/\/premiaglobaladvisors.com\/es\/wp-json\/wp\/v2\/pages"}],"about":[{"href":"https:\/\/premiaglobaladvisors.com\/es\/wp-json\/wp\/v2\/types\/page"}],"author":[{"embeddable":true,"href":"https:\/\/premiaglobaladvisors.com\/es\/wp-json\/wp\/v2\/users\/1"}],"replies":[{"embeddable":true,"href":"https:\/\/premiaglobaladvisors.com\/es\/wp-json\/wp\/v2\/comments?post=23"}],"version-history":[{"count":47,"href":"https:\/\/premiaglobaladvisors.com\/es\/wp-json\/wp\/v2\/pages\/23\/revisions"}],"predecessor-version":[{"id":5418,"href":"https:\/\/premiaglobaladvisors.com\/es\/wp-json\/wp\/v2\/pages\/23\/revisions\/5418"}],"wp:attachment":[{"href":"https:\/\/premiaglobaladvisors.com\/es\/wp-json\/wp\/v2\/media?parent=23"}],"curies":[{"name":"wp","href":"https:\/\/api.w.org\/{rel}","templated":true}]}}