{"id":24,"date":"2025-06-18T13:58:20","date_gmt":"2025-06-18T18:58:20","guid":{"rendered":"https:\/\/premiaglobaladvisors.com\/contact-us\/"},"modified":"2025-10-15T15:11:11","modified_gmt":"2025-10-15T20:11:11","slug":"contacto","status":"publish","type":"page","link":"https:\/\/premiaglobaladvisors.com\/es\/contacto\/","title":{"rendered":"CONT\u00c1CTENOS"},"content":{"rendered":"<div class='breakdance'><section class=\"bde-section-24-109 bde-section\">\n  \n  \n\t\n\n\n\n<div class=\"section-container\"><div class=\"bde-div-24-110 bde-div\">\n  \n  \n\t\n\n\n\n<h1 class=\"bde-heading-24-111 bde-heading\">\nCONT\u00c1CTENOS\n<\/h1><div class=\"bde-text-24-112 bde-text\">\nP\u00f3ngase en contacto con nosotros hoy mismo y d\u00e9 el primer paso hacia la capacitaci\u00f3n financiera. Para cualquier consulta, puede ponerse en contacto con nosotros a trav\u00e9s de la siguiente informaci\u00f3n o rellenando el formulario. \n<\/div>\n<\/div><\/div>\n<\/section><section class=\"bde-section-24-100 bde-section block-media-cta\">\n  \n  \n\t\n\n\n\n<div class=\"section-container\"><div class=\"bde-div-24-101 bde-div\">\n  \n  \n\t\n\n\n\n<div class=\"bde-div-24-102 bde-div\">\n  \n  \n\t\n\n\n\n<img decoding=\"async\" class=\"bde-image2-24-103 bde-image2\" src=\"https:\/\/premiaglobaladvisors.com\/wp-content\/uploads\/AdobeStock_409909441-683x1024.jpeg\" loading=\"lazy\" srcset=\"https:\/\/premiaglobaladvisors.com\/wp-content\/uploads\/AdobeStock_409909441-scaled.jpeg 1707w, https:\/\/premiaglobaladvisors.com\/wp-content\/uploads\/AdobeStock_409909441-200x300.jpeg 200w, https:\/\/premiaglobaladvisors.com\/wp-content\/uploads\/AdobeStock_409909441-683x1024.jpeg 683w, https:\/\/premiaglobaladvisors.com\/wp-content\/uploads\/AdobeStock_409909441-768x1152.jpeg 768w, https:\/\/premiaglobaladvisors.com\/wp-content\/uploads\/AdobeStock_409909441-1024x1536.jpeg 1024w, https:\/\/premiaglobaladvisors.com\/wp-content\/uploads\/AdobeStock_409909441-1365x2048.jpeg 1365w\" sizes=\"(max-width: 1707px) 100vw, 1707px\">\n<\/div><div class=\"bde-div-24-104 bde-div\">\n  \n  \n\t\n\n\n\n<h3 class=\"bde-heading-24-118 bde-heading\">\n\u00bfPreparado para un asesor financiero?\n<\/h3><div class=\"bde-text-24-116 bde-text\">\nSolicite una consulta hoy mismo.\n<\/div><div class=\"bde-form-builder-24-108 bde-form-builder\">\n\n\n<form id=\"contact-form108\" class=\"breakdance-form breakdance-form--vertical\" data-options=\"{&quot;slug&quot;:&quot;custom&quot;,&quot;name&quot;:&quot;Contact Form&quot;,&quot;ajaxUrl&quot;:&quot;https:\\\/\\\/premiaglobaladvisors.com\\\/wp-admin\\\/admin-ajax.php&quot;,&quot;clearOnSuccess&quot;:true,&quot;hideOnSuccess&quot;:false,&quot;successMessage&quot;:&quot;Your message has been received!&quot;,&quot;errorMessage&quot;:&quot;Something went wrong&quot;,&quot;redirect&quot;:false,&quot;redirectUrl&quot;:&quot;&quot;,&quot;customJavaScript&quot;:&quot;&quot;,&quot;recaptcha&quot;:{&quot;key&quot;:&quot;6Lc5F-srAAAAAN_PAnJiLgHtYmvxisqDz__8SzQ4&quot;,&quot;enabled&quot;:true},&quot;honeypot_enabled&quot;:true,&quot;popupsOnSuccess&quot;:[],&quot;popupsOnError&quot;:[]}\" data-steps=\"0\" action=\"\" >\n  \n  \n  \n<div class=\"breakdance-form-field breakdance-form-field--text\" >\n    \n    \n            <label class=\"breakdance-form-field__label\" for=\"name\">\n            Nombre<span class=\"breakdance-form-field__required\">*<\/span>\n        <\/label>\n    \n    <input\n    class=\"breakdance-form-field__input\"\n    id=\"name\"\n    aria-describedby=\"name\"\n    type=\"text\"\n    name=\"fields[name]\"\n    placeholder=\"\"\n    value=\"\"\n                \n        \n        \n    required\n>\n\n\n    \n    \n<\/div>\n\n\n<div class=\"breakdance-form-field breakdance-form-field--email\" >\n    \n    \n            <label class=\"breakdance-form-field__label\" for=\"email\">\n            Correo electr\u00f3nico<span class=\"breakdance-form-field__required\">*<\/span>\n        <\/label>\n    \n    <input\n    class=\"breakdance-form-field__input\"\n    id=\"email\"\n    aria-describedby=\"email\"\n    type=\"email\"\n    name=\"fields[email]\"\n    placeholder=\"\"\n    value=\"\"\n                \n        \n        \n    required\n>\n\n\n    \n    \n<\/div>\n\n\n<div class=\"breakdance-form-field breakdance-form-field--tel\" >\n    \n    \n            <label class=\"breakdance-form-field__label\" for=\"jydcmi\">\n            N\u00famero de tel\u00e9fono\n        <\/label>\n    \n    <input\n    class=\"breakdance-form-field__input\"\n    id=\"jydcmi\"\n    aria-describedby=\"jydcmi\"\n    type=\"tel\"\n    name=\"fields[jydcmi]\"\n    placeholder=\"\"\n    value=\"\"\n                \n        \n        \n    \n    \n    \n    \n>\n\n\n    \n    \n<\/div>\n\n\n<div class=\"breakdance-form-field breakdance-form-field--select\" >\n    \n    \n            <label class=\"breakdance-form-field__label\" for=\"fvltte\">\n            \u00bfQu\u00e9 es lo que mejor describe su consulta?\n        <\/label>\n    \n    <select\n    class=\"breakdance-form-field__input\"\n    id=\"fvltte\"\n    name=\"fields[fvltte]\"\n    \n    \n        >\n      <option value=\"\">Seleccione...<\/option>\n          <option value=\"I am a U.S. person seeking financial advice.\" >Soy estadounidense y busco asesoramiento financiero.<\/option>\n        <option value=\"I am a non-U.S. person seeking financial advice.\" >Soy una persona no estadounidense que busca asesoramiento financiero.<\/option>\n        <option value=\"I am a U.S. expat seeking financial advice\" >Soy un expatriado estadounidense que busca asesoramiento financiero<\/option>\n        <option value=\"I represent an institution seeking financial advice. \" >Represento a una instituci\u00f3n que busca asesoramiento financiero. <\/option>\n        <option value=\"Other\" >Otros<\/option>\n  <\/select>\n\n\n    \n    \n<\/div>\n\n\n<div class=\"breakdance-form-field breakdance-form-field--textarea\" >\n    \n    \n            <label class=\"breakdance-form-field__label\" for=\"message\">\n            Mensaje<span class=\"breakdance-form-field__required\">*<\/span>\n        <\/label>\n    \n    <textarea\n    class=\"breakdance-form-field__input\"\n    id=\"message\"\n    aria-describedby=\"message\"\n    type=\"textarea\"\n    name=\"fields[message]\"\n        placeholder=\"\"\n    required\n>\n<\/textarea>\n\n\n    \n    \n<\/div>\n\n\n<div class=\"breakdance-form-field breakdance-form-field--hpinput\" >\n    \n    \n            <label class=\"breakdance-form-field__label\" for=\"hpname\">\n            Nombre HP\n        <\/label>\n    \n    <input\n    class=\"breakdance-form-field__input\"\n    id=\"hpname\"\n    aria-describedby=\"hpname\"\n    type=\"hpinput\"\n    name=\"fields[hpname]\"\n    placeholder=\"\"\n    value=\"\"\n                \n        \n        \n    \n    autocomplete=\"off\"\n    tabindex=\"-1\"\n    \n>\n\n\n    \n    \n<\/div>\n\n\n  \n\n<div class=\"breakdance-form-field breakdance-form-footer\">\n    \n    \n                                    \n    \n    \n    \n    \n            \n            <button type=\"submit\" class=\"button-atom button-atom--primary breakdance-form-button breakdance-form-button__submit\"  >\n    \n        <span class=\"button-atom__text\">Enviar<\/span>\n\n        \n        \n            <\/button>\n    \n    <input type=\"hidden\" name=\"form_id\" value=\"108\">\n    <input type=\"hidden\" name=\"post_id\" value=\"24\">\n<\/div>\n\n  \n<input type=\"hidden\" name=\"trp-form-language\" value=\"es\"\/><\/form>\n\n\n\n<\/div>\n<\/div>\n<\/div><\/div>\n<\/section><\/div>","protected":false},"excerpt":{"rendered":"<p>Contact Us Get in touch with us today and take the first step towards financial empowerment. For inquiries, you may contact us through the following information below or fill out the form. Ready for a Financial Advisor? Inquire for a consultation today. Name* Email* Phone Number What best describes your inquiry? Select&#8230; I am a [&hellip;]<\/p>","protected":false},"author":1,"featured_media":0,"parent":0,"menu_order":0,"comment_status":"closed","ping_status":"closed","template":"","meta":{"_acf_changed":false,"_breakdance_hide_in_design_set":false,"_breakdance_tags":"","footnotes":""},"class_list":["post-24","page","type-page","status-publish","hentry"],"acf":[],"yoast_head":"<!-- This site is optimized with the Yoast SEO plugin v26.1.1 - https:\/\/yoast.com\/wordpress\/plugins\/seo\/ -->\n<title>Contact Us - Premia Global Advisors<\/title>\n<meta name=\"robots\" content=\"index, follow, max-snippet:-1, max-image-preview:large, max-video-preview:-1\" \/>\n<link rel=\"canonical\" href=\"https:\/\/premiaglobaladvisors.com\/es\/contacto\/\" \/>\n<meta property=\"og:locale\" content=\"es_ES\" \/>\n<meta property=\"og:type\" content=\"article\" \/>\n<meta property=\"og:title\" content=\"Contact Us - Premia Global Advisors\" \/>\n<meta property=\"og:description\" content=\"Contact Us Get in touch with us today and take the first step towards financial empowerment. For inquiries, you may contact us through the following information below or fill out the form. Ready for a Financial Advisor? Inquire for a consultation today. Name* Email* Phone Number What best describes your inquiry? Select... I am a [&hellip;]\" \/>\n<meta property=\"og:url\" content=\"https:\/\/premiaglobaladvisors.com\/es\/contacto\/\" \/>\n<meta property=\"og:site_name\" content=\"Premia Global Advisors\" \/>\n<meta property=\"article:modified_time\" content=\"2025-10-15T20:11:11+00:00\" \/>\n<meta name=\"twitter:card\" content=\"summary_large_image\" \/>\n<meta name=\"twitter:label1\" content=\"Est. reading time\" \/>\n\t<meta name=\"twitter:data1\" content=\"1 minuto\" \/>\n<script type=\"application\/ld+json\" class=\"yoast-schema-graph\">{\"@context\":\"https:\/\/schema.org\",\"@graph\":[{\"@type\":\"WebPage\",\"@id\":\"https:\/\/premiaglobaladvisors.com\/contact-us\/\",\"url\":\"https:\/\/premiaglobaladvisors.com\/contact-us\/\",\"name\":\"Contact Us - Premia Global Advisors\",\"isPartOf\":{\"@id\":\"https:\/\/premiaglobaladvisors.com\/#website\"},\"datePublished\":\"2025-06-18T18:58:20+00:00\",\"dateModified\":\"2025-10-15T20:11:11+00:00\",\"breadcrumb\":{\"@id\":\"https:\/\/premiaglobaladvisors.com\/contact-us\/#breadcrumb\"},\"inLanguage\":\"es\",\"potentialAction\":[{\"@type\":\"ReadAction\",\"target\":[\"https:\/\/premiaglobaladvisors.com\/contact-us\/\"]}]},{\"@type\":\"BreadcrumbList\",\"@id\":\"https:\/\/premiaglobaladvisors.com\/contact-us\/#breadcrumb\",\"itemListElement\":[{\"@type\":\"ListItem\",\"position\":1,\"name\":\"Home\",\"item\":\"https:\/\/premiaglobaladvisors.com\/\"},{\"@type\":\"ListItem\",\"position\":2,\"name\":\"Contact Us\"}]},{\"@type\":\"WebSite\",\"@id\":\"https:\/\/premiaglobaladvisors.com\/#website\",\"url\":\"https:\/\/premiaglobaladvisors.com\/\",\"name\":\"Premia Global Advisors\",\"description\":\"\",\"potentialAction\":[{\"@type\":\"SearchAction\",\"target\":{\"@type\":\"EntryPoint\",\"urlTemplate\":\"https:\/\/premiaglobaladvisors.com\/?s={search_term_string}\"},\"query-input\":{\"@type\":\"PropertyValueSpecification\",\"valueRequired\":true,\"valueName\":\"search_term_string\"}}],\"inLanguage\":\"es\"}]}<\/script>\n<!-- \/ Yoast SEO plugin. -->","yoast_head_json":{"title":"Contacto - Premia Global Advisors","robots":{"index":"index","follow":"follow","max-snippet":"max-snippet:-1","max-image-preview":"max-image-preview:large","max-video-preview":"max-video-preview:-1"},"canonical":"https:\/\/premiaglobaladvisors.com\/es\/contacto\/","og_locale":"es_ES","og_type":"article","og_title":"Contact Us - Premia Global Advisors","og_description":"Contact Us Get in touch with us today and take the first step towards financial empowerment. For inquiries, you may contact us through the following information below or fill out the form. Ready for a Financial Advisor? Inquire for a consultation today. Name* Email* Phone Number What best describes your inquiry? Select... I am a [&hellip;]","og_url":"https:\/\/premiaglobaladvisors.com\/es\/contacto\/","og_site_name":"Premia Global Advisors","article_modified_time":"2025-10-15T20:11:11+00:00","twitter_card":"summary_large_image","twitter_misc":{"Est. reading time":"1 minuto"},"schema":{"@context":"https:\/\/schema.org","@graph":[{"@type":"WebPage","@id":"https:\/\/premiaglobaladvisors.com\/contact-us\/","url":"https:\/\/premiaglobaladvisors.com\/contact-us\/","name":"Contacto - Premia Global Advisors","isPartOf":{"@id":"https:\/\/premiaglobaladvisors.com\/#website"},"datePublished":"2025-06-18T18:58:20+00:00","dateModified":"2025-10-15T20:11:11+00:00","breadcrumb":{"@id":"https:\/\/premiaglobaladvisors.com\/contact-us\/#breadcrumb"},"inLanguage":"es","potentialAction":[{"@type":"ReadAction","target":["https:\/\/premiaglobaladvisors.com\/contact-us\/"]}]},{"@type":"BreadcrumbList","@id":"https:\/\/premiaglobaladvisors.com\/contact-us\/#breadcrumb","itemListElement":[{"@type":"ListItem","position":1,"name":"Home","item":"https:\/\/premiaglobaladvisors.com\/"},{"@type":"ListItem","position":2,"name":"Contact Us"}]},{"@type":"WebSite","@id":"https:\/\/premiaglobaladvisors.com\/#website","url":"https:\/\/premiaglobaladvisors.com\/","name":"Premia Global Advisors","description":"","potentialAction":[{"@type":"SearchAction","target":{"@type":"EntryPoint","urlTemplate":"https:\/\/premiaglobaladvisors.com\/?s={search_term_string}"},"query-input":{"@type":"PropertyValueSpecification","valueRequired":true,"valueName":"search_term_string"}}],"inLanguage":"es"}]}},"_links":{"self":[{"href":"https:\/\/premiaglobaladvisors.com\/es\/wp-json\/wp\/v2\/pages\/24","targetHints":{"allow":["GET"]}}],"collection":[{"href":"https:\/\/premiaglobaladvisors.com\/es\/wp-json\/wp\/v2\/pages"}],"about":[{"href":"https:\/\/premiaglobaladvisors.com\/es\/wp-json\/wp\/v2\/types\/page"}],"author":[{"embeddable":true,"href":"https:\/\/premiaglobaladvisors.com\/es\/wp-json\/wp\/v2\/users\/1"}],"replies":[{"embeddable":true,"href":"https:\/\/premiaglobaladvisors.com\/es\/wp-json\/wp\/v2\/comments?post=24"}],"version-history":[{"count":12,"href":"https:\/\/premiaglobaladvisors.com\/es\/wp-json\/wp\/v2\/pages\/24\/revisions"}],"predecessor-version":[{"id":5372,"href":"https:\/\/premiaglobaladvisors.com\/es\/wp-json\/wp\/v2\/pages\/24\/revisions\/5372"}],"wp:attachment":[{"href":"https:\/\/premiaglobaladvisors.com\/es\/wp-json\/wp\/v2\/media?parent=24"}],"curies":[{"name":"wp","href":"https:\/\/api.w.org\/{rel}","templated":true}]}}