{"id":25,"date":"2025-06-18T13:58:20","date_gmt":"2025-06-18T18:58:20","guid":{"rendered":"https:\/\/premiaglobaladvisors.com\/our-services\/"},"modified":"2025-09-15T12:37:12","modified_gmt":"2025-09-15T17:37:12","slug":"nuestros-servicios","status":"publish","type":"page","link":"https:\/\/premiaglobaladvisors.com\/es\/nuestros-servicios\/","title":{"rendered":"Nuestros Servicios"},"content":{"rendered":"<div class='breakdance'><section class=\"bde-section-25-100 bde-section block-media-cta\">\n  \n  \n\t\n\n\n\n<div class=\"section-container\"><div class=\"bde-div-25-101 bde-div\">\n  \n  \n\t\n\n\n\n<div class=\"bde-div-25-102 bde-div\">\n  \n  \n\t\n\n\n\n<div class=\"bde-text-25-109 bde-text\">\nNuestros Servicios\n<\/div><h1 class=\"bde-heading-25-103 bde-heading\">\nExperiencia Financiera Global, Personalizada para Usted\n<\/h1><div class=\"bde-text-25-104 bde-text\">\nCombinamos la experiencia global con un profundo conocimiento de su visi\u00f3n para convertir la ambici\u00f3n en logro. \n<\/div>\n<\/div><div class=\"bde-div-25-107 bde-div\">\n  \n  \n\t\n\n\n\n<img decoding=\"async\" class=\"bde-image2-25-108 bde-image2\" src=\"https:\/\/premiaglobaladvisors.com\/wp-content\/uploads\/VideoforStills-FullRez.01_13_11_25.Still136.jpg\" loading=\"lazy\" srcset=\"https:\/\/premiaglobaladvisors.com\/wp-content\/uploads\/VideoforStills-FullRez.01_13_11_25.Still136.jpg 1024w, https:\/\/premiaglobaladvisors.com\/wp-content\/uploads\/VideoforStills-FullRez.01_13_11_25.Still136-300x169.jpg 300w, https:\/\/premiaglobaladvisors.com\/wp-content\/uploads\/VideoforStills-FullRez.01_13_11_25.Still136-768x432.jpg 768w\" sizes=\"(max-width: 1024px) 100vw, 1024px\">\n<\/div>\n<\/div><\/div>\n<\/section><section class=\"bde-section-25-110 bde-section\">\n  \n  \n\t\n\n\n\n<div class=\"section-container\"><div class=\"bde-div-25-111 bde-div\">\n  \n  \n\t\n\n\n\n<h2 class=\"bde-heading-25-112 bde-heading\">\nSoluciones de Gesti\u00f3n Patrimonial a Medida\n<\/h2><div class=\"bde-div-25-113 bde-div\">\n  \n  \n\t\n\n\n\n<div class=\"bde-text-25-114 bde-text\">\nOfrecemos soluciones integrales de gesti\u00f3n patrimonial, dise\u00f1adas para atender las necesidades espec\u00edficas de individuos, familias y empresas en todo el mundo. \n<\/div><div class=\"bde-button-25-121 bde-button\">\n    \n                                    \n    \n    \n    \n    \n            \n                    \n            \n            \n\n    \n    \n    \n    \n    \n    <a class=\"breakdance-link button-atom button-atom--custom bde-button__button\" href=\"https:\/\/premiaglobaladvisors.com\/es\/contacto\/\" target=\"_self\" data-type=\"url\"  >\n\n    \n        <span class=\"button-atom__text\">CONT\u00c1CTENOS<\/span>\n\n                            \n        \n                <\/a>\n\n    \n\n\n<\/div>\n<\/div>\n<\/div><div class=\"bde-grid-25-123 bde-grid\">\n  \n  \n\t\n\n\n\n<div class=\"bde-div-25-124 bde-div\">\n  \n  \n\t\n\n\n\n<div class=\"bde-div-25-128 bde-div\">\n  \n  \n\t\n\n\n\n<div class=\"bde-icon-25-129 bde-icon\">\n\n    \n            <div class=\"bde-icon-icon breakdance-icon-atom\" >\n    \n                    <svg xmlns=\"http:\/\/www.w3.org\/2000\/svg\" viewbox=\"0 0 512 512\"><!--! Font Awesome Pro 6.7.2 by @fontawesome - https:\/\/fontawesome.com License - https:\/\/fontawesome.com\/license (Commercial License) Copyright 2024 Fonticons, Inc. --><path d=\"M256 480c16.7 0 40.4-14.4 61.9-57.3c9.9-19.8 18.2-43.7 24.1-70.7l-172 0c5.9 27 14.2 50.9 24.1 70.7C215.6 465.6 239.3 480 256 480zM164.3 320l183.4 0c2.8-20.2 4.3-41.7 4.3-64s-1.5-43.8-4.3-64l-183.4 0c-2.8 20.2-4.3 41.7-4.3 64s1.5 43.8 4.3 64zM170 160l172 0c-5.9-27-14.2-50.9-24.1-70.7C296.4 46.4 272.7 32 256 32s-40.4 14.4-61.9 57.3C184.2 109.1 175.9 133 170 160zm210 32c2.6 20.5 4 41.9 4 64s-1.4 43.5-4 64l90.8 0c6-20.3 9.3-41.8 9.3-64s-3.2-43.7-9.3-64L380 192zm78.5-32c-25.9-54.5-73.1-96.9-130.9-116.3c21 28.3 37.6 68.8 47.2 116.3l83.8 0zm-321.1 0c9.6-47.6 26.2-88 47.2-116.3C126.7 63.1 79.4 105.5 53.6 160l83.7 0zm-96 32c-6 20.3-9.3 41.8-9.3 64s3.2 43.7 9.3 64l90.8 0c-2.6-20.5-4-41.9-4-64s1.4-43.5 4-64l-90.8 0zM327.5 468.3c57.8-19.5 105-61.8 130.9-116.3l-83.8 0c-9.6 47.6-26.2 88-47.2 116.3zm-143 0c-21-28.3-37.5-68.8-47.2-116.3l-83.7 0c25.9 54.5 73.1 96.9 130.9 116.3zM256 512A256 256 0 1 1 256 0a256 256 0 1 1 0 512z\"\/><\/svg>\n        \n        \n        \n            <\/div>\n    \n\n\n<\/div><h3 class=\"bde-heading-25-125 bde-heading\">\nGesti\u00f3n Global de Patrimonios\n<\/h3><div class=\"bde-text-25-126 bde-text\">\nNuestras soluciones de gesti\u00f3n patrimonial global ofrecen un enfoque estrat\u00e9gico de planificaci\u00f3n financiera e inversi\u00f3n, orientado a respaldar la continuidad de su patrimonio.\n<\/div>\n<\/div><div class=\"autogenerated-kce-buttonarrowsmall-25-127 autogenerated-kce-buttonarrowsmall\">\n        \n            \n            \n\n    \n    \n    \n    \n    \n    <a class=\"breakdance-link\" href=\"https:\/\/premiaglobaladvisors.com\/es\/nuestros-servicios\/gestion-global-de-la-riqueza\/\" target=\"_self\" data-type=\"url\"  >\n\n<div class=\"icon-wrap\">\n<div class=\"icon breakdance-icon-atom\"><svg xmlns=\"http:\/\/www.w3.org\/2000\/svg\" viewbox=\"0 0 384 512\"><path d=\"M328 96c13.3 0 24 10.7 24 24l0 240c0 13.3-10.7 24-24 24s-24-10.7-24-24l0-182.1L73 409c-9.4 9.4-24.6 9.4-33.9 0s-9.4-24.6 0-33.9l231-231L88 144c-13.3 0-24-10.7-24-24s10.7-24 24-24l240 0z\"><\/path><\/svg><\/div>\n<\/div>\n<div class=\"label\">Seguir Leyendo<\/div>\n    <\/a>\n\n  \n    \n<\/div>\n<\/div><div class=\"bde-div-25-154 bde-div\">\n  \n  \n\t\n\n\n\n<div class=\"bde-div-25-155 bde-div\">\n  \n  \n\t\n\n\n\n<div class=\"bde-icon-25-156 bde-icon\">\n\n    \n            <div class=\"bde-icon-icon breakdance-icon-atom\" >\n    \n                    <svg xmlns=\"http:\/\/www.w3.org\/2000\/svg\" viewbox=\"0 0 640 512\"><!--! Font Awesome Pro 6.7.2 by @fontawesome - https:\/\/fontawesome.com License - https:\/\/fontawesome.com\/license (Commercial License) Copyright 2024 Fonticons, Inc. --><path d=\"M208 32C105.7 32 32 101.2 32 176c0 37.1 18 68.2 45.1 96.6c4.8 5 5.8 12.5 2.5 18.6c-10.9 20.2-22.7 40.8-37.6 59.9c31.3-3 63.2-13.2 91.5-26c6-2.7 11.9-5.6 18-8.7c3.2-1.6 6.8-2.1 10.2-1.4c15.6 3.1 30.9 5 46.3 5c102.3 0 176-69.2 176-144s-73.7-144-176-144zM0 176C0 78.9 93.1 0 208 0S416 78.9 416 176s-93.1 176-208 176c-16.1 0-31.7-1.8-47-4.6c-4.6 2.3-9.4 4.6-14.3 6.8C110.5 370.7 67 384 24 384c-9.6 0-18.2-5.7-22-14.5c-3.8-8.7-2-18.9 4.4-25.8l.1-.1s0 0 0 0C22 326.6 34.3 307.1 46 286C19.8 256.1 0 220.2 0 176zm441.8-47.8C552.2 132.5 640 209.6 640 304c0 44.2-19.8 80.1-46 110c11.7 21 24 40.6 39.5 57.5c0 0 0 0 0 0l.1 .1c6.5 7 8.2 17.1 4.4 25.8c-3.8 8.8-12.5 14.5-22 14.5c-43 0-86.5-13.3-122.7-29.7c-4.9-2.2-9.6-4.5-14.3-6.8c-15.3 2.8-30.9 4.6-47 4.6c-82.1 0-153-40.2-186.8-98.5c11.5-1.6 22.8-3.9 33.8-6.8C308.4 417.3 363.8 448 432 448c15.3 0 30.6-1.9 46.3-5c3.5-.7 7.1-.2 10.2 1.4c6.1 3.1 12 6 18 8.7c28.4 12.9 60.2 23.1 91.5 26c-14.9-19-26.8-39.7-37.6-59.9c-3.3-6.1-2.3-13.6 2.5-18.6C590 372.2 608 341.1 608 304c0-71-66.4-137-160.6-143.5c-.9-11.1-2.8-21.9-5.6-32.3zM224 83.6l0 13.8c7.2 1.1 14.1 2.7 20.5 4.4c8.5 2.2 13.7 11 11.4 19.5s-11 13.7-19.5 11.4c-10-2.6-19.7-4.5-28.6-4.7c-7.4-.1-15.2 1.6-20.5 4.7c-4.8 2.8-6.5 5.8-6.4 9.8c0 2.3 .6 4.4 5.7 7.4c6 3.6 14.5 6.2 25.9 9.6l.5 .2s0 0 0 0c10.1 3 22.9 6.8 33 13.1c11.2 7 21 18.2 21.2 35.5c.2 18-9.1 30.9-21.5 38.5c-6.7 4.1-14.2 6.7-21.7 8l0 13.7c0 8.8-7.2 16-16 16s-16-7.2-16-16l0-14.3c-9.7-1.9-18.8-5-26.7-7.7c0 0 0 0 0 0s0 0 0 0c-1.9-.7-3.8-1.3-5.5-1.9c-8.4-2.8-13-11.8-10.2-20.2s11.8-13 20.2-10.2c2.2 .7 4.4 1.5 6.5 2.2c0 0 0 0 0 0c12.2 4.1 21.9 7.4 32.3 7.7c8 .3 15.6-1.5 20.5-4.5c4.2-2.6 6.3-5.7 6.2-10.8c0-3.2-1.1-5.6-6.1-8.7c-5.9-3.7-14.5-6.4-25.7-9.8l-1.5-.4s0 0 0 0c-9.8-2.9-22-6.6-31.6-12.3c-11-6.6-21.2-17.4-21.3-34.7c-.1-18.1 10.2-30.5 22.3-37.6c6.5-3.8 13.7-6.2 20.8-7.6l0-13.9c0-8.8 7.2-16 16-16s16 7.2 16 16z\"\/><\/svg>\n        \n        \n        \n            <\/div>\n    \n\n\n<\/div><h3 class=\"bde-heading-25-157 bde-heading\">\nAsesoramiento Financiero Global\n<\/h3><div class=\"bde-text-25-158 bde-text\">\nNuestra asesor\u00eda financiera trasciende fronteras para apoyar la optimizaci\u00f3n de sus inversiones y estrategias financieras internacionales.\n<\/div>\n<\/div><div class=\"autogenerated-kce-buttonarrowsmall-25-159 autogenerated-kce-buttonarrowsmall\">\n        \n            \n            \n\n    \n    \n    \n    \n    \n    <a class=\"breakdance-link\" href=\"https:\/\/premiaglobaladvisors.com\/es\/nuestros-servicios\/asesoramiento-financiero-global\/\" target=\"_self\" data-type=\"url\"  >\n\n<div class=\"icon-wrap\">\n<div class=\"icon breakdance-icon-atom\"><svg xmlns=\"http:\/\/www.w3.org\/2000\/svg\" viewbox=\"0 0 384 512\"><path d=\"M328 96c13.3 0 24 10.7 24 24l0 240c0 13.3-10.7 24-24 24s-24-10.7-24-24l0-182.1L73 409c-9.4 9.4-24.6 9.4-33.9 0s-9.4-24.6 0-33.9l231-231L88 144c-13.3 0-24-10.7-24-24s10.7-24 24-24l240 0z\"><\/path><\/svg><\/div>\n<\/div>\n<div class=\"label\">Seguir Leyendo<\/div>\n    <\/a>\n\n  \n    \n<\/div>\n<\/div><div class=\"bde-div-25-148 bde-div\">\n  \n  \n\t\n\n\n\n<div class=\"bde-div-25-149 bde-div\">\n  \n  \n\t\n\n\n\n<div class=\"bde-icon-25-150 bde-icon\">\n\n    \n            <div class=\"bde-icon-icon breakdance-icon-atom\" >\n    \n                    <svg xmlns=\"http:\/\/www.w3.org\/2000\/svg\" viewbox=\"0 0 512 512\"><!--! Font Awesome Pro 6.7.2 by @fontawesome - https:\/\/fontawesome.com License - https:\/\/fontawesome.com\/license (Commercial License) Copyright 2024 Fonticons, Inc. --><path d=\"M32 96c0-17.7 14.3-32 32-32l124.1 0c8.5 0 16.6 3.4 22.6 9.4l35.9 35.9c12 12 28.3 18.7 45.3 18.7L448 128c17.7 0 32 14.3 32 32l0 32L32 192l0-96zm0 128l448 0 0 192c0 17.7-14.3 32-32 32L64 448c-17.7 0-32-14.3-32-32l0-192zM64 32C28.7 32 0 60.7 0 96L0 416c0 35.3 28.7 64 64 64l384 0c35.3 0 64-28.7 64-64l0-256c0-35.3-28.7-64-64-64L291.9 96c-8.5 0-16.6-3.4-22.6-9.4L233.4 50.7c-12-12-28.3-18.7-45.3-18.7L64 32z\"\/><\/svg>\n        \n        \n        \n            <\/div>\n    \n\n\n<\/div><h3 class=\"bde-heading-25-151 bde-heading\">\nGesti\u00f3n Global de Carteras\n<\/h3><div class=\"bde-text-25-152 bde-text\">\nNuestras estrategias de gesti\u00f3n de carteras buscan mejorar los resultados dentro del din\u00e1mico panorama de inversi\u00f3n global.\n<\/div>\n<\/div><div class=\"autogenerated-kce-buttonarrowsmall-25-153 autogenerated-kce-buttonarrowsmall\">\n        \n            \n            \n\n    \n    \n    \n    \n    \n    <a class=\"breakdance-link\" href=\"https:\/\/premiaglobaladvisors.com\/es\/nuestros-servicios\/gestion-global-de-carteras\/\" target=\"_self\" data-type=\"url\"  >\n\n<div class=\"icon-wrap\">\n<div class=\"icon breakdance-icon-atom\"><svg xmlns=\"http:\/\/www.w3.org\/2000\/svg\" viewbox=\"0 0 384 512\"><path d=\"M328 96c13.3 0 24 10.7 24 24l0 240c0 13.3-10.7 24-24 24s-24-10.7-24-24l0-182.1L73 409c-9.4 9.4-24.6 9.4-33.9 0s-9.4-24.6 0-33.9l231-231L88 144c-13.3 0-24-10.7-24-24s10.7-24 24-24l240 0z\"><\/path><\/svg><\/div>\n<\/div>\n<div class=\"label\">Seguir Leyendo<\/div>\n    <\/a>\n\n  \n    \n<\/div>\n<\/div><div class=\"bde-div-25-142 bde-div\">\n  \n  \n\t\n\n\n\n<div class=\"bde-div-25-143 bde-div\">\n  \n  \n\t\n\n\n\n<div class=\"bde-icon-25-144 bde-icon\">\n\n    \n            <div class=\"bde-icon-icon breakdance-icon-atom\" >\n    \n                    <svg xmlns=\"http:\/\/www.w3.org\/2000\/svg\" viewbox=\"0 0 448 512\"><!--! Font Awesome Pro 6.7.2 by @fontawesome - https:\/\/fontawesome.com License - https:\/\/fontawesome.com\/license (Commercial License) Copyright 2024 Fonticons, Inc. --><path d=\"M32 16C32 7.2 24.8 0 16 0S0 7.2 0 16L0 64 0 367l0 33 0 96c0 8.8 7.2 16 16 16s16-7.2 16-16l0-104 96.3-24.1c41.1-10.3 84.6-5.5 122.5 13.4c44.2 22.1 95.5 24.8 141.7 7.4l34.7-13c12.5-4.7 20.8-16.6 20.8-30l0-279.7c0-23-24.2-38-44.8-27.7l-9.6 4.8c-46.3 23.2-100.8 23.2-147.1 0c-35.1-17.6-75.4-22-113.5-12.5L32 56l0-40zm0 298.6l107.1-23c33.6-7.2 68.6-4.4 100.7 8.1l25.8 10c45.2 17.6 95.1 18.8 141.2 3.5l9.2-3.1 0 35.6-34.7 13c-37.9 14.2-80 12-116.2-6.1c-44.7-22.4-96-28-144.5-15.9L32 359l0-44.4zm0-32.7l0-39.3 102.2-21.9c36.4-7.8 74.3-3.9 108.4 11.3l13.8 6.2c50.6 22.5 108 23.9 159.6 3.9l0 34.4-19.3 6.4c-38.9 13-81.2 11.9-119.4-2.9l-25.8-10c-37.9-14.7-79.2-18-119-9.5L32 281.9zm0-72L32 89 140.7 61.8c6.4-1.6 12.8-2.7 19.3-3.3l0 126.7c-10.9 .6-21.7 2-32.5 4.3L32 209.9zm160-24l0-47.8c17.4 2.1 34.4 6.7 50.6 13.9l13.8 6.2c50.6 22.5 108 23.9 159.6 3.9l0 45.7-11.3 4.4c-43.7 17-92.4 15.8-135.3-3.2l-13.8-6.2c-20.3-9-41.8-14.7-63.6-16.9zm0-80l0-46.6c13.9 2 27.4 6.2 40.1 12.6c55.3 27.7 120.4 27.7 175.8 0l8.1-4.1 0 59.9-11.3 4.4c-43.7 17-92.4 15.8-135.3-3.2l-13.8-6.2c-20.3-9-41.8-14.7-63.6-16.9zM88 120a16 16 0 1 0 -32 0 16 16 0 1 0 32 0zm32 0a16 16 0 1 0 0-32 16 16 0 1 0 0 32zM88 168a16 16 0 1 0 -32 0 16 16 0 1 0 32 0zm32 0a16 16 0 1 0 0-32 16 16 0 1 0 0 32z\"\/><\/svg>\n        \n        \n        \n            <\/div>\n    \n\n\n<\/div><h3 class=\"bde-heading-25-145 bde-heading\">\nGesti\u00f3n de Patrimonios en EE.UU.\n<\/h3><div class=\"bde-text-25-146 bde-text\">\nOfrecemos servicios especializados de gesti\u00f3n patrimonial para ayudar a nuestros clientes a abordar las complejidades del panorama financiero de Estados Unidos, con el objetivo de respaldar una planificaci\u00f3n financiera eficiente.\n<\/div>\n<\/div><div class=\"autogenerated-kce-buttonarrowsmall-25-147 autogenerated-kce-buttonarrowsmall\">\n        \n            \n            \n\n    \n    \n    \n    \n    \n    <a class=\"breakdance-link\" href=\"https:\/\/premiaglobaladvisors.com\/es\/nuestros-servicios\/gestion-de-patrimonios\/\" target=\"_self\" data-type=\"url\"  >\n\n<div class=\"icon-wrap\">\n<div class=\"icon breakdance-icon-atom\"><svg xmlns=\"http:\/\/www.w3.org\/2000\/svg\" viewbox=\"0 0 384 512\"><path d=\"M328 96c13.3 0 24 10.7 24 24l0 240c0 13.3-10.7 24-24 24s-24-10.7-24-24l0-182.1L73 409c-9.4 9.4-24.6 9.4-33.9 0s-9.4-24.6 0-33.9l231-231L88 144c-13.3 0-24-10.7-24-24s10.7-24 24-24l240 0z\"><\/path><\/svg><\/div>\n<\/div>\n<div class=\"label\">Seguir Leyendo<\/div>\n    <\/a>\n\n  \n    \n<\/div>\n<\/div><div class=\"bde-div-25-136 bde-div\">\n  \n  \n\t\n\n\n\n<div class=\"bde-div-25-137 bde-div\">\n  \n  \n\t\n\n\n\n<div class=\"bde-icon-25-138 bde-icon\">\n\n    \n            <div class=\"bde-icon-icon breakdance-icon-atom\" >\n    \n                    <svg xmlns=\"http:\/\/www.w3.org\/2000\/svg\" viewbox=\"0 0 576 512\"><!--! Font Awesome Pro 6.7.2 by @fontawesome - https:\/\/fontawesome.com License - https:\/\/fontawesome.com\/license (Commercial License) Copyright 2024 Fonticons, Inc. --><path d=\"M272 32c34.8 0 64.5 22.2 75.5 53.3c2.9 8.3 12.1 12.7 20.4 9.8s12.7-12.1 9.8-20.4C362.3 31.2 320.8 0 272 0C216.5 0 170.4 40.4 161.5 93.4c-1.5 8.7 4.4 17 13.1 18.4s17-4.4 18.4-13.1C199.5 60.8 232.4 32 272 32zM55.2 190.3c7.9-4 11.1-13.6 7.2-21.5s-13.6-11.1-21.5-7.2L36.2 164C14 175.1 0 197.8 0 222.6c0 35.7 28.5 64.7 64 65.4c0 0 0 0 0 0c0 52.4 25.2 98.8 64 128l0 48c0 26.5 21.5 48 48 48l32 0c26.5 0 48-21.5 48-48l0-16 64 0 0 16c0 26.5 21.5 48 48 48l32 0c26.5 0 48-21.5 48-48l0-29.3c25.5-11.1 47.5-28.7 64-50.7l32 0c17.7 0 32-14.3 32-32l0-96c0-17.7-14.3-32-32-32l-13.3 0c-10.7-24.6-27.4-45.9-48.3-62.2l7.2-25C495.4 116.3 480 96 458.8 96L456 96c-30.5 0-58.2 12.2-78.4 32L224 128c-77.4 0-142 55-156.8 128l-1.8 0C47 256 32 241 32 222.6c0-12.7 7.2-24.2 18.5-29.9l4.7-2.3zM424 288a24 24 0 1 0 0-48 24 24 0 1 0 0 48zM396.4 154.7C411 138.3 432.3 128 456 128l2.8 0-10.2 35.8c-1.9 6.7 .7 13.8 6.5 17.7c22.8 15.2 40.4 37.6 49.7 63.8c2.3 6.4 8.3 10.7 15.1 10.7l24.2 0 0 96-40.2 0c-5.3 0-10.3 2.7-13.3 7.1c-15.2 22.8-37.6 40.4-63.8 49.6C420.3 411 416 417 416 423.8l0 40.2c0 8.8-7.2 16-16 16l-32 0c-8.8 0-16-7.2-16-16l0-32c0-8.8-7.2-16-16-16l-96 0c-8.8 0-16 7.2-16 16l0 32c0 8.8-7.2 16-16 16l-32 0c-8.8 0-16-7.2-16-16l0-56.2c0-5.3-2.7-10.3-7.1-13.3C118.6 371.5 96 332.4 96 288c0-70.7 57.3-128 128-128l160 0s0 0 0 0l.4 0c4.6 0 8.9-1.9 11.9-5.3z\"\/><\/svg>\n        \n        \n        \n            <\/div>\n    \n\n\n<\/div><h3 class=\"bde-heading-25-139 bde-heading\">\nAsesoramiento en Inversiones Institucionales\n<\/h3><div class=\"bde-text-25-140 bde-text\">\nServicios completos de planificaci\u00f3n de jubilaci\u00f3n, dise\u00f1ados para respaldar la gesti\u00f3n de su patrimonio a largo plazo y adaptados a sus objetivos y expectativas de retiro.\n<\/div>\n<\/div><div class=\"autogenerated-kce-buttonarrowsmall-25-141 autogenerated-kce-buttonarrowsmall\">\n        \n            \n            \n\n    \n    \n    \n    \n    \n    <a class=\"breakdance-link\" href=\"https:\/\/premiaglobaladvisors.com\/es\/nuestros-servicios\/asesoramiento-en-inversiones-institucionales\/\" target=\"_self\" data-type=\"url\"  >\n\n<div class=\"icon-wrap\">\n<div class=\"icon breakdance-icon-atom\"><svg xmlns=\"http:\/\/www.w3.org\/2000\/svg\" viewbox=\"0 0 384 512\"><path d=\"M328 96c13.3 0 24 10.7 24 24l0 240c0 13.3-10.7 24-24 24s-24-10.7-24-24l0-182.1L73 409c-9.4 9.4-24.6 9.4-33.9 0s-9.4-24.6 0-33.9l231-231L88 144c-13.3 0-24-10.7-24-24s10.7-24 24-24l240 0z\"><\/path><\/svg><\/div>\n<\/div>\n<div class=\"label\">Seguir Leyendo<\/div>\n    <\/a>\n\n  \n    \n<\/div>\n<\/div><div class=\"bde-div-25-130 bde-div\">\n  \n  \n\t\n\n\n\n<div class=\"bde-div-25-131 bde-div\">\n  \n  \n\t\n\n\n\n<div class=\"bde-icon-25-132 bde-icon\">\n\n    \n            <div class=\"bde-icon-icon breakdance-icon-atom\" >\n    \n                    <svg xmlns=\"http:\/\/www.w3.org\/2000\/svg\" viewbox=\"0 0 640 512\"><!--! Font Awesome Pro 6.7.2 by @fontawesome - https:\/\/fontawesome.com License - https:\/\/fontawesome.com\/license (Commercial License) Copyright 2024 Fonticons, Inc. --><path d=\"M158.7 105.4c11.5-5.2 24.5-5.7 36.4-1.4L375 170c4.2 1.5 8.8 1.3 12.8-.8l88-45c15.8-8.1 33.3-12.3 51-12.3l61 0c12.7 0 21.1 13.1 15.8 24.6c-15.4 33.4-41.7 60.5-74.6 77L255.6 350.3c-2.2 1.1-4.7 1.7-7.2 1.7l-139.2 0c-4.2 0-8.3-1.7-11.3-4.7L34.1 283.5l23.7-13.6c4.4-2.5 9.8-2.8 14.4-.7l57.2 25.4c4.4 2 9.5 1.8 13.8-.4l115-58.8c5.1-2.6 8.5-7.8 8.7-13.6s-2.6-11.2-7.5-14.3L121.9 122.2l-6.6-14.6 6.6 14.6 36.9-16.8zM206.1 74c-19.7-7.2-41.5-6.4-60.6 2.3L108.6 93.1c-23.3 10.6-25.4 42.8-3.6 56.3l113.5 70.5-83 42.4L85.3 240l-6.1 13.7L85.3 240c-14-6.2-30-5.4-43.3 2.2L18.2 255.7c-18.3 10.5-21.7 35.5-6.8 50.4l63.8 63.8c9 9 21.2 14.1 33.9 14.1l139.2 0c7.5 0 14.8-1.7 21.5-5.1L543.3 242.2c39.4-19.7 70.9-52.2 89.3-92.2c15.1-32.7-8.8-70-44.8-70l-61 0c-22.8 0-45.2 5.4-65.5 15.8l-81.8 41.8L206.1 74zM16 480c-8.8 0-16 7.2-16 16s7.2 16 16 16l608 0c8.8 0 16-7.2 16-16s-7.2-16-16-16L16 480z\"\/><\/svg>\n        \n        \n        \n            <\/div>\n    \n\n\n<\/div><h3 class=\"bde-heading-25-133 bde-heading\">\nGesti\u00f3n del Patrimonio de los Expatriados\n<\/h3><div class=\"bde-text-25-134 bde-text\">\nApoye una gesti\u00f3n patrimonial fluida durante los periodos de transici\u00f3n mediante nuestros servicios especializados de planificaci\u00f3n financiera.\n<\/div>\n<\/div><div class=\"autogenerated-kce-buttonarrowsmall-25-135 autogenerated-kce-buttonarrowsmall\">\n        \n            \n            \n\n    \n    \n    \n    \n    \n    <a class=\"breakdance-link\" href=\"https:\/\/premiaglobaladvisors.com\/es\/nuestros-servicios\/gestion-de-patrimonios-de-expatriados\/\" target=\"_self\" data-type=\"url\"  >\n\n<div class=\"icon-wrap\">\n<div class=\"icon breakdance-icon-atom\"><svg xmlns=\"http:\/\/www.w3.org\/2000\/svg\" viewbox=\"0 0 384 512\"><path d=\"M328 96c13.3 0 24 10.7 24 24l0 240c0 13.3-10.7 24-24 24s-24-10.7-24-24l0-182.1L73 409c-9.4 9.4-24.6 9.4-33.9 0s-9.4-24.6 0-33.9l231-231L88 144c-13.3 0-24-10.7-24-24s10.7-24 24-24l240 0z\"><\/path><\/svg><\/div>\n<\/div>\n<div class=\"label\">Seguir Leyendo<\/div>\n    <\/a>\n\n  \n    \n<\/div>\n<\/div>\n<\/div><img decoding=\"async\" class=\"bde-image2-25-160 bde-image2\" src=\"https:\/\/premiaglobaladvisors.com\/wp-content\/uploads\/background-gold.png\" loading=\"lazy\" srcset=\"https:\/\/premiaglobaladvisors.com\/wp-content\/uploads\/background-gold.png 1332w, https:\/\/premiaglobaladvisors.com\/wp-content\/uploads\/background-gold-300x126.png 300w, https:\/\/premiaglobaladvisors.com\/wp-content\/uploads\/background-gold-1024x429.png 1024w, https:\/\/premiaglobaladvisors.com\/wp-content\/uploads\/background-gold-768x322.png 768w\" sizes=\"(max-width: 1332px) 100vw, 1332px\"><\/div>\n<\/section><\/div>","protected":false},"excerpt":{"rendered":"<p>Our Services Global Financial Expertise, Personalized for You We combine global expertise with a deep understanding of your vision to turn ambition into achievement. Tailored Wealth Management Solutions We provide comprehensive wealth management solutions designed to meet the unique needs of individuals, families, and businesses around the world. Contact Us Global Wealth Management Our global [&hellip;]<\/p>","protected":false},"author":1,"featured_media":0,"parent":0,"menu_order":0,"comment_status":"closed","ping_status":"closed","template":"","meta":{"_acf_changed":false,"_breakdance_hide_in_design_set":false,"_breakdance_tags":"","footnotes":""},"class_list":["post-25","page","type-page","status-publish","hentry"],"acf":[],"yoast_head":"<!-- This site is optimized with the Yoast SEO plugin v26.1.1 - https:\/\/yoast.com\/wordpress\/plugins\/seo\/ -->\n<title>Our Services - Premia Global Advisors<\/title>\n<meta name=\"robots\" content=\"index, follow, max-snippet:-1, max-image-preview:large, max-video-preview:-1\" \/>\n<link rel=\"canonical\" href=\"https:\/\/premiaglobaladvisors.com\/es\/nuestros-servicios\/\" \/>\n<meta property=\"og:locale\" content=\"es_ES\" \/>\n<meta property=\"og:type\" content=\"article\" \/>\n<meta property=\"og:title\" content=\"Our Services - Premia Global Advisors\" \/>\n<meta property=\"og:description\" content=\"Our Services Global Financial Expertise, Personalized for You We combine global expertise with a deep understanding of your vision to turn ambition into achievement. Tailored Wealth Management Solutions We provide comprehensive wealth management solutions designed to meet the unique needs of individuals, families, and businesses around the world. Contact Us Global Wealth Management Our global [&hellip;]\" \/>\n<meta property=\"og:url\" content=\"https:\/\/premiaglobaladvisors.com\/es\/nuestros-servicios\/\" \/>\n<meta property=\"og:site_name\" content=\"Premia Global Advisors\" \/>\n<meta property=\"article:modified_time\" content=\"2025-09-15T17:37:12+00:00\" \/>\n<meta name=\"twitter:card\" content=\"summary_large_image\" \/>\n<meta name=\"twitter:label1\" content=\"Est. reading time\" \/>\n\t<meta name=\"twitter:data1\" content=\"2 minutos\" \/>\n<script type=\"application\/ld+json\" class=\"yoast-schema-graph\">{\"@context\":\"https:\/\/schema.org\",\"@graph\":[{\"@type\":\"WebPage\",\"@id\":\"https:\/\/premiaglobaladvisors.com\/our-services\/\",\"url\":\"https:\/\/premiaglobaladvisors.com\/our-services\/\",\"name\":\"Our Services - Premia Global Advisors\",\"isPartOf\":{\"@id\":\"https:\/\/premiaglobaladvisors.com\/#website\"},\"datePublished\":\"2025-06-18T18:58:20+00:00\",\"dateModified\":\"2025-09-15T17:37:12+00:00\",\"breadcrumb\":{\"@id\":\"https:\/\/premiaglobaladvisors.com\/our-services\/#breadcrumb\"},\"inLanguage\":\"es\",\"potentialAction\":[{\"@type\":\"ReadAction\",\"target\":[\"https:\/\/premiaglobaladvisors.com\/our-services\/\"]}]},{\"@type\":\"BreadcrumbList\",\"@id\":\"https:\/\/premiaglobaladvisors.com\/our-services\/#breadcrumb\",\"itemListElement\":[{\"@type\":\"ListItem\",\"position\":1,\"name\":\"Home\",\"item\":\"https:\/\/premiaglobaladvisors.com\/\"},{\"@type\":\"ListItem\",\"position\":2,\"name\":\"Our Services\"}]},{\"@type\":\"WebSite\",\"@id\":\"https:\/\/premiaglobaladvisors.com\/#website\",\"url\":\"https:\/\/premiaglobaladvisors.com\/\",\"name\":\"Premia Global Advisors\",\"description\":\"\",\"potentialAction\":[{\"@type\":\"SearchAction\",\"target\":{\"@type\":\"EntryPoint\",\"urlTemplate\":\"https:\/\/premiaglobaladvisors.com\/?s={search_term_string}\"},\"query-input\":{\"@type\":\"PropertyValueSpecification\",\"valueRequired\":true,\"valueName\":\"search_term_string\"}}],\"inLanguage\":\"es\"}]}<\/script>\n<!-- \/ Yoast SEO plugin. -->","yoast_head_json":{"title":"Nuestros servicios - Premia Global Advisors","robots":{"index":"index","follow":"follow","max-snippet":"max-snippet:-1","max-image-preview":"max-image-preview:large","max-video-preview":"max-video-preview:-1"},"canonical":"https:\/\/premiaglobaladvisors.com\/es\/nuestros-servicios\/","og_locale":"es_ES","og_type":"article","og_title":"Our Services - Premia Global Advisors","og_description":"Our Services Global Financial Expertise, Personalized for You We combine global expertise with a deep understanding of your vision to turn ambition into achievement. Tailored Wealth Management Solutions We provide comprehensive wealth management solutions designed to meet the unique needs of individuals, families, and businesses around the world. Contact Us Global Wealth Management Our global [&hellip;]","og_url":"https:\/\/premiaglobaladvisors.com\/es\/nuestros-servicios\/","og_site_name":"Premia Global Advisors","article_modified_time":"2025-09-15T17:37:12+00:00","twitter_card":"summary_large_image","twitter_misc":{"Est. reading time":"2 minutos"},"schema":{"@context":"https:\/\/schema.org","@graph":[{"@type":"WebPage","@id":"https:\/\/premiaglobaladvisors.com\/our-services\/","url":"https:\/\/premiaglobaladvisors.com\/our-services\/","name":"Nuestros servicios - Premia Global Advisors","isPartOf":{"@id":"https:\/\/premiaglobaladvisors.com\/#website"},"datePublished":"2025-06-18T18:58:20+00:00","dateModified":"2025-09-15T17:37:12+00:00","breadcrumb":{"@id":"https:\/\/premiaglobaladvisors.com\/our-services\/#breadcrumb"},"inLanguage":"es","potentialAction":[{"@type":"ReadAction","target":["https:\/\/premiaglobaladvisors.com\/our-services\/"]}]},{"@type":"BreadcrumbList","@id":"https:\/\/premiaglobaladvisors.com\/our-services\/#breadcrumb","itemListElement":[{"@type":"ListItem","position":1,"name":"Home","item":"https:\/\/premiaglobaladvisors.com\/"},{"@type":"ListItem","position":2,"name":"Our Services"}]},{"@type":"WebSite","@id":"https:\/\/premiaglobaladvisors.com\/#website","url":"https:\/\/premiaglobaladvisors.com\/","name":"Premia Global Advisors","description":"","potentialAction":[{"@type":"SearchAction","target":{"@type":"EntryPoint","urlTemplate":"https:\/\/premiaglobaladvisors.com\/?s={search_term_string}"},"query-input":{"@type":"PropertyValueSpecification","valueRequired":true,"valueName":"search_term_string"}}],"inLanguage":"es"}]}},"_links":{"self":[{"href":"https:\/\/premiaglobaladvisors.com\/es\/wp-json\/wp\/v2\/pages\/25","targetHints":{"allow":["GET"]}}],"collection":[{"href":"https:\/\/premiaglobaladvisors.com\/es\/wp-json\/wp\/v2\/pages"}],"about":[{"href":"https:\/\/premiaglobaladvisors.com\/es\/wp-json\/wp\/v2\/types\/page"}],"author":[{"embeddable":true,"href":"https:\/\/premiaglobaladvisors.com\/es\/wp-json\/wp\/v2\/users\/1"}],"replies":[{"embeddable":true,"href":"https:\/\/premiaglobaladvisors.com\/es\/wp-json\/wp\/v2\/comments?post=25"}],"version-history":[{"count":18,"href":"https:\/\/premiaglobaladvisors.com\/es\/wp-json\/wp\/v2\/pages\/25\/revisions"}],"predecessor-version":[{"id":5344,"href":"https:\/\/premiaglobaladvisors.com\/es\/wp-json\/wp\/v2\/pages\/25\/revisions\/5344"}],"wp:attachment":[{"href":"https:\/\/premiaglobaladvisors.com\/es\/wp-json\/wp\/v2\/media?parent=25"}],"curies":[{"name":"wp","href":"https:\/\/api.w.org\/{rel}","templated":true}]}}