{"id":28,"date":"2025-06-18T13:59:22","date_gmt":"2025-06-18T18:59:22","guid":{"rendered":"https:\/\/premiaglobaladvisors.com\/our-services\/global\/"},"modified":"2025-08-27T13:02:24","modified_gmt":"2025-08-27T18:02:24","slug":"formula-global-360","status":"publish","type":"page","link":"https:\/\/premiaglobaladvisors.com\/es\/nuestros-servicios\/formula-global-360\/","title":{"rendered":"Global 360 F.O.R.M.ula"},"content":{"rendered":"<div class='breakdance'><section class=\"bde-section-28-100 bde-section block-media-cta\">\n  \n  \n\t\n\n\n\n<div class=\"section-container\"><div class=\"bde-div-28-101 bde-div\">\n  \n  \n\t\n\n\n\n<div class=\"bde-div-28-102 bde-div\">\n  \n  \n\t\n\n\n\n<div class=\"bde-text-28-103 bde-text\">\nNuestros Servicios\n<\/div><h1 class=\"bde-heading-28-104 bde-heading\">\nNuestro Enfoque\n<\/h1><div class=\"bde-text-28-105 bde-text\">\nGlobal 360 F.O.R.M.ula es nuestro proceso patentado que integra la gesti\u00f3n del patrimonio, la deuda, la liquidez, los movimientos de tesorer\u00eda y la planificaci\u00f3n financiera, con el fin de elaborar estrategias personalizadas para cada cliente. <br><br>Este enfoque nos permite comprender en profundidad sus objetivos y prioridades personales. A partir de ello, dise\u00f1amos un programa personalizado adaptado a esas necesidades y comenzamos a implementarlo de manera estructurada.<br>\n<\/div><div class=\"autogenerated-kce-buttonarrow-28-106 autogenerated-kce-buttonarrow\">\n        \n            \n            \n\n    \n    \n    \n    \n    \n    <a class=\"breakdance-link\" href=\"https:\/\/premiaglobaladvisors.com\/es\/acerca-de-nosotros\/\" target=\"_self\" data-type=\"url\"  >\n\n<div class=\"icon-wrap\">\n<div class=\"icon breakdance-icon-atom\"><svg xmlns=\"http:\/\/www.w3.org\/2000\/svg\" viewbox=\"0 0 384 512\"><path d=\"M328 96c13.3 0 24 10.7 24 24l0 240c0 13.3-10.7 24-24 24s-24-10.7-24-24l0-182.1L73 409c-9.4 9.4-24.6 9.4-33.9 0s-9.4-24.6 0-33.9l231-231L88 144c-13.3 0-24-10.7-24-24s10.7-24 24-24l240 0z\"><\/path><\/svg><\/div>\n<\/div>\n<div class=\"label\">Qui\u00e9nes Somos<\/div>\n    <\/a>\n\n  \n    \n<\/div>\n<\/div><div class=\"bde-div-28-107 bde-div\">\n  \n  \n\t\n\n\n\n<img decoding=\"async\" class=\"bde-image2-28-108 bde-image2\" src=\"https:\/\/premiaglobaladvisors.com\/wp-content\/uploads\/AdobeStock_603529182-1024x683.jpeg\" loading=\"lazy\" srcset=\"https:\/\/premiaglobaladvisors.com\/wp-content\/uploads\/AdobeStock_603529182-scaled.jpeg 2560w, https:\/\/premiaglobaladvisors.com\/wp-content\/uploads\/AdobeStock_603529182-300x200.jpeg 300w, https:\/\/premiaglobaladvisors.com\/wp-content\/uploads\/AdobeStock_603529182-1024x683.jpeg 1024w, https:\/\/premiaglobaladvisors.com\/wp-content\/uploads\/AdobeStock_603529182-768x512.jpeg 768w, https:\/\/premiaglobaladvisors.com\/wp-content\/uploads\/AdobeStock_603529182-1536x1024.jpeg 1536w, https:\/\/premiaglobaladvisors.com\/wp-content\/uploads\/AdobeStock_603529182-2048x1365.jpeg 2048w\" sizes=\"(max-width: 2560px) 100vw, 2560px\">\n<\/div>\n<\/div><\/div>\n<\/section><section class=\"bde-section-28-115 bde-section\">\n  \n  \n\t\n\n\n\n<div class=\"section-container\"><div class=\"bde-div-28-116 bde-div\">\n  \n  \n\t\n\n\n\n<div class=\"bde-div-28-117 bde-div\">\n  \n  \n\t\n\n\n\n<div class=\"bde-div-28-141 bde-div\">\n  \n  \n\t\n\n\n\n<h2 class=\"bde-heading-28-118 bde-heading\">\nGlobal 360 F.O.R.M.ula\n<\/h2><div class=\"bde-text-28-140 bde-text\">\nNuestros clientes son familias con alto patrimonio, directivos, empresarios y profesionales que buscan preservar su legado, desarrollar estrategias de ingresos orientadas a una jubilaci\u00f3n confortable o alcanzar un estilo de vida con mayor flexibilidad laboral. A continuaci\u00f3n, presentamos el proceso \u00fanico que seguimos para acompa\u00f1ar a cada uno de nuestros clientes. \n<\/div>\n<\/div>\n<\/div><div class=\"bde-div-28-119 bde-div\">\n  \n  \n\t\n\n\n\n<div class=\"bde-div-28-120 bde-div\">\n  \n  \n\t\n\n\n\n<div class=\"bde-div-28-121 bde-div\">\n  \n  \n\t\n\n\n\n<img decoding=\"async\" class=\"bde-image2-28-122 bde-image2\" src=\"https:\/\/premiaglobaladvisors.com\/wp-content\/uploads\/AdobeStock_1280730743-1024x540.jpeg\" loading=\"lazy\" srcset=\"https:\/\/premiaglobaladvisors.com\/wp-content\/uploads\/AdobeStock_1280730743-scaled.jpeg 2560w, https:\/\/premiaglobaladvisors.com\/wp-content\/uploads\/AdobeStock_1280730743-300x158.jpeg 300w, https:\/\/premiaglobaladvisors.com\/wp-content\/uploads\/AdobeStock_1280730743-1024x540.jpeg 1024w, https:\/\/premiaglobaladvisors.com\/wp-content\/uploads\/AdobeStock_1280730743-768x405.jpeg 768w, https:\/\/premiaglobaladvisors.com\/wp-content\/uploads\/AdobeStock_1280730743-1536x810.jpeg 1536w, https:\/\/premiaglobaladvisors.com\/wp-content\/uploads\/AdobeStock_1280730743-2048x1080.jpeg 2048w\" sizes=\"(max-width: 2560px) 100vw, 2560px\">\n<\/div><h4 class=\"bde-heading-28-123 bde-heading\">\nDescubrimiento\n<\/h4><div class=\"bde-text-28-124 bde-text\">\nIniciamos nuestra relaci\u00f3n con una fase de descubrimiento en profundidad, durante la cual discutimos los detalles de su panorama financiero, objetivos, valores y tolerancia al riesgo. <br><br>Se lo preguntaremos: <br><br>\n<\/div><div class=\"bde-icon-list-28-146 bde-icon-list\">\n<ul>\n  \n              \n    <li>\n              <div class='bde-icon-list__item-wrapper'>\n      \n      <span class='bde-icon-list__icon'>\n        <svg xmlns=\"http:\/\/www.w3.org\/2000\/svg\" viewbox=\"0 0 512 512\"><!--! Font Awesome Free 6.5.1 by @fontawesome - https:\/\/fontawesome.com License - https:\/\/fontawesome.com\/license\/free (Icons: CC BY 4.0, Fonts: SIL OFL 1.1, Code: MIT License) Copyright 2023 Fonticons, Inc. --><path d=\"M256 512A256 256 0 1 0 256 0a256 256 0 1 0 0 512z\"\/><\/svg>\n      <\/span>\n      <span class='bde-icon-list__text' >\n      \u00bfQu\u00e9 quiere conseguir?\n      <\/span>\n              <\/div>\n      \n    <\/li>\n\n  \n              \n    <li>\n              <div class='bde-icon-list__item-wrapper'>\n      \n      <span class='bde-icon-list__icon'>\n        <svg xmlns=\"http:\/\/www.w3.org\/2000\/svg\" viewbox=\"0 0 512 512\"><!--! Font Awesome Free 6.5.1 by @fontawesome - https:\/\/fontawesome.com License - https:\/\/fontawesome.com\/license\/free (Icons: CC BY 4.0, Fonts: SIL OFL 1.1, Code: MIT License) Copyright 2023 Fonticons, Inc. --><path d=\"M256 512A256 256 0 1 0 256 0a256 256 0 1 0 0 512z\"\/><\/svg>\n      <\/span>\n      <span class='bde-icon-list__text' >\n      \u00bfQu\u00e9 es importante para usted?\n      <\/span>\n              <\/div>\n      \n    <\/li>\n\n  <\/ul>\n\n<\/div>\n<\/div><div class=\"bde-div-28-125 bde-div\">\n  \n  \n\t\n\n\n\n<div class=\"bde-div-28-126 bde-div\">\n  \n  \n\t\n\n\n\n<img decoding=\"async\" class=\"bde-image2-28-127 bde-image2\" src=\"https:\/\/premiaglobaladvisors.com\/wp-content\/uploads\/AdobeStock_301576664-1024x528.jpeg\" loading=\"lazy\" srcset=\"https:\/\/premiaglobaladvisors.com\/wp-content\/uploads\/AdobeStock_301576664-scaled.jpeg 2560w, https:\/\/premiaglobaladvisors.com\/wp-content\/uploads\/AdobeStock_301576664-300x155.jpeg 300w, https:\/\/premiaglobaladvisors.com\/wp-content\/uploads\/AdobeStock_301576664-1024x528.jpeg 1024w, https:\/\/premiaglobaladvisors.com\/wp-content\/uploads\/AdobeStock_301576664-768x396.jpeg 768w, https:\/\/premiaglobaladvisors.com\/wp-content\/uploads\/AdobeStock_301576664-1536x791.jpeg 1536w, https:\/\/premiaglobaladvisors.com\/wp-content\/uploads\/AdobeStock_301576664-2048x1055.jpeg 2048w\" sizes=\"(max-width: 2560px) 100vw, 2560px\">\n<\/div><h4 class=\"bde-heading-28-128 bde-heading\">\nDise\u00f1o\n<\/h4><div class=\"bde-text-28-129 bde-text\">\nCon un profundo conocimiento de sus aspiraciones, pasamos a la fase de dise\u00f1o, en la que elaboramos meticulosamente un plan financiero personalizado adaptado a sus necesidades.<br><br>En esta fase, respondemos:<br><br>\n<\/div><div class=\"bde-icon-list-28-147 bde-icon-list\">\n<ul>\n  \n              \n    <li>\n              <div class='bde-icon-list__item-wrapper'>\n      \n      <span class='bde-icon-list__icon'>\n        <svg xmlns=\"http:\/\/www.w3.org\/2000\/svg\" viewbox=\"0 0 512 512\"><!--! Font Awesome Free 6.5.1 by @fontawesome - https:\/\/fontawesome.com License - https:\/\/fontawesome.com\/license\/free (Icons: CC BY 4.0, Fonts: SIL OFL 1.1, Code: MIT License) Copyright 2023 Fonticons, Inc. --><path d=\"M256 512A256 256 0 1 0 256 0a256 256 0 1 0 0 512z\"\/><\/svg>\n      <\/span>\n      <span class='bde-icon-list__text' >\n      \u00bfC\u00f3mo le llevaremos hasta all\u00ed?\n      <\/span>\n              <\/div>\n      \n    <\/li>\n\n  \n              \n    <li>\n              <div class='bde-icon-list__item-wrapper'>\n      \n      <span class='bde-icon-list__icon'>\n        <svg xmlns=\"http:\/\/www.w3.org\/2000\/svg\" viewbox=\"0 0 512 512\"><!--! Font Awesome Free 6.5.1 by @fontawesome - https:\/\/fontawesome.com License - https:\/\/fontawesome.com\/license\/free (Icons: CC BY 4.0, Fonts: SIL OFL 1.1, Code: MIT License) Copyright 2023 Fonticons, Inc. --><path d=\"M256 512A256 256 0 1 0 256 0a256 256 0 1 0 0 512z\"\/><\/svg>\n      <\/span>\n      <span class='bde-icon-list__text' >\n      \u00bfQu\u00e9 servicios le convienen m\u00e1s?\n      <\/span>\n              <\/div>\n      \n    <\/li>\n\n  <\/ul>\n\n<\/div>\n<\/div><div class=\"bde-div-28-130 bde-div\">\n  \n  \n\t\n\n\n\n<div class=\"bde-div-28-131 bde-div\">\n  \n  \n\t\n\n\n\n<img decoding=\"async\" class=\"bde-image2-28-132 bde-image2\" src=\"https:\/\/premiaglobaladvisors.com\/wp-content\/uploads\/AdobeStock_345656874-1024x683.jpeg\" loading=\"lazy\" srcset=\"https:\/\/premiaglobaladvisors.com\/wp-content\/uploads\/AdobeStock_345656874-scaled.jpeg 2560w, https:\/\/premiaglobaladvisors.com\/wp-content\/uploads\/AdobeStock_345656874-300x200.jpeg 300w, https:\/\/premiaglobaladvisors.com\/wp-content\/uploads\/AdobeStock_345656874-1024x683.jpeg 1024w, https:\/\/premiaglobaladvisors.com\/wp-content\/uploads\/AdobeStock_345656874-768x512.jpeg 768w, https:\/\/premiaglobaladvisors.com\/wp-content\/uploads\/AdobeStock_345656874-1536x1024.jpeg 1536w, https:\/\/premiaglobaladvisors.com\/wp-content\/uploads\/AdobeStock_345656874-2048x1365.jpeg 2048w\" sizes=\"(max-width: 2560px) 100vw, 2560px\">\n<\/div><h4 class=\"bde-heading-28-133 bde-heading\">\nDespliegue\n<\/h4><div class=\"bde-text-28-134 bde-text\">\nPor \u00faltimo, en la fase de implementaci\u00f3n, ponemos en marcha su plan personalizado, estableciendo las bases para un legado financiero estructurado y una relaci\u00f3n duradera. <br><br>En esta fase, nos centramos en:<br><br>\n<\/div><div class=\"bde-icon-list-28-143 bde-icon-list\">\n<ul>\n  \n              \n    <li>\n              <div class='bde-icon-list__item-wrapper'>\n      \n      <span class='bde-icon-list__icon'>\n        <svg xmlns=\"http:\/\/www.w3.org\/2000\/svg\" viewbox=\"0 0 512 512\"><!--! Font Awesome Free 6.5.1 by @fontawesome - https:\/\/fontawesome.com License - https:\/\/fontawesome.com\/license\/free (Icons: CC BY 4.0, Fonts: SIL OFL 1.1, Code: MIT License) Copyright 2023 Fonticons, Inc. --><path d=\"M256 512A256 256 0 1 0 256 0a256 256 0 1 0 0 512z\"\/><\/svg>\n      <\/span>\n      <span class='bde-icon-list__text' >\n      Planificaci\u00f3n financiera y patrimonial\n      <\/span>\n              <\/div>\n      \n    <\/li>\n\n  \n              \n    <li>\n              <div class='bde-icon-list__item-wrapper'>\n      \n      <span class='bde-icon-list__icon'>\n        <svg xmlns=\"http:\/\/www.w3.org\/2000\/svg\" viewbox=\"0 0 512 512\"><!--! Font Awesome Free 6.5.1 by @fontawesome - https:\/\/fontawesome.com License - https:\/\/fontawesome.com\/license\/free (Icons: CC BY 4.0, Fonts: SIL OFL 1.1, Code: MIT License) Copyright 2023 Fonticons, Inc. --><path d=\"M256 512A256 256 0 1 0 256 0a256 256 0 1 0 0 512z\"\/><\/svg>\n      <\/span>\n      <span class='bde-icon-list__text' >\n      Evaluaci\u00f3n de productos, riesgos y adecuaci\u00f3n\n      <\/span>\n              <\/div>\n      \n    <\/li>\n\n  \n              \n    <li>\n              <div class='bde-icon-list__item-wrapper'>\n      \n      <span class='bde-icon-list__icon'>\n        <svg xmlns=\"http:\/\/www.w3.org\/2000\/svg\" viewbox=\"0 0 512 512\"><!--! Font Awesome Free 6.5.1 by @fontawesome - https:\/\/fontawesome.com License - https:\/\/fontawesome.com\/license\/free (Icons: CC BY 4.0, Fonts: SIL OFL 1.1, Code: MIT License) Copyright 2023 Fonticons, Inc. --><path d=\"M256 512A256 256 0 1 0 256 0a256 256 0 1 0 0 512z\"\/><\/svg>\n      <\/span>\n      <span class='bde-icon-list__text' >\n      Servicio continuo y permanente\n      <\/span>\n              <\/div>\n      \n    <\/li>\n\n  \n              \n    <li>\n              <div class='bde-icon-list__item-wrapper'>\n      \n      <span class='bde-icon-list__icon'>\n        <svg xmlns=\"http:\/\/www.w3.org\/2000\/svg\" viewbox=\"0 0 512 512\"><!--! Font Awesome Free 6.5.1 by @fontawesome - https:\/\/fontawesome.com License - https:\/\/fontawesome.com\/license\/free (Icons: CC BY 4.0, Fonts: SIL OFL 1.1, Code: MIT License) Copyright 2023 Fonticons, Inc. --><path d=\"M256 512A256 256 0 1 0 256 0a256 256 0 1 0 0 512z\"\/><\/svg>\n      <\/span>\n      <span class='bde-icon-list__text' >\n      Construir una relaci\u00f3n duradera\n      <\/span>\n              <\/div>\n      \n    <\/li>\n\n  <\/ul>\n\n<\/div>\n<\/div>\n<\/div>\n<\/div><\/div>\n<\/section><section class=\"bde-section-28-149 bde-section block-media-cta\">\n  \n  \n\t\n\n\n\n<div class=\"section-container\"><div class=\"bde-div-28-150 bde-div\">\n  \n  \n\t\n\n\n\n<div class=\"bde-div-28-151 bde-div\">\n  \n  \n\t\n\n\n\n<img decoding=\"async\" class=\"bde-image2-28-152 bde-image2\" src=\"https:\/\/premiaglobaladvisors.com\/wp-content\/uploads\/AdobeStock_321766979-1024x683.jpeg\" loading=\"lazy\" srcset=\"https:\/\/premiaglobaladvisors.com\/wp-content\/uploads\/AdobeStock_321766979-scaled.jpeg 2560w, https:\/\/premiaglobaladvisors.com\/wp-content\/uploads\/AdobeStock_321766979-300x200.jpeg 300w, https:\/\/premiaglobaladvisors.com\/wp-content\/uploads\/AdobeStock_321766979-1024x683.jpeg 1024w, https:\/\/premiaglobaladvisors.com\/wp-content\/uploads\/AdobeStock_321766979-768x512.jpeg 768w, https:\/\/premiaglobaladvisors.com\/wp-content\/uploads\/AdobeStock_321766979-1536x1024.jpeg 1536w, https:\/\/premiaglobaladvisors.com\/wp-content\/uploads\/AdobeStock_321766979-2048x1365.jpeg 2048w\" sizes=\"(max-width: 2560px) 100vw, 2560px\">\n<\/div><div class=\"bde-div-28-153 bde-div\">\n  \n  \n\t\n\n\n\n<h2 class=\"bde-heading-28-154 bde-heading\">\nSoluciones para Particulares y Familias\n<\/h2><div class=\"bde-rich-text-28-155 bde-rich-text breakdance-rich-text-styles\">\n<p><span style=\"font-weight: 400;\">Las personas con alto patrimonio y sus familias conf\u00edan en Premia Global Advisors como un socio de referencia para la gesti\u00f3n de su patrimonio y la planificaci\u00f3n de su legado.<\/span><\/p><p><span style=\"font-weight: 400;\">Como cliente, se beneficiar\u00e1 de una revisi\u00f3n integral y sistem\u00e1tica de su situaci\u00f3n financiera actual. A partir de ella, elaboramos un plan financiero y una cartera de inversi\u00f3n personalizados, dise\u00f1ados para equilibrar sus objetivos y su tolerancia al riesgo. Posteriormente, realizamos revisiones peri\u00f3dicas del rendimiento de sus inversiones, ajustando la cartera de manera continua seg\u00fan sea necesario.<\/span><\/p>\n<\/div><div class=\"autogenerated-kce-buttonarrow-28-156 autogenerated-kce-buttonarrow\">\n        \n            \n            \n\n    \n    \n    \n    \n    \n    <a class=\"breakdance-link\" href=\"https:\/\/premiaglobaladvisors.com\/es\/contacto\/\" target=\"_self\" data-type=\"url\"  >\n\n<div class=\"icon-wrap\">\n<div class=\"icon breakdance-icon-atom\"><svg xmlns=\"http:\/\/www.w3.org\/2000\/svg\" viewbox=\"0 0 384 512\"><path d=\"M328 96c13.3 0 24 10.7 24 24l0 240c0 13.3-10.7 24-24 24s-24-10.7-24-24l0-182.1L73 409c-9.4 9.4-24.6 9.4-33.9 0s-9.4-24.6 0-33.9l231-231L88 144c-13.3 0-24-10.7-24-24s10.7-24 24-24l240 0z\"><\/path><\/svg><\/div>\n<\/div>\n<div class=\"label\">CONT\u00c1CTENOS<\/div>\n    <\/a>\n\n  \n    \n<\/div>\n<\/div>\n<\/div><\/div>\n<\/section><section class=\"bde-section-28-157 bde-section block-media-cta\">\n  \n  \n\t\n\n\n\n<div class=\"section-container\"><div class=\"bde-div-28-158 bde-div\">\n  \n  \n\t\n\n\n\n<div class=\"bde-div-28-159 bde-div\">\n  \n  \n\t\n\n\n\n<h1 class=\"bde-heading-28-161 bde-heading\">\nSoluciones para Clientes Institucionales\n<\/h1><div class=\"bde-text-28-162 bde-text\">\nLos inversores institucionales colaboran con Premia para afrontar los retos que plantea la inversi\u00f3n y la financiaci\u00f3n transfronterizas.<br><br>Como cliente institucional, contar\u00e1 con el apoyo de nuestro equipo para definir sus objetivos financieros y trazar un plan de acci\u00f3n orientado a resultados tanto a corto como a largo plazo. Apoyamos proyectos de distintos tama\u00f1os, desde la creaci\u00f3n de un plan de pensiones corporativo hasta el an\u00e1lisis de oportunidades de inversi\u00f3n especializadas que requieren confidencialidad. <br><br>\n<\/div><div class=\"bde-icon-list-28-163 bde-icon-list\">\n<ul>\n  <\/ul>\n\n<\/div><div class=\"autogenerated-kce-buttonarrow-28-164 autogenerated-kce-buttonarrow\">\n        \n            \n            \n\n    \n    \n    \n    \n    \n    <a class=\"breakdance-link\" href=\"https:\/\/premiaglobaladvisors.com\/es\/nuestros-servicios\/\" target=\"_self\" data-type=\"url\"  >\n\n<div class=\"icon-wrap\">\n<div class=\"icon breakdance-icon-atom\"><svg xmlns=\"http:\/\/www.w3.org\/2000\/svg\" viewbox=\"0 0 384 512\"><path d=\"M328 96c13.3 0 24 10.7 24 24l0 240c0 13.3-10.7 24-24 24s-24-10.7-24-24l0-182.1L73 409c-9.4 9.4-24.6 9.4-33.9 0s-9.4-24.6 0-33.9l231-231L88 144c-13.3 0-24-10.7-24-24s10.7-24 24-24l240 0z\"><\/path><\/svg><\/div>\n<\/div>\n<div class=\"label\">Volver a Servicios<\/div>\n    <\/a>\n\n  \n    \n<\/div>\n<\/div><div class=\"bde-div-28-165 bde-div\">\n  \n  \n\t\n\n\n\n<img decoding=\"async\" class=\"bde-image2-28-166 bde-image2\" src=\"https:\/\/premiaglobaladvisors.com\/wp-content\/uploads\/AdobeStock_293166935-1024x683.jpeg\" loading=\"lazy\" srcset=\"https:\/\/premiaglobaladvisors.com\/wp-content\/uploads\/AdobeStock_293166935-scaled.jpeg 2560w, https:\/\/premiaglobaladvisors.com\/wp-content\/uploads\/AdobeStock_293166935-300x200.jpeg 300w, https:\/\/premiaglobaladvisors.com\/wp-content\/uploads\/AdobeStock_293166935-1024x683.jpeg 1024w, https:\/\/premiaglobaladvisors.com\/wp-content\/uploads\/AdobeStock_293166935-768x512.jpeg 768w, https:\/\/premiaglobaladvisors.com\/wp-content\/uploads\/AdobeStock_293166935-1536x1024.jpeg 1536w, https:\/\/premiaglobaladvisors.com\/wp-content\/uploads\/AdobeStock_293166935-2048x1365.jpeg 2048w\" sizes=\"(max-width: 2560px) 100vw, 2560px\">\n<\/div>\n<\/div><\/div>\n<\/section><\/div>","protected":false},"excerpt":{"rendered":"<p>Our Services Our Approach Global 360 F.O.R.M.ula is our proprietary process that integrates wealth, debt, liquidity, cash flow, and estate management, together with financial planning to customize our clients\u2019 plans. This approach enables us to understand your individual goals and desires. We then design a customized program tailored to those needs and get to work. [&hellip;]<\/p>","protected":false},"author":1,"featured_media":0,"parent":25,"menu_order":0,"comment_status":"closed","ping_status":"closed","template":"","meta":{"_acf_changed":false,"_breakdance_hide_in_design_set":false,"_breakdance_tags":"","footnotes":""},"class_list":["post-28","page","type-page","status-publish","hentry"],"acf":[],"yoast_head":"<!-- This site is optimized with the Yoast SEO plugin v26.1.1 - https:\/\/yoast.com\/wordpress\/plugins\/seo\/ -->\n<title>Global 360 F.O.R.M.ula - Premia Global Advisors<\/title>\n<meta name=\"robots\" content=\"index, follow, max-snippet:-1, max-image-preview:large, max-video-preview:-1\" \/>\n<link rel=\"canonical\" href=\"https:\/\/premiaglobaladvisors.com\/es\/nuestros-servicios\/formula-global-360\/\" \/>\n<meta property=\"og:locale\" content=\"es_ES\" \/>\n<meta property=\"og:type\" content=\"article\" \/>\n<meta property=\"og:title\" content=\"Global 360 F.O.R.M.ula - Premia Global Advisors\" \/>\n<meta property=\"og:description\" content=\"Our Services Our Approach Global 360 F.O.R.M.ula is our proprietary process that integrates wealth, debt, liquidity, cash flow, and estate management, together with financial planning to customize our clients\u2019 plans. This approach enables us to understand your individual goals and desires. We then design a customized program tailored to those needs and get to work. [&hellip;]\" \/>\n<meta property=\"og:url\" content=\"https:\/\/premiaglobaladvisors.com\/es\/nuestros-servicios\/formula-global-360\/\" \/>\n<meta property=\"og:site_name\" content=\"Premia Global Advisors\" \/>\n<meta property=\"article:modified_time\" content=\"2025-08-27T18:02:24+00:00\" \/>\n<meta name=\"twitter:card\" content=\"summary_large_image\" \/>\n<meta name=\"twitter:label1\" content=\"Est. reading time\" \/>\n\t<meta name=\"twitter:data1\" content=\"3 minutos\" \/>\n<script type=\"application\/ld+json\" class=\"yoast-schema-graph\">{\"@context\":\"https:\/\/schema.org\",\"@graph\":[{\"@type\":\"WebPage\",\"@id\":\"https:\/\/premiaglobaladvisors.com\/our-services\/global-360-formula\/\",\"url\":\"https:\/\/premiaglobaladvisors.com\/our-services\/global-360-formula\/\",\"name\":\"Global 360 F.O.R.M.ula - Premia Global Advisors\",\"isPartOf\":{\"@id\":\"https:\/\/premiaglobaladvisors.com\/#website\"},\"datePublished\":\"2025-06-18T18:59:22+00:00\",\"dateModified\":\"2025-08-27T18:02:24+00:00\",\"breadcrumb\":{\"@id\":\"https:\/\/premiaglobaladvisors.com\/our-services\/global-360-formula\/#breadcrumb\"},\"inLanguage\":\"es\",\"potentialAction\":[{\"@type\":\"ReadAction\",\"target\":[\"https:\/\/premiaglobaladvisors.com\/our-services\/global-360-formula\/\"]}]},{\"@type\":\"BreadcrumbList\",\"@id\":\"https:\/\/premiaglobaladvisors.com\/our-services\/global-360-formula\/#breadcrumb\",\"itemListElement\":[{\"@type\":\"ListItem\",\"position\":1,\"name\":\"Home\",\"item\":\"https:\/\/premiaglobaladvisors.com\/\"},{\"@type\":\"ListItem\",\"position\":2,\"name\":\"Our Services\",\"item\":\"https:\/\/premiaglobaladvisors.com\/our-services\/\"},{\"@type\":\"ListItem\",\"position\":3,\"name\":\"Global 360 F.O.R.M.ula\"}]},{\"@type\":\"WebSite\",\"@id\":\"https:\/\/premiaglobaladvisors.com\/#website\",\"url\":\"https:\/\/premiaglobaladvisors.com\/\",\"name\":\"Premia Global Advisors\",\"description\":\"\",\"potentialAction\":[{\"@type\":\"SearchAction\",\"target\":{\"@type\":\"EntryPoint\",\"urlTemplate\":\"https:\/\/premiaglobaladvisors.com\/?s={search_term_string}\"},\"query-input\":{\"@type\":\"PropertyValueSpecification\",\"valueRequired\":true,\"valueName\":\"search_term_string\"}}],\"inLanguage\":\"es\"}]}<\/script>\n<!-- \/ Yoast SEO plugin. -->","yoast_head_json":{"title":"Global 360 F.O.R.M.ula - Premia Global Advisors","robots":{"index":"index","follow":"follow","max-snippet":"max-snippet:-1","max-image-preview":"max-image-preview:large","max-video-preview":"max-video-preview:-1"},"canonical":"https:\/\/premiaglobaladvisors.com\/es\/nuestros-servicios\/formula-global-360\/","og_locale":"es_ES","og_type":"article","og_title":"Global 360 F.O.R.M.ula - Premia Global Advisors","og_description":"Our Services Our Approach Global 360 F.O.R.M.ula is our proprietary process that integrates wealth, debt, liquidity, cash flow, and estate management, together with financial planning to customize our clients\u2019 plans. This approach enables us to understand your individual goals and desires. We then design a customized program tailored to those needs and get to work. [&hellip;]","og_url":"https:\/\/premiaglobaladvisors.com\/es\/nuestros-servicios\/formula-global-360\/","og_site_name":"Premia Global Advisors","article_modified_time":"2025-08-27T18:02:24+00:00","twitter_card":"summary_large_image","twitter_misc":{"Est. reading time":"3 minutos"},"schema":{"@context":"https:\/\/schema.org","@graph":[{"@type":"WebPage","@id":"https:\/\/premiaglobaladvisors.com\/our-services\/global-360-formula\/","url":"https:\/\/premiaglobaladvisors.com\/our-services\/global-360-formula\/","name":"Global 360 F.O.R.M.ula - Premia Global Advisors","isPartOf":{"@id":"https:\/\/premiaglobaladvisors.com\/#website"},"datePublished":"2025-06-18T18:59:22+00:00","dateModified":"2025-08-27T18:02:24+00:00","breadcrumb":{"@id":"https:\/\/premiaglobaladvisors.com\/our-services\/global-360-formula\/#breadcrumb"},"inLanguage":"es","potentialAction":[{"@type":"ReadAction","target":["https:\/\/premiaglobaladvisors.com\/our-services\/global-360-formula\/"]}]},{"@type":"BreadcrumbList","@id":"https:\/\/premiaglobaladvisors.com\/our-services\/global-360-formula\/#breadcrumb","itemListElement":[{"@type":"ListItem","position":1,"name":"Home","item":"https:\/\/premiaglobaladvisors.com\/"},{"@type":"ListItem","position":2,"name":"Our Services","item":"https:\/\/premiaglobaladvisors.com\/our-services\/"},{"@type":"ListItem","position":3,"name":"Global 360 F.O.R.M.ula"}]},{"@type":"WebSite","@id":"https:\/\/premiaglobaladvisors.com\/#website","url":"https:\/\/premiaglobaladvisors.com\/","name":"Premia Global Advisors","description":"","potentialAction":[{"@type":"SearchAction","target":{"@type":"EntryPoint","urlTemplate":"https:\/\/premiaglobaladvisors.com\/?s={search_term_string}"},"query-input":{"@type":"PropertyValueSpecification","valueRequired":true,"valueName":"search_term_string"}}],"inLanguage":"es"}]}},"_links":{"self":[{"href":"https:\/\/premiaglobaladvisors.com\/es\/wp-json\/wp\/v2\/pages\/28","targetHints":{"allow":["GET"]}}],"collection":[{"href":"https:\/\/premiaglobaladvisors.com\/es\/wp-json\/wp\/v2\/pages"}],"about":[{"href":"https:\/\/premiaglobaladvisors.com\/es\/wp-json\/wp\/v2\/types\/page"}],"author":[{"embeddable":true,"href":"https:\/\/premiaglobaladvisors.com\/es\/wp-json\/wp\/v2\/users\/1"}],"replies":[{"embeddable":true,"href":"https:\/\/premiaglobaladvisors.com\/es\/wp-json\/wp\/v2\/comments?post=28"}],"version-history":[{"count":10,"href":"https:\/\/premiaglobaladvisors.com\/es\/wp-json\/wp\/v2\/pages\/28\/revisions"}],"predecessor-version":[{"id":5333,"href":"https:\/\/premiaglobaladvisors.com\/es\/wp-json\/wp\/v2\/pages\/28\/revisions\/5333"}],"up":[{"embeddable":true,"href":"https:\/\/premiaglobaladvisors.com\/es\/wp-json\/wp\/v2\/pages\/25"}],"wp:attachment":[{"href":"https:\/\/premiaglobaladvisors.com\/es\/wp-json\/wp\/v2\/media?parent=28"}],"curies":[{"name":"wp","href":"https:\/\/api.w.org\/{rel}","templated":true}]}}