{"id":3,"date":"2025-05-30T21:15:45","date_gmt":"2025-05-30T21:15:45","guid":{"rendered":"https:\/\/premiaglobaladvisors.com\/?page_id=3"},"modified":"2025-07-21T14:44:16","modified_gmt":"2025-07-21T19:44:16","slug":"politica-de-privacidad","status":"publish","type":"page","link":"https:\/\/premiaglobaladvisors.com\/es\/politica-de-privacidad\/","title":{"rendered":"Pol\u00edtica de Privacidad"},"content":{"rendered":"<h2 class=\"wp-block-heading\">Pol\u00edtica de Privacidad<\/h2>\n\n\n\n<p>Premia se compromete a salvaguardar el uso de la informaci\u00f3n personal de nuestros clientes.  Premia se compromete a proteger la seguridad y confidencialidad de la informaci\u00f3n personal que obtenemos de nuestros clientes.  Hemos implementado pol\u00edticas y controles para garantizar que dicha informaci\u00f3n se utiliza para fines comerciales adecuados en relaci\u00f3n con la gesti\u00f3n o el servicio de nuestra relaci\u00f3n con nuestros clientes.&nbsp;<\/p>\n\n\n\n<p>Premia no vende su informaci\u00f3n personal no p\u00fablica a nadie. No proporcionamos la informaci\u00f3n de nuestros clientes a terceros, excepto para fines comerciales discretos y razonables en relaci\u00f3n con el servicio y la gesti\u00f3n de las cuentas de nuestros clientes, como se explica a continuaci\u00f3n.<\/p>\n\n\n\n<p>Las leyes federales y estatales exigen que Premia revele c\u00f3mo recopilamos, compartimos y protegemos su informaci\u00f3n personal y le dan derecho a limitar parte de la informaci\u00f3n compartida.&nbsp;<\/p>\n\n\n\n<p>A continuaci\u00f3n se detalla nuestro enfoque de la privacidad y c\u00f3mo se recopila y utiliza la informaci\u00f3n personal no p\u00fablica de nuestros clientes.<\/p>\n\n\n\n<p>Informaci\u00f3n que recabamos de usted<\/p>\n\n\n\n<figure class=\"wp-block-table\"><table class=\"has-fixed-layout\"><tbody><tr><td>Documento de identidad expedido por el gobierno, como el carn\u00e9 de conducir o el n\u00famero de pasaporte.<\/td><td>Fecha de nacimiento<\/td><\/tr><tr><td>N\u00famero de seguridad social o de identificaci\u00f3n fiscal<\/td><td>Activo y pasivo<\/td><\/tr><tr><td>Nombre, direcci\u00f3n y n\u00famero(s) de tel\u00e9fono<\/td><td>Ingresos y gastos<\/td><\/tr><tr><td>Direcci\u00f3n(es) de correo electr\u00f3nico<\/td><td>Actividad inversora<\/td><\/tr><tr><td>Informaci\u00f3n sobre la cuenta (incluidas otras instituciones)<\/td><td>Experiencia y objetivos de inversi\u00f3n<\/td><\/tr><\/tbody><\/table><\/figure>\n\n\n\n<p>Informaci\u00f3n que recopilamos de otras fuentes<\/p>\n\n\n\n<figure class=\"wp-block-table\"><table class=\"has-fixed-layout\"><tbody><tr><td>Acuerdos de custodia, corretaje y asesoramiento<\/td><td>Solicitudes y formularios de cuentas<\/td><\/tr><tr><td>Otros acuerdos de asesoramiento y documentos jur\u00eddicos<\/td><td>Cuestionarios de inversi\u00f3n y documentos de idoneidad<\/td><\/tr><tr><td>Informaci\u00f3n transaccional con nosotros u otros<\/td><td>Otra informaci\u00f3n necesaria para atender su cuenta<\/td><\/tr><\/tbody><\/table><\/figure>\n\n\n\n<p>C\u00f3mo protegemos su informaci\u00f3n<\/p>\n\n\n\n<p>Para proteger la informaci\u00f3n personal de nuestros clientes de accesos y usos no autorizados, mantenemos medidas de seguridad f\u00edsicas, procedimentales y electr\u00f3nicas.  Entre ellas se incluyen contrase\u00f1as seguras, almacenamiento de archivos encriptados y un entorno de oficina seguro. Nuestros proveedores de tecnolog\u00eda proporcionan seguridad y control de acceso a la informaci\u00f3n personal y tienen pol\u00edticas sobre la transmisi\u00f3n de datos.  Nuestros asociados reciben formaci\u00f3n sobre sus responsabilidades en la protecci\u00f3n de la informaci\u00f3n personal de los clientes. Exigimos a los proveedores de servicios externos que protejan la informaci\u00f3n personal que reciben de nosotros.&nbsp;<\/p>\n\n\n\n<p>C\u00f3mo compartimos su informaci\u00f3n<\/p>\n\n\n\n<p>Compartimos la informaci\u00f3n personal de nuestros clientes para administrar eficazmente nuestros servicios.  En la secci\u00f3n siguiente, enumeramos algunas razones por las que podemos compartir su informaci\u00f3n personal.<\/p>\n\n\n\n<figure class=\"wp-block-table\"><table class=\"has-fixed-layout\"><thead><tr><th>Bases para compartir<\/th><th>\u00bfCompartimos?<\/th><th>\u00bfPuede limitar?<\/th><\/tr><\/thead><tbody><tr><td>Al servicio de nuestros clientes<br>Podemos compartir informaci\u00f3n personal no p\u00fablica con terceros no afiliados (como administradores, corredores, depositarios, consultores, reguladores, agencias de cr\u00e9dito, otras instituciones financieras) seg\u00fan sea necesario para que podamos prestarle los servicios acordados, de conformidad con la legislaci\u00f3n aplicable, incluyendo pero no limitado a: procesamiento de transacciones; mantenimiento general de la cuenta; respuesta a reguladores o investigaciones legales; e informes de cr\u00e9dito.<\/td><td>S\u00ed<\/td><td>No<\/td><\/tr><tr><td>Marketing<br>Premia no divulga, ni tiene intenci\u00f3n de divulgar, informaci\u00f3n personal con terceros no afiliados para ofrecerle servicios. Ciertas leyes pueden darnos el derecho de compartir su informaci\u00f3n personal con instituciones financieras donde usted es un cliente y donde Premia o el cliente tiene un acuerdo formal con la instituci\u00f3n financiera. S\u00f3lo compartiremos informaci\u00f3n con el fin de prestar servicios a sus cuentas, no con fines de marketing.<\/td><td>No<\/td><td>No compartido<\/td><\/tr><tr><td>Usuarios autorizados<br>Su informaci\u00f3n personal no p\u00fablica puede ser revelada a usted y a personas que creamos que son sus agentes o representantes autorizados.<\/td><td>S\u00ed<\/td><td>S\u00ed<\/td><\/tr><tr><td>Informaci\u00f3n sobre antiguos clientes<br>Premia no divulga ni tiene intenci\u00f3n de divulgar informaci\u00f3n personal no p\u00fablica a terceros no afiliados con respecto a personas que ya no son nuestros Clientes.<\/td><td>No<\/td><td>No compartido<\/td><\/tr><\/tbody><\/table><\/figure>\n\n\n\n<p>Cambios en nuestra pol\u00edtica de privacidad<\/p>\n\n\n\n<p>Peri\u00f3dicamente podemos revisar nuestra Pol\u00edtica de Privacidad y proporcionaremos a nuestros clientes una actualizaci\u00f3n o resumen de cualquier cambio que altere materialmente la Pol\u00edtica de Privacidad anterior. No obstante, no revisaremos nuestra Pol\u00edtica de Privacidad para permitir que se comparta informaci\u00f3n personal no p\u00fablica, distinta de la descrita en este aviso, a menos que se lo notifiquemos primero y le demos la oportunidad de evitar que se comparta la informaci\u00f3n.<\/p>\n\n\n\n<p>Preguntas<\/p>\n\n\n\n<p>Puede hacer preguntas o expresar cualquier preocupaci\u00f3n, as\u00ed como obtener una copia de nuestra Pol\u00edtica de Privacidad actual poni\u00e9ndose en contacto con nosotros.&nbsp;&nbsp;<\/p>","protected":false},"excerpt":{"rendered":"<p>Pol\u00edtica de privacidad Premia se compromete a salvaguardar el uso de la informaci\u00f3n personal de nuestros clientes.  Premia se compromete a proteger la seguridad y confidencialidad de la informaci\u00f3n personal que obtenemos de nuestros clientes.  Hemos implementado pol\u00edticas y controles para asegurar que dicha informaci\u00f3n se utiliza para fines comerciales adecuados en relaci\u00f3n con la gesti\u00f3n o [...]<\/p>","protected":false},"author":1,"featured_media":0,"parent":0,"menu_order":0,"comment_status":"closed","ping_status":"closed","template":"","meta":{"_acf_changed":false,"_breakdance_hide_in_design_set":false,"_breakdance_tags":"","footnotes":""},"class_list":["post-3","page","type-page","status-publish","hentry"],"acf":[],"yoast_head":"<!-- This site is optimized with the Yoast SEO plugin v26.1.1 - https:\/\/yoast.com\/wordpress\/plugins\/seo\/ -->\n<title>Privacy Policy - Premia Global Advisors<\/title>\n<meta name=\"robots\" content=\"index, follow, max-snippet:-1, max-image-preview:large, max-video-preview:-1\" \/>\n<link rel=\"canonical\" href=\"https:\/\/premiaglobaladvisors.com\/es\/politica-de-privacidad\/\" \/>\n<meta property=\"og:locale\" content=\"es_ES\" \/>\n<meta property=\"og:type\" content=\"article\" \/>\n<meta property=\"og:title\" content=\"Privacy Policy - Premia Global Advisors\" \/>\n<meta property=\"og:description\" content=\"Privacy Policy Premia is committed to safeguarding the use of&nbsp; our client\u2019s personal information.&nbsp; Premia is committed to protecting the security and confidentiality of the personal information we obtain from our clients.&nbsp; We have implemented policies and controls to ensure that such information is used for proper business purposes in connection with the management or [&hellip;]\" \/>\n<meta property=\"og:url\" content=\"https:\/\/premiaglobaladvisors.com\/es\/politica-de-privacidad\/\" \/>\n<meta property=\"og:site_name\" content=\"Premia Global Advisors\" \/>\n<meta property=\"article:modified_time\" content=\"2025-07-21T19:44:16+00:00\" \/>\n<meta name=\"twitter:card\" content=\"summary_large_image\" \/>\n<meta name=\"twitter:label1\" content=\"Est. reading time\" \/>\n\t<meta name=\"twitter:data1\" content=\"3 minutos\" \/>\n<script type=\"application\/ld+json\" class=\"yoast-schema-graph\">{\"@context\":\"https:\/\/schema.org\",\"@graph\":[{\"@type\":\"WebPage\",\"@id\":\"https:\/\/premiaglobaladvisors.com\/privacy-policy\/\",\"url\":\"https:\/\/premiaglobaladvisors.com\/privacy-policy\/\",\"name\":\"Privacy Policy - Premia Global Advisors\",\"isPartOf\":{\"@id\":\"https:\/\/premiaglobaladvisors.com\/#website\"},\"datePublished\":\"2025-05-30T21:15:45+00:00\",\"dateModified\":\"2025-07-21T19:44:16+00:00\",\"breadcrumb\":{\"@id\":\"https:\/\/premiaglobaladvisors.com\/privacy-policy\/#breadcrumb\"},\"inLanguage\":\"es\",\"potentialAction\":[{\"@type\":\"ReadAction\",\"target\":[\"https:\/\/premiaglobaladvisors.com\/privacy-policy\/\"]}]},{\"@type\":\"BreadcrumbList\",\"@id\":\"https:\/\/premiaglobaladvisors.com\/privacy-policy\/#breadcrumb\",\"itemListElement\":[{\"@type\":\"ListItem\",\"position\":1,\"name\":\"Home\",\"item\":\"https:\/\/premiaglobaladvisors.com\/\"},{\"@type\":\"ListItem\",\"position\":2,\"name\":\"Privacy Policy\"}]},{\"@type\":\"WebSite\",\"@id\":\"https:\/\/premiaglobaladvisors.com\/#website\",\"url\":\"https:\/\/premiaglobaladvisors.com\/\",\"name\":\"Premia Global Advisors\",\"description\":\"\",\"potentialAction\":[{\"@type\":\"SearchAction\",\"target\":{\"@type\":\"EntryPoint\",\"urlTemplate\":\"https:\/\/premiaglobaladvisors.com\/?s={search_term_string}\"},\"query-input\":{\"@type\":\"PropertyValueSpecification\",\"valueRequired\":true,\"valueName\":\"search_term_string\"}}],\"inLanguage\":\"es\"}]}<\/script>\n<!-- \/ Yoast SEO plugin. -->","yoast_head_json":{"title":"Pol\u00edtica de privacidad - Premia Global Advisors","robots":{"index":"index","follow":"follow","max-snippet":"max-snippet:-1","max-image-preview":"max-image-preview:large","max-video-preview":"max-video-preview:-1"},"canonical":"https:\/\/premiaglobaladvisors.com\/es\/politica-de-privacidad\/","og_locale":"es_ES","og_type":"article","og_title":"Privacy Policy - Premia Global Advisors","og_description":"Privacy Policy Premia is committed to safeguarding the use of&nbsp; our client\u2019s personal information.&nbsp; Premia is committed to protecting the security and confidentiality of the personal information we obtain from our clients.&nbsp; We have implemented policies and controls to ensure that such information is used for proper business purposes in connection with the management or [&hellip;]","og_url":"https:\/\/premiaglobaladvisors.com\/es\/politica-de-privacidad\/","og_site_name":"Premia Global Advisors","article_modified_time":"2025-07-21T19:44:16+00:00","twitter_card":"summary_large_image","twitter_misc":{"Est. reading time":"3 minutos"},"schema":{"@context":"https:\/\/schema.org","@graph":[{"@type":"WebPage","@id":"https:\/\/premiaglobaladvisors.com\/privacy-policy\/","url":"https:\/\/premiaglobaladvisors.com\/privacy-policy\/","name":"Pol\u00edtica de privacidad - Premia Global Advisors","isPartOf":{"@id":"https:\/\/premiaglobaladvisors.com\/#website"},"datePublished":"2025-05-30T21:15:45+00:00","dateModified":"2025-07-21T19:44:16+00:00","breadcrumb":{"@id":"https:\/\/premiaglobaladvisors.com\/privacy-policy\/#breadcrumb"},"inLanguage":"es","potentialAction":[{"@type":"ReadAction","target":["https:\/\/premiaglobaladvisors.com\/privacy-policy\/"]}]},{"@type":"BreadcrumbList","@id":"https:\/\/premiaglobaladvisors.com\/privacy-policy\/#breadcrumb","itemListElement":[{"@type":"ListItem","position":1,"name":"Home","item":"https:\/\/premiaglobaladvisors.com\/"},{"@type":"ListItem","position":2,"name":"Privacy Policy"}]},{"@type":"WebSite","@id":"https:\/\/premiaglobaladvisors.com\/#website","url":"https:\/\/premiaglobaladvisors.com\/","name":"Premia Global Advisors","description":"","potentialAction":[{"@type":"SearchAction","target":{"@type":"EntryPoint","urlTemplate":"https:\/\/premiaglobaladvisors.com\/?s={search_term_string}"},"query-input":{"@type":"PropertyValueSpecification","valueRequired":true,"valueName":"search_term_string"}}],"inLanguage":"es"}]}},"_links":{"self":[{"href":"https:\/\/premiaglobaladvisors.com\/es\/wp-json\/wp\/v2\/pages\/3","targetHints":{"allow":["GET"]}}],"collection":[{"href":"https:\/\/premiaglobaladvisors.com\/es\/wp-json\/wp\/v2\/pages"}],"about":[{"href":"https:\/\/premiaglobaladvisors.com\/es\/wp-json\/wp\/v2\/types\/page"}],"author":[{"embeddable":true,"href":"https:\/\/premiaglobaladvisors.com\/es\/wp-json\/wp\/v2\/users\/1"}],"replies":[{"embeddable":true,"href":"https:\/\/premiaglobaladvisors.com\/es\/wp-json\/wp\/v2\/comments?post=3"}],"version-history":[{"count":3,"href":"https:\/\/premiaglobaladvisors.com\/es\/wp-json\/wp\/v2\/pages\/3\/revisions"}],"predecessor-version":[{"id":5075,"href":"https:\/\/premiaglobaladvisors.com\/es\/wp-json\/wp\/v2\/pages\/3\/revisions\/5075"}],"wp:attachment":[{"href":"https:\/\/premiaglobaladvisors.com\/es\/wp-json\/wp\/v2\/media?parent=3"}],"curies":[{"name":"wp","href":"https:\/\/api.w.org\/{rel}","templated":true}]}}