{"id":30,"date":"2025-06-18T13:59:23","date_gmt":"2025-06-18T18:59:23","guid":{"rendered":"https:\/\/premiaglobaladvisors.com\/our-services\/global-pension-management\/"},"modified":"2025-08-27T13:10:48","modified_gmt":"2025-08-27T18:10:48","slug":"asesoramiento-en-inversiones-institucionales","status":"publish","type":"page","link":"https:\/\/premiaglobaladvisors.com\/es\/nuestros-servicios\/asesoramiento-en-inversiones-institucionales\/","title":{"rendered":"Asesoramiento en Inversiones Institucionales"},"content":{"rendered":"<div class='breakdance'><section class=\"bde-section-30-100 bde-section block-media-cta\">\n  \n  \n\t\n\n\n\n<div class=\"section-container\"><div class=\"bde-div-30-101 bde-div\">\n  \n  \n\t\n\n\n\n<div class=\"bde-div-30-102 bde-div\">\n  \n  \n\t\n\n\n\n<div class=\"bde-text-30-103 bde-text\">\nNuestros Servicios\n<\/div><h1 class=\"bde-heading-30-104 bde-heading\">\nAsesoramiento en Inversiones Institucionales\n<\/h1><div class=\"bde-text-30-105 bde-text\">\nLa gesti\u00f3n de planes de pensiones de prestaci\u00f3n definida presenta importantes desaf\u00edos. Nuestro equipo cuenta con d\u00e9cadas de experiencia en los mercados financieros globales y le ofrece apoyo especializado para afrontar la complejidad y gestionar sus inversiones de manera s\u00f3lida.\n<\/div><div class=\"autogenerated-kce-buttonarrow-30-106 autogenerated-kce-buttonarrow\">\n        \n            \n            \n\n    \n    \n    \n    \n    \n    <a class=\"breakdance-link\" href=\"https:\/\/premiaglobaladvisors.com\/es\/contacto\/\" target=\"_self\" data-type=\"url\"  >\n\n<div class=\"icon-wrap\">\n<div class=\"icon breakdance-icon-atom\"><svg xmlns=\"http:\/\/www.w3.org\/2000\/svg\" viewbox=\"0 0 384 512\"><path d=\"M328 96c13.3 0 24 10.7 24 24l0 240c0 13.3-10.7 24-24 24s-24-10.7-24-24l0-182.1L73 409c-9.4 9.4-24.6 9.4-33.9 0s-9.4-24.6 0-33.9l231-231L88 144c-13.3 0-24-10.7-24-24s10.7-24 24-24l240 0z\"><\/path><\/svg><\/div>\n<\/div>\n<div class=\"label\">CONT\u00c1CTENOS<\/div>\n    <\/a>\n\n  \n    \n<\/div>\n<\/div><div class=\"bde-div-30-107 bde-div\">\n  \n  \n\t\n\n\n\n<img decoding=\"async\" class=\"bde-image2-30-108 bde-image2\" src=\"https:\/\/premiaglobaladvisors.com\/wp-content\/uploads\/VideoforStills-FullRez.01_18_07_11.Still154.jpg\" loading=\"lazy\" srcset=\"https:\/\/premiaglobaladvisors.com\/wp-content\/uploads\/VideoforStills-FullRez.01_18_07_11.Still154.jpg 1024w, https:\/\/premiaglobaladvisors.com\/wp-content\/uploads\/VideoforStills-FullRez.01_18_07_11.Still154-300x169.jpg 300w, https:\/\/premiaglobaladvisors.com\/wp-content\/uploads\/VideoforStills-FullRez.01_18_07_11.Still154-768x432.jpg 768w\" sizes=\"(max-width: 1024px) 100vw, 1024px\">\n<\/div>\n<\/div><\/div>\n<\/section><section class=\"bde-section-30-109 bde-section\">\n  \n  \n\t\n\n\n\n<div class=\"section-container\"><div class=\"bde-div-30-110 bde-div\">\n  \n  \n\t\n\n\n\n<div class=\"bde-div-30-111 bde-div\">\n  \n  \n\t\n\n\n\n<h2 class=\"bde-heading-30-112 bde-heading\">\nNuestro Enfoque del Asesoramiento de Inversi\u00f3n Institucional\n<\/h2>\n<\/div><div class=\"bde-div-30-113 bde-div\">\n  \n  \n\t\n\n\n\n<div class=\"bde-div-30-114 bde-div\">\n  \n  \n\t\n\n\n\n<div class=\"bde-div-30-115 bde-div\">\n  \n  \n\t\n\n\n\n<img decoding=\"async\" class=\"bde-image2-30-116 bde-image2\" src=\"https:\/\/premiaglobaladvisors.com\/wp-content\/uploads\/VideoforStills-FullRez.01_07_18_06.Still120.jpg\" loading=\"lazy\" srcset=\"https:\/\/premiaglobaladvisors.com\/wp-content\/uploads\/VideoforStills-FullRez.01_07_18_06.Still120.jpg 1024w, https:\/\/premiaglobaladvisors.com\/wp-content\/uploads\/VideoforStills-FullRez.01_07_18_06.Still120-300x169.jpg 300w, https:\/\/premiaglobaladvisors.com\/wp-content\/uploads\/VideoforStills-FullRez.01_07_18_06.Still120-768x432.jpg 768w\" sizes=\"(max-width: 1024px) 100vw, 1024px\">\n<\/div><h4 class=\"bde-heading-30-117 bde-heading\">\nAn\u00e1lisis del ecosistema mundial de pensiones\n<\/h4><div class=\"bde-text-30-118 bde-text\">\nOfrecemos un an\u00e1lisis en profundidad del panorama global de las pensiones, examinando las principales tendencias, las particularidades regulatorias y los indicadores econ\u00f3micos que influyen en los planes de pensiones internacionales.<br>\n<\/div>\n<\/div><div class=\"bde-div-30-119 bde-div\">\n  \n  \n\t\n\n\n\n<div class=\"bde-div-30-120 bde-div\">\n  \n  \n\t\n\n\n\n<img decoding=\"async\" class=\"bde-image2-30-121 bde-image2\" src=\"https:\/\/premiaglobaladvisors.com\/wp-content\/uploads\/VideoforStills-FullRez.00_57_32_09.Still092.jpg\" loading=\"lazy\" srcset=\"https:\/\/premiaglobaladvisors.com\/wp-content\/uploads\/VideoforStills-FullRez.00_57_32_09.Still092.jpg 1024w, https:\/\/premiaglobaladvisors.com\/wp-content\/uploads\/VideoforStills-FullRez.00_57_32_09.Still092-300x169.jpg 300w, https:\/\/premiaglobaladvisors.com\/wp-content\/uploads\/VideoforStills-FullRez.00_57_32_09.Still092-768x432.jpg 768w\" sizes=\"(max-width: 1024px) 100vw, 1024px\">\n<\/div><h4 class=\"bde-heading-30-122 bde-heading\">\nAn\u00e1lisis e incorporaci\u00f3n de proyecciones actuariales\n<\/h4><div class=\"bde-text-30-123 bde-text\">\nColaboramos con comit\u00e9s de inversi\u00f3n y juntas directivas para alinear la construcci\u00f3n de carteras con los objetivos y par\u00e1metros actuariales de cada plan de pensiones.<br>\n<\/div>\n<\/div><div class=\"bde-div-30-124 bde-div\">\n  \n  \n\t\n\n\n\n<div class=\"bde-div-30-125 bde-div\">\n  \n  \n\t\n\n\n\n<img decoding=\"async\" class=\"bde-image2-30-126 bde-image2\" src=\"https:\/\/premiaglobaladvisors.com\/wp-content\/uploads\/VideoforStills-FullRez.01_07_42_19.Still123.jpg\" loading=\"lazy\" srcset=\"https:\/\/premiaglobaladvisors.com\/wp-content\/uploads\/VideoforStills-FullRez.01_07_42_19.Still123.jpg 1024w, https:\/\/premiaglobaladvisors.com\/wp-content\/uploads\/VideoforStills-FullRez.01_07_42_19.Still123-300x169.jpg 300w, https:\/\/premiaglobaladvisors.com\/wp-content\/uploads\/VideoforStills-FullRez.01_07_42_19.Still123-768x432.jpg 768w\" sizes=\"(max-width: 1024px) 100vw, 1024px\">\n<\/div><h4 class=\"bde-heading-30-127 bde-heading\">\nInteligencia de mercado para inversiones estrat\u00e9gicas\n<\/h4><div class=\"bde-text-30-128 bde-text\">\nNuestro equipo utiliza inteligencia de mercado para identificar oportunidades de inversi\u00f3n a nivel global, alineando las carteras de pensiones con las tendencias del mercado y favoreciendo una gesti\u00f3n orientada al largo plazo.<br>\n<\/div>\n<\/div><div class=\"bde-div-30-129 bde-div\">\n  \n  \n\t\n\n\n\n<div class=\"bde-div-30-130 bde-div\">\n  \n  \n\t\n\n\n\n<img decoding=\"async\" class=\"bde-image2-30-131 bde-image2\" src=\"https:\/\/premiaglobaladvisors.com\/wp-content\/uploads\/VideoforStills-FullRez.01_01_30_24.Still099.jpg\" loading=\"lazy\" srcset=\"https:\/\/premiaglobaladvisors.com\/wp-content\/uploads\/VideoforStills-FullRez.01_01_30_24.Still099.jpg 1024w, https:\/\/premiaglobaladvisors.com\/wp-content\/uploads\/VideoforStills-FullRez.01_01_30_24.Still099-300x169.jpg 300w, https:\/\/premiaglobaladvisors.com\/wp-content\/uploads\/VideoforStills-FullRez.01_01_30_24.Still099-768x432.jpg 768w\" sizes=\"(max-width: 1024px) 100vw, 1024px\">\n<\/div><h4 class=\"bde-heading-30-132 bde-heading\">\nAn\u00e1lisis de la asignaci\u00f3n de activos\n<\/h4><div class=\"bde-text-30-133 bde-text\">\nLe ayudamos a identificar la combinaci\u00f3n adecuada de activos e inversiones que se ajusten a la relaci\u00f3n riesgo-rentabilidad del plan de pensiones internacional.<br>\n<\/div>\n<\/div>\n<\/div>\n<\/div><div class=\"bde-button-30-139 bde-button\">\n    \n                                    \n    \n    \n    \n    \n            \n                    \n            \n            \n\n    \n    \n    \n    \n    \n    <a class=\"breakdance-link button-atom button-atom--primary bde-button__button\" href=\"https:\/\/premiaglobaladvisors.com\/es\/contacto\/\" target=\"_self\" data-type=\"url\"  >\n\n    \n        <span class=\"button-atom__text\">CONT\u00c1CTENOS<\/span>\n\n        \n        \n                <\/a>\n\n    \n\n\n<\/div><\/div>\n<\/section><section class=\"bde-section-30-140 bde-section\">\n  \n  \n\t\n\n\n\n<div class=\"section-container\"><h1 class=\"bde-heading-30-141 bde-heading\">\nPreguntas Frecuentes\n<\/h1><div class=\"bde-div-30-142 bde-div\">\n  \n  \n\t\n\n\n\n<div class=\"bde-accordion-30-143 bde-accordion bde-accordion--bordered-bottom\"><div class=\"bde-accordion__content-wrapper-30-144 bde-accordion__content-wrapper\">\n<h3 class=\"bde-accordion__title-tag\">\n  <button type=\"button\" class=\"bde-accordion__button\" id=\"accordion-button-144\" aria-controls=\"accordion-panel-144\" aria-expanded=\"false\">\n     <span class=\"bde-accordion__title\" >\u00bfQu\u00e9 es la gesti\u00f3n internacional de planes de pensiones? <\/span>\n     <span class=\"bde-accordion__icon bde-accordion__icon--default\"><\/span>\n     <span class=\"bde-accordion__icon bde-accordion__icon--active\"><\/span>\n  <\/button>\n<\/h3>\n\n<div role=\"region\" class=\"bde-accordion__panel\" id=\"accordion-panel-144\" aria-labelledby=\"accordion-button-144\">\n    <div class=\"bde-accordion__panel-content\">\n        <div class=\"bde-text-30-145 bde-text\">\nLa gesti\u00f3n de planes de pensiones internacionales implica la supervisi\u00f3n de carteras que cubren a empleados que desarrollan su actividad en varios pa\u00edses o jurisdicciones. Estos planes ofrecen prestaciones de jubilaci\u00f3n a trabajadores que han ejercido en distintos pa\u00edses a lo largo de su carrera, habitualmente en multinacionales u organizaciones con una plantilla global.\n<\/div>\n    <\/div>\n<\/div>\n\n\n\n<\/div><div class=\"bde-accordion__content-wrapper-30-146 bde-accordion__content-wrapper\">\n<h3 class=\"bde-accordion__title-tag\">\n  <button type=\"button\" class=\"bde-accordion__button\" id=\"accordion-button-146\" aria-controls=\"accordion-panel-146\" aria-expanded=\"false\">\n     <span class=\"bde-accordion__title\" >\u00bfCu\u00e1les son las ventajas de la gesti\u00f3n internacional de planes de pensiones? <br><\/span>\n     <span class=\"bde-accordion__icon bde-accordion__icon--default\"><\/span>\n     <span class=\"bde-accordion__icon bde-accordion__icon--active\"><\/span>\n  <\/button>\n<\/h3>\n\n<div role=\"region\" class=\"bde-accordion__panel\" id=\"accordion-panel-146\" aria-labelledby=\"accordion-button-146\">\n    <div class=\"bde-accordion__panel-content\">\n        <div class=\"bde-text-30-147 bde-text\">\nLas ventajas de los planes de pensiones internacionales incluyen ofrecer prestaciones de jubilaci\u00f3n a empleados que han trabajado en distintos pa\u00edses, garantizar el cumplimiento de las normativas locales y proporcionar un plan de jubilaci\u00f3n coherente en toda la plantilla global de la organizaci\u00f3n. Asimismo, contribuyen a atraer y retener talento al brindar beneficios de jubilaci\u00f3n competitivos a empleados que desarrollan su actividad en diversos pa\u00edses.<br>\n<\/div>\n    <\/div>\n<\/div>\n\n\n\n<\/div><div class=\"bde-accordion__content-wrapper-30-148 bde-accordion__content-wrapper\">\n<h3 class=\"bde-accordion__title-tag\">\n  <button type=\"button\" class=\"bde-accordion__button\" id=\"accordion-button-148\" aria-controls=\"accordion-panel-148\" aria-expanded=\"false\">\n     <span class=\"bde-accordion__title\" >\u00bfEn qu\u00e9 se diferencia la gesti\u00f3n internacional de planes de pensiones de la gesti\u00f3n tradicional de inversiones en pensiones?<\/span>\n     <span class=\"bde-accordion__icon bde-accordion__icon--default\"><\/span>\n     <span class=\"bde-accordion__icon bde-accordion__icon--active\"><\/span>\n  <\/button>\n<\/h3>\n\n<div role=\"region\" class=\"bde-accordion__panel\" id=\"accordion-panel-148\" aria-labelledby=\"accordion-button-148\">\n    <div class=\"bde-accordion__panel-content\">\n        <div class=\"bde-text-30-149 bde-text\">\nLas carteras de planes de pensiones internacionales requieren coordinaci\u00f3n con distintos grupos de gesti\u00f3n, como comit\u00e9s de inversi\u00f3n y juntas directivas. La gesti\u00f3n de estos planes puede implicar, adem\u00e1s, la administraci\u00f3n de aportaciones y prestaciones en varias divisas. En cambio, la gesti\u00f3n tradicional de inversiones en pensiones suele ser menos compleja y se desarrolla en una \u00fanica moneda. \n<\/div>\n    <\/div>\n<\/div>\n\n\n\n<\/div><div class=\"bde-accordion__content-wrapper-30-150 bde-accordion__content-wrapper\">\n<h3 class=\"bde-accordion__title-tag\">\n  <button type=\"button\" class=\"bde-accordion__button\" id=\"accordion-button-150\" aria-controls=\"accordion-panel-150\" aria-expanded=\"false\">\n     <span class=\"bde-accordion__title\" >\u00bfCu\u00e1les son las consideraciones clave en la gesti\u00f3n de planes de pensiones internacionales?<\/span>\n     <span class=\"bde-accordion__icon bde-accordion__icon--default\"><\/span>\n     <span class=\"bde-accordion__icon bde-accordion__icon--active\"><\/span>\n  <\/button>\n<\/h3>\n\n<div role=\"region\" class=\"bde-accordion__panel\" id=\"accordion-panel-150\" aria-labelledby=\"accordion-button-150\">\n    <div class=\"bde-accordion__panel-content\">\n        <div class=\"bde-text-30-151 bde-text\">\nLos aspectos clave en la gesti\u00f3n de planes de pensiones internacionales incluyen el cumplimiento de las normativas locales, la gesti\u00f3n del riesgo de divisa, la coordinaci\u00f3n con las autoridades de pensiones de cada jurisdicci\u00f3n y la portabilidad de las prestaciones para los empleados que se trasladan entre pa\u00edses. Tambi\u00e9n resulta esencial tener en cuenta el impacto de las legislaciones fiscales internacionales sobre las aportaciones y las prestaciones de los planes de pensiones.<br>\n<\/div>\n    <\/div>\n<\/div>\n\n\n\n<\/div><div class=\"bde-accordion__content-wrapper-30-152 bde-accordion__content-wrapper\">\n<h3 class=\"bde-accordion__title-tag\">\n  <button type=\"button\" class=\"bde-accordion__button\" id=\"accordion-button-152\" aria-controls=\"accordion-panel-152\" aria-expanded=\"false\">\n     <span class=\"bde-accordion__title\" >\u00bfC\u00f3mo aplicar estrategias de gesti\u00f3n de inversiones en planes de pensiones internacionales?<br><\/span>\n     <span class=\"bde-accordion__icon bde-accordion__icon--default\"><\/span>\n     <span class=\"bde-accordion__icon bde-accordion__icon--active\"><\/span>\n  <\/button>\n<\/h3>\n\n<div role=\"region\" class=\"bde-accordion__panel\" id=\"accordion-panel-152\" aria-labelledby=\"accordion-button-152\">\n    <div class=\"bde-accordion__panel-content\">\n        <div class=\"bde-text-30-153 bde-text\">\nPara implementar estrategias de gesti\u00f3n de inversiones en planes de pensiones internacionales, es fundamental comenzar por comprender los objetivos del plan. Es recomendable trabajar estrechamente con el equipo de inversi\u00f3n, el comit\u00e9 y\/o la junta directiva para definir sus necesidades. A partir de ah\u00ed, se debe identificar o elaborar una Declaraci\u00f3n de Pol\u00edtica de Inversi\u00f3n (IPS) que sirva de base para la construcci\u00f3n y aplicaci\u00f3n de la cartera. Posteriormente, el plan de pensiones podr\u00e1 desarrollar su estrategia de asignaci\u00f3n de activos e identificar fondos o gestores de carteras en los que invertir. Este enfoque puede incluir tanto inversiones tradicionales como alternativas. Por \u00faltimo, resulta esencial contar con un proceso claramente definido para supervisar el rendimiento y realizar los ajustes necesarios en la cartera.<br>\n<\/div>\n    <\/div>\n<\/div>\n\n\n\n<\/div>\r\n\r\n<\/div>\n<\/div><img decoding=\"async\" class=\"bde-image2-30-154 bde-image2\" src=\"https:\/\/premiaglobaladvisors.com\/wp-content\/uploads\/background-dark-blue.png\" loading=\"lazy\" srcset=\"https:\/\/premiaglobaladvisors.com\/wp-content\/uploads\/background-dark-blue.png 1332w, https:\/\/premiaglobaladvisors.com\/wp-content\/uploads\/background-dark-blue-300x126.png 300w, https:\/\/premiaglobaladvisors.com\/wp-content\/uploads\/background-dark-blue-1024x429.png 1024w, https:\/\/premiaglobaladvisors.com\/wp-content\/uploads\/background-dark-blue-768x322.png 768w\" sizes=\"(max-width: 1332px) 100vw, 1332px\"><\/div>\n<\/section><\/div>","protected":false},"excerpt":{"rendered":"<p>Nuestros servicios Asesoramiento en inversiones institucionales Gestionar planes de pensiones de prestaci\u00f3n definida es todo un reto. Nuestro equipo cuenta con d\u00e9cadas de experiencia navegando por las complejidades de los mercados financieros globales y puede ayudarle a proteger y hacer crecer sus inversiones. P\u00f3ngase en contacto con nosotros Nuestro enfoque del asesoramiento en inversi\u00f3n institucional An\u00e1lisis del ecosistema global de pensiones Ofrecemos una visi\u00f3n en profundidad del panorama global de las pensiones, [...]<\/p>","protected":false},"author":1,"featured_media":0,"parent":25,"menu_order":0,"comment_status":"closed","ping_status":"closed","template":"","meta":{"_acf_changed":false,"_breakdance_hide_in_design_set":false,"_breakdance_tags":"","footnotes":""},"class_list":["post-30","page","type-page","status-publish","hentry"],"acf":[],"yoast_head":"<!-- This site is optimized with the Yoast SEO plugin v26.1.1 - https:\/\/yoast.com\/wordpress\/plugins\/seo\/ -->\n<title>Institutional Investment Advice - Premia Global Advisors<\/title>\n<meta name=\"robots\" content=\"index, follow, max-snippet:-1, max-image-preview:large, max-video-preview:-1\" \/>\n<link rel=\"canonical\" href=\"https:\/\/premiaglobaladvisors.com\/es\/nuestros-servicios\/asesoramiento-en-inversiones-institucionales\/\" \/>\n<meta property=\"og:locale\" content=\"es_ES\" \/>\n<meta property=\"og:type\" content=\"article\" \/>\n<meta property=\"og:title\" content=\"Institutional Investment Advice - Premia Global Advisors\" \/>\n<meta property=\"og:description\" content=\"Our Services Institutional Investment Advice Managing defined benefit pension plans is challenging. Our team has decades of experience navigating the complexities of global financial markets and can help you protect and grow your investments. Contact Us Our Approach to Institutional Investment Advice Global Pension Ecosystem Analysis We provide in-depth insights into the global pension landscape, [&hellip;]\" \/>\n<meta property=\"og:url\" content=\"https:\/\/premiaglobaladvisors.com\/es\/nuestros-servicios\/asesoramiento-en-inversiones-institucionales\/\" \/>\n<meta property=\"og:site_name\" content=\"Premia Global Advisors\" \/>\n<meta property=\"article:modified_time\" content=\"2025-08-27T18:10:48+00:00\" \/>\n<meta name=\"twitter:card\" content=\"summary_large_image\" \/>\n<meta name=\"twitter:label1\" content=\"Est. reading time\" \/>\n\t<meta name=\"twitter:data1\" content=\"4 minutos\" \/>\n<script type=\"application\/ld+json\" class=\"yoast-schema-graph\">{\"@context\":\"https:\/\/schema.org\",\"@graph\":[{\"@type\":\"WebPage\",\"@id\":\"https:\/\/premiaglobaladvisors.com\/our-services\/institutional-investment-advice\/\",\"url\":\"https:\/\/premiaglobaladvisors.com\/our-services\/institutional-investment-advice\/\",\"name\":\"Institutional Investment Advice - Premia Global Advisors\",\"isPartOf\":{\"@id\":\"https:\/\/premiaglobaladvisors.com\/#website\"},\"datePublished\":\"2025-06-18T18:59:23+00:00\",\"dateModified\":\"2025-08-27T18:10:48+00:00\",\"breadcrumb\":{\"@id\":\"https:\/\/premiaglobaladvisors.com\/our-services\/institutional-investment-advice\/#breadcrumb\"},\"inLanguage\":\"es\",\"potentialAction\":[{\"@type\":\"ReadAction\",\"target\":[\"https:\/\/premiaglobaladvisors.com\/our-services\/institutional-investment-advice\/\"]}]},{\"@type\":\"BreadcrumbList\",\"@id\":\"https:\/\/premiaglobaladvisors.com\/our-services\/institutional-investment-advice\/#breadcrumb\",\"itemListElement\":[{\"@type\":\"ListItem\",\"position\":1,\"name\":\"Home\",\"item\":\"https:\/\/premiaglobaladvisors.com\/\"},{\"@type\":\"ListItem\",\"position\":2,\"name\":\"Our Services\",\"item\":\"https:\/\/premiaglobaladvisors.com\/our-services\/\"},{\"@type\":\"ListItem\",\"position\":3,\"name\":\"Institutional Investment Advice\"}]},{\"@type\":\"WebSite\",\"@id\":\"https:\/\/premiaglobaladvisors.com\/#website\",\"url\":\"https:\/\/premiaglobaladvisors.com\/\",\"name\":\"Premia Global Advisors\",\"description\":\"\",\"potentialAction\":[{\"@type\":\"SearchAction\",\"target\":{\"@type\":\"EntryPoint\",\"urlTemplate\":\"https:\/\/premiaglobaladvisors.com\/?s={search_term_string}\"},\"query-input\":{\"@type\":\"PropertyValueSpecification\",\"valueRequired\":true,\"valueName\":\"search_term_string\"}}],\"inLanguage\":\"es\"}]}<\/script>\n<!-- \/ Yoast SEO plugin. -->","yoast_head_json":{"title":"Asesoramiento en inversiones institucionales - Premia Global Advisors","robots":{"index":"index","follow":"follow","max-snippet":"max-snippet:-1","max-image-preview":"max-image-preview:large","max-video-preview":"max-video-preview:-1"},"canonical":"https:\/\/premiaglobaladvisors.com\/es\/nuestros-servicios\/asesoramiento-en-inversiones-institucionales\/","og_locale":"es_ES","og_type":"article","og_title":"Institutional Investment Advice - Premia Global Advisors","og_description":"Our Services Institutional Investment Advice Managing defined benefit pension plans is challenging. Our team has decades of experience navigating the complexities of global financial markets and can help you protect and grow your investments. Contact Us Our Approach to Institutional Investment Advice Global Pension Ecosystem Analysis We provide in-depth insights into the global pension landscape, [&hellip;]","og_url":"https:\/\/premiaglobaladvisors.com\/es\/nuestros-servicios\/asesoramiento-en-inversiones-institucionales\/","og_site_name":"Premia Global Advisors","article_modified_time":"2025-08-27T18:10:48+00:00","twitter_card":"summary_large_image","twitter_misc":{"Est. reading time":"4 minutos"},"schema":{"@context":"https:\/\/schema.org","@graph":[{"@type":"WebPage","@id":"https:\/\/premiaglobaladvisors.com\/our-services\/institutional-investment-advice\/","url":"https:\/\/premiaglobaladvisors.com\/our-services\/institutional-investment-advice\/","name":"Asesoramiento en inversiones institucionales - Premia Global Advisors","isPartOf":{"@id":"https:\/\/premiaglobaladvisors.com\/#website"},"datePublished":"2025-06-18T18:59:23+00:00","dateModified":"2025-08-27T18:10:48+00:00","breadcrumb":{"@id":"https:\/\/premiaglobaladvisors.com\/our-services\/institutional-investment-advice\/#breadcrumb"},"inLanguage":"es","potentialAction":[{"@type":"ReadAction","target":["https:\/\/premiaglobaladvisors.com\/our-services\/institutional-investment-advice\/"]}]},{"@type":"BreadcrumbList","@id":"https:\/\/premiaglobaladvisors.com\/our-services\/institutional-investment-advice\/#breadcrumb","itemListElement":[{"@type":"ListItem","position":1,"name":"Home","item":"https:\/\/premiaglobaladvisors.com\/"},{"@type":"ListItem","position":2,"name":"Our Services","item":"https:\/\/premiaglobaladvisors.com\/our-services\/"},{"@type":"ListItem","position":3,"name":"Institutional Investment Advice"}]},{"@type":"WebSite","@id":"https:\/\/premiaglobaladvisors.com\/#website","url":"https:\/\/premiaglobaladvisors.com\/","name":"Premia Global Advisors","description":"","potentialAction":[{"@type":"SearchAction","target":{"@type":"EntryPoint","urlTemplate":"https:\/\/premiaglobaladvisors.com\/?s={search_term_string}"},"query-input":{"@type":"PropertyValueSpecification","valueRequired":true,"valueName":"search_term_string"}}],"inLanguage":"es"}]}},"_links":{"self":[{"href":"https:\/\/premiaglobaladvisors.com\/es\/wp-json\/wp\/v2\/pages\/30","targetHints":{"allow":["GET"]}}],"collection":[{"href":"https:\/\/premiaglobaladvisors.com\/es\/wp-json\/wp\/v2\/pages"}],"about":[{"href":"https:\/\/premiaglobaladvisors.com\/es\/wp-json\/wp\/v2\/types\/page"}],"author":[{"embeddable":true,"href":"https:\/\/premiaglobaladvisors.com\/es\/wp-json\/wp\/v2\/users\/1"}],"replies":[{"embeddable":true,"href":"https:\/\/premiaglobaladvisors.com\/es\/wp-json\/wp\/v2\/comments?post=30"}],"version-history":[{"count":8,"href":"https:\/\/premiaglobaladvisors.com\/es\/wp-json\/wp\/v2\/pages\/30\/revisions"}],"predecessor-version":[{"id":5336,"href":"https:\/\/premiaglobaladvisors.com\/es\/wp-json\/wp\/v2\/pages\/30\/revisions\/5336"}],"up":[{"embeddable":true,"href":"https:\/\/premiaglobaladvisors.com\/es\/wp-json\/wp\/v2\/pages\/25"}],"wp:attachment":[{"href":"https:\/\/premiaglobaladvisors.com\/es\/wp-json\/wp\/v2\/media?parent=30"}],"curies":[{"name":"wp","href":"https:\/\/api.w.org\/{rel}","templated":true}]}}