{"id":31,"date":"2025-06-18T13:59:23","date_gmt":"2025-06-18T18:59:23","guid":{"rendered":"https:\/\/premiaglobaladvisors.com\/our-services\/global-portfolio-management\/"},"modified":"2025-09-17T22:37:41","modified_gmt":"2025-09-18T03:37:41","slug":"gestion-global-de-carteras","status":"publish","type":"page","link":"https:\/\/premiaglobaladvisors.com\/es\/nuestros-servicios\/gestion-global-de-carteras\/","title":{"rendered":"Gesti\u00f3n Global de Carteras"},"content":{"rendered":"<div class='breakdance'><section class=\"bde-section-31-244 bde-section block-media-cta\">\n  \n  \n\t\n\n\n\n<div class=\"section-container\"><div class=\"bde-div-31-245 bde-div\">\n  \n  \n\t\n\n\n\n<div class=\"bde-div-31-246 bde-div\">\n  \n  \n\t\n\n\n\n<div class=\"bde-text-31-247 bde-text\">\nNuestros Servicios\n<\/div><h1 class=\"bde-heading-31-248 bde-heading\">\nGesti\u00f3n Global de Carteras\n<\/h1><div class=\"bde-text-31-249 bde-text\">\nLas inversiones son algo m\u00e1s que n\u00fameros: son el reflejo de tus sue\u00f1os. <br><br>En Premia, nos comprometemos a ayudarle a alcanzar sus sue\u00f1os financieros mediante estrategias personalizadas de gesti\u00f3n global de carteras.<br>\n<\/div><div class=\"bde-icon-list-31-251 bde-icon-list\">\n<ul>\n  <\/ul>\n\n<\/div><div class=\"autogenerated-kce-buttonarrow-31-252 autogenerated-kce-buttonarrow\">\n        \n            \n            \n\n    \n    \n    \n    \n    \n    <a class=\"breakdance-link\" href=\"https:\/\/premiaglobaladvisors.com\/es\/contacto\/\" target=\"_self\" data-type=\"url\"  >\n\n<div class=\"icon-wrap\">\n<div class=\"icon breakdance-icon-atom\"><svg xmlns=\"http:\/\/www.w3.org\/2000\/svg\" viewbox=\"0 0 384 512\"><path d=\"M328 96c13.3 0 24 10.7 24 24l0 240c0 13.3-10.7 24-24 24s-24-10.7-24-24l0-182.1L73 409c-9.4 9.4-24.6 9.4-33.9 0s-9.4-24.6 0-33.9l231-231L88 144c-13.3 0-24-10.7-24-24s10.7-24 24-24l240 0z\"><\/path><\/svg><\/div>\n<\/div>\n<div class=\"label\">CONT\u00c1CTENOS<\/div>\n    <\/a>\n\n  \n    \n<\/div>\n<\/div><div class=\"bde-div-31-253 bde-div\">\n  \n  \n\t\n\n\n\n<img decoding=\"async\" class=\"bde-image2-31-254 bde-image2\" src=\"https:\/\/premiaglobaladvisors.com\/wp-content\/uploads\/VideoforStills-FullRez.01_05_44_13.Still114.jpg\" loading=\"lazy\" srcset=\"https:\/\/premiaglobaladvisors.com\/wp-content\/uploads\/VideoforStills-FullRez.01_05_44_13.Still114.jpg 1024w, https:\/\/premiaglobaladvisors.com\/wp-content\/uploads\/VideoforStills-FullRez.01_05_44_13.Still114-300x169.jpg 300w, https:\/\/premiaglobaladvisors.com\/wp-content\/uploads\/VideoforStills-FullRez.01_05_44_13.Still114-768x432.jpg 768w\" sizes=\"(max-width: 1024px) 100vw, 1024px\">\n<\/div>\n<\/div><\/div>\n<\/section><section class=\"bde-section-31-204 bde-section\">\n  \n  \n\t\n\n\n\n<div class=\"section-container\"><div class=\"bde-div-31-205 bde-div\">\n  \n  \n\t\n\n\n\n<div class=\"bde-div-31-206 bde-div\">\n  \n  \n\t\n\n\n\n<div class=\"bde-div-31-207 bde-div\">\n  \n  \n\t\n\n\n\n<h2 class=\"bde-heading-31-208 bde-heading\">\nSoluciones Globales de Gesti\u00f3n de Carteras\n<\/h2><div class=\"bde-fancy-divider-31-209 bde-fancy-divider\">\n\n\n<div class=\"bde-fancy-divider__wrapper\">\n  <div class=\"bde-fancy-divider__separator\">\n  \t  <\/div>\n<\/div>\n\n<\/div><div class=\"bde-button-31-211 bde-button\">\n    \n                                    \n    \n    \n    \n    \n            \n                    \n            \n            \n\n    \n    \n    \n    \n    \n    <a class=\"breakdance-link button-atom button-atom--custom bde-button__button\" href=\"https:\/\/premiaglobaladvisors.com\/es\/contacto\/\" target=\"_self\" data-type=\"url\"  >\n\n    \n        <span class=\"button-atom__text\">CONT\u00c1CTENOS<\/span>\n\n                            \n        \n                <\/a>\n\n    \n\n\n<\/div>\n<\/div>\n<\/div><div class=\"bde-div-31-212 bde-div\">\n  \n  \n\t\n\n\n\n<div class=\"bde-div-31-213 bde-div\">\n  \n  \n\t\n\n\n\n<div class=\"bde-div-31-214 bde-div\">\n  \n  \n\t\n\n\n\n<img decoding=\"async\" class=\"bde-image2-31-215 bde-image2\" src=\"https:\/\/premiaglobaladvisors.com\/wp-content\/uploads\/VideoforStills-FullRez.00_42_04_27.Still055.jpg\" loading=\"lazy\" srcset=\"https:\/\/premiaglobaladvisors.com\/wp-content\/uploads\/VideoforStills-FullRez.00_42_04_27.Still055.jpg 1024w, https:\/\/premiaglobaladvisors.com\/wp-content\/uploads\/VideoforStills-FullRez.00_42_04_27.Still055-300x169.jpg 300w, https:\/\/premiaglobaladvisors.com\/wp-content\/uploads\/VideoforStills-FullRez.00_42_04_27.Still055-768x432.jpg 768w\" sizes=\"(max-width: 1024px) 100vw, 1024px\">\n<\/div><div class=\"bde-div-31-216 bde-div\">\n  \n  \n\t\n\n\n\n<h3 class=\"bde-heading-31-217 bde-heading\">\nAn\u00e1lisis del mercado\n<\/h3><div class=\"bde-text-31-218 bde-text\">\nNuestro equipo le ayuda a comprender en profundidad la din\u00e1mica de los mercados financieros globales, analizando las principales tendencias, indicadores econ\u00f3micos y factores geopol\u00edticos que influyen en la evoluci\u00f3n de las carteras.<br>\n<\/div>\n<\/div>\n<\/div><div class=\"bde-div-31-219 bde-div\">\n  \n  \n\t\n\n\n\n<div class=\"bde-div-31-220 bde-div\">\n  \n  \n\t\n\n\n\n<img decoding=\"async\" class=\"bde-image2-31-221 bde-image2\" src=\"https:\/\/premiaglobaladvisors.com\/wp-content\/uploads\/VideoforStills-FullRez.01_07_38_04.Still122.jpg\" loading=\"lazy\" srcset=\"https:\/\/premiaglobaladvisors.com\/wp-content\/uploads\/VideoforStills-FullRez.01_07_38_04.Still122.jpg 1024w, https:\/\/premiaglobaladvisors.com\/wp-content\/uploads\/VideoforStills-FullRez.01_07_38_04.Still122-300x169.jpg 300w, https:\/\/premiaglobaladvisors.com\/wp-content\/uploads\/VideoforStills-FullRez.01_07_38_04.Still122-768x432.jpg 768w\" sizes=\"(max-width: 1024px) 100vw, 1024px\">\n<\/div><div class=\"bde-div-31-222 bde-div\">\n  \n  \n\t\n\n\n\n<h3 class=\"bde-heading-31-223 bde-heading\">\nAn\u00e1lisis comparativo de clases de activos y asignaci\u00f3n estrat\u00e9gica de activos\n<\/h3><div class=\"bde-text-31-224 bde-text\">\nNuestro asesor realiza un an\u00e1lisis comparativo de distintas clases de activos en los mercados globales, identificando oportunidades para una asignaci\u00f3n estrat\u00e9gica y una diversificaci\u00f3n del riesgo.<br><br>Aplicamos estrategias din\u00e1micas de asignaci\u00f3n de activos, ajustando la combinaci\u00f3n de renta variable, renta fija e inversiones alternativas para buscar un equilibrio adecuado entre riesgo y rentabilidad.<br>\n<\/div>\n<\/div>\n<\/div><div class=\"bde-div-31-225 bde-div\">\n  \n  \n\t\n\n\n\n<div class=\"bde-div-31-226 bde-div\">\n  \n  \n\t\n\n\n\n<img decoding=\"async\" class=\"bde-image2-31-227 bde-image2\" src=\"https:\/\/premiaglobaladvisors.com\/wp-content\/uploads\/VideoforStills-FullRez.00_39_51_04.Still048.jpg\" loading=\"lazy\" srcset=\"https:\/\/premiaglobaladvisors.com\/wp-content\/uploads\/VideoforStills-FullRez.00_39_51_04.Still048.jpg 1024w, https:\/\/premiaglobaladvisors.com\/wp-content\/uploads\/VideoforStills-FullRez.00_39_51_04.Still048-300x169.jpg 300w, https:\/\/premiaglobaladvisors.com\/wp-content\/uploads\/VideoforStills-FullRez.00_39_51_04.Still048-768x432.jpg 768w\" sizes=\"(max-width: 1024px) 100vw, 1024px\">\n<\/div><div class=\"bde-div-31-228 bde-div\">\n  \n  \n\t\n\n\n\n<h3 class=\"bde-heading-31-229 bde-heading\">\nConsideraciones monetarias\n<\/h3><div class=\"bde-text-31-230 bde-text\">\nLe apoyamos en la gesti\u00f3n de divisas internacionales y asistimos en la optimizaci\u00f3n de la exposici\u00f3n a monedas dentro de las carteras, contribuyendo a una gesti\u00f3n prudente del riesgo.\n<\/div>\n<\/div>\n<\/div><div class=\"bde-div-31-231 bde-div\">\n  \n  \n\t\n\n\n\n<div class=\"bde-div-31-232 bde-div\">\n  \n  \n\t\n\n\n\n<img decoding=\"async\" class=\"bde-image2-31-233 bde-image2\" src=\"https:\/\/premiaglobaladvisors.com\/wp-content\/uploads\/VideoforStills-FullRez.01_14_08_18.Still141.jpg\" loading=\"lazy\" srcset=\"https:\/\/premiaglobaladvisors.com\/wp-content\/uploads\/VideoforStills-FullRez.01_14_08_18.Still141.jpg 1024w, https:\/\/premiaglobaladvisors.com\/wp-content\/uploads\/VideoforStills-FullRez.01_14_08_18.Still141-300x169.jpg 300w, https:\/\/premiaglobaladvisors.com\/wp-content\/uploads\/VideoforStills-FullRez.01_14_08_18.Still141-768x432.jpg 768w\" sizes=\"(max-width: 1024px) 100vw, 1024px\">\n<\/div><div class=\"bde-div-31-234 bde-div\">\n  \n  \n\t\n\n\n\n<h3 class=\"bde-heading-31-235 bde-heading\">\nPerspectivas econ\u00f3micas mundiales\n<\/h3><div class=\"bde-text-31-236 bde-text\">\nNuestras estrategias buscan situarle de manera favorable mediante un an\u00e1lisis exhaustivo de las perspectivas econ\u00f3micas globales, apoyando la identificaci\u00f3n de oportunidades emergentes y la gesti\u00f3n de posibles riesgos en su cartera.<br>\n<\/div>\n<\/div>\n<\/div><div class=\"bde-div-31-237 bde-div\">\n  \n  \n\t\n\n\n\n<div class=\"bde-div-31-238 bde-div\">\n  \n  \n\t\n\n\n\n<img decoding=\"async\" class=\"bde-image2-31-239 bde-image2\" src=\"https:\/\/premiaglobaladvisors.com\/wp-content\/uploads\/VideoforStills-FullRez.00_43_55_19.Still060.jpg\" loading=\"lazy\" srcset=\"https:\/\/premiaglobaladvisors.com\/wp-content\/uploads\/VideoforStills-FullRez.00_43_55_19.Still060.jpg 1024w, https:\/\/premiaglobaladvisors.com\/wp-content\/uploads\/VideoforStills-FullRez.00_43_55_19.Still060-300x166.jpg 300w, https:\/\/premiaglobaladvisors.com\/wp-content\/uploads\/VideoforStills-FullRez.00_43_55_19.Still060-768x424.jpg 768w\" sizes=\"(max-width: 1024px) 100vw, 1024px\">\n<\/div><div class=\"bde-div-31-240 bde-div\">\n  \n  \n\t\n\n\n\n<h3 class=\"bde-heading-31-241 bde-heading\">\nDiversificaci\u00f3n por regiones\n<\/h3><div class=\"bde-text-31-242 bde-text\">\nImplementamos estrategias de diversificaci\u00f3n geogr\u00e1fica, contribuyendo a reducir los riesgos asociados a las fluctuaciones econ\u00f3micas globales.\n<\/div>\n<\/div>\n<\/div>\n<\/div>\n<\/div><img decoding=\"async\" class=\"bde-image2-31-243 bde-image2\" src=\"https:\/\/premiaglobaladvisors.com\/wp-content\/uploads\/background-gold.png\" loading=\"lazy\" srcset=\"https:\/\/premiaglobaladvisors.com\/wp-content\/uploads\/background-gold.png 1332w, https:\/\/premiaglobaladvisors.com\/wp-content\/uploads\/background-gold-300x126.png 300w, https:\/\/premiaglobaladvisors.com\/wp-content\/uploads\/background-gold-1024x429.png 1024w, https:\/\/premiaglobaladvisors.com\/wp-content\/uploads\/background-gold-768x322.png 768w\" sizes=\"(max-width: 1332px) 100vw, 1332px\"><\/div>\n<\/section><section class=\"bde-section-31-140 bde-section\">\n  \n  \n\t\n\n\n\n<div class=\"section-container\"><h1 class=\"bde-heading-31-141 bde-heading\">\nPreguntas Frecuentes\n<\/h1><div class=\"bde-div-31-142 bde-div\">\n  \n  \n\t\n\n\n\n<div class=\"bde-accordion-31-143 bde-accordion bde-accordion--bordered-bottom\"><div class=\"bde-accordion__content-wrapper-31-144 bde-accordion__content-wrapper\">\n<h3 class=\"bde-accordion__title-tag\">\n  <button type=\"button\" class=\"bde-accordion__button\" id=\"accordion-button-144\" aria-controls=\"accordion-panel-144\" aria-expanded=\"false\">\n     <span class=\"bde-accordion__title\" >\u00bfQu\u00e9 es la gesti\u00f3n global de carteras?<\/span>\n     <span class=\"bde-accordion__icon bde-accordion__icon--default\"><\/span>\n     <span class=\"bde-accordion__icon bde-accordion__icon--active\"><\/span>\n  <\/button>\n<\/h3>\n\n<div role=\"region\" class=\"bde-accordion__panel\" id=\"accordion-panel-144\" aria-labelledby=\"accordion-button-144\">\n    <div class=\"bde-accordion__panel-content\">\n        <div class=\"bde-text-31-145 bde-text\">\nLa gesti\u00f3n de carteras globales es un enfoque estrat\u00e9gico para administrar una cartera de inversi\u00f3n que incluye activos de distintas regiones y pa\u00edses. Este enfoque consiste en seleccionar y gestionar una combinaci\u00f3n de inversiones, como bienes inmuebles, acciones, bonos y activos alternativos, con el fin de apoyar la consecuci\u00f3n de objetivos financieros espec\u00edficos. Tiene en cuenta las tendencias de los mercados globales, las condiciones econ\u00f3micas y los factores geopol\u00edticos.\n<\/div>\n    <\/div>\n<\/div>\n\n\n\n<\/div><div class=\"bde-accordion__content-wrapper-31-146 bde-accordion__content-wrapper\">\n<h3 class=\"bde-accordion__title-tag\">\n  <button type=\"button\" class=\"bde-accordion__button\" id=\"accordion-button-146\" aria-controls=\"accordion-panel-146\" aria-expanded=\"false\">\n     <span class=\"bde-accordion__title\" >\u00bfCu\u00e1les son las ventajas de la gesti\u00f3n global de carteras?<\/span>\n     <span class=\"bde-accordion__icon bde-accordion__icon--default\"><\/span>\n     <span class=\"bde-accordion__icon bde-accordion__icon--active\"><\/span>\n  <\/button>\n<\/h3>\n\n<div role=\"region\" class=\"bde-accordion__panel\" id=\"accordion-panel-146\" aria-labelledby=\"accordion-button-146\">\n    <div class=\"bde-accordion__panel-content\">\n        <div class=\"bde-text-31-147 bde-text\">\nLos beneficios de la gesti\u00f3n de carteras globales incluyen la diversificaci\u00f3n, que ayuda a reducir el riesgo mediante la inversi\u00f3n en diversas clases de activos y regiones. Adem\u00e1s, ofrece acceso a una gama m\u00e1s amplia de oportunidades de inversi\u00f3n y contribuye a mitigar el impacto de posibles ca\u00eddas en mercados regionales.<br>\n<\/div>\n    <\/div>\n<\/div>\n\n\n\n<\/div><div class=\"bde-accordion__content-wrapper-31-148 bde-accordion__content-wrapper\">\n<h3 class=\"bde-accordion__title-tag\">\n  <button type=\"button\" class=\"bde-accordion__button\" id=\"accordion-button-148\" aria-controls=\"accordion-panel-148\" aria-expanded=\"false\">\n     <span class=\"bde-accordion__title\" >\u00bfEn qu\u00e9 se diferencia la gesti\u00f3n global de carteras de la gesti\u00f3n tradicional de carteras?<\/span>\n     <span class=\"bde-accordion__icon bde-accordion__icon--default\"><\/span>\n     <span class=\"bde-accordion__icon bde-accordion__icon--active\"><\/span>\n  <\/button>\n<\/h3>\n\n<div role=\"region\" class=\"bde-accordion__panel\" id=\"accordion-panel-148\" aria-labelledby=\"accordion-button-148\">\n    <div class=\"bde-accordion__panel-content\">\n        <div class=\"bde-text-31-149 bde-text\">\nLa gesti\u00f3n global de carteras se centra en la diversificaci\u00f3n de las inversiones en los mercados internacionales, mientras que la gesti\u00f3n tradicional de carteras se concentra en los mercados nacionales. Para gestionar una cartera global, es necesario un conocimiento m\u00e1s profundo de las tendencias econ\u00f3micas mundiales, las fluctuaciones monetarias y los riesgos geopol\u00edticos.\n<\/div>\n    <\/div>\n<\/div>\n\n\n\n<\/div><div class=\"bde-accordion__content-wrapper-31-150 bde-accordion__content-wrapper\">\n<h3 class=\"bde-accordion__title-tag\">\n  <button type=\"button\" class=\"bde-accordion__button\" id=\"accordion-button-150\" aria-controls=\"accordion-panel-150\" aria-expanded=\"false\">\n     <span class=\"bde-accordion__title\" >\u00bfCu\u00e1les son las consideraciones clave en la gesti\u00f3n global de carteras?<\/span>\n     <span class=\"bde-accordion__icon bde-accordion__icon--default\"><\/span>\n     <span class=\"bde-accordion__icon bde-accordion__icon--active\"><\/span>\n  <\/button>\n<\/h3>\n\n<div role=\"region\" class=\"bde-accordion__panel\" id=\"accordion-panel-150\" aria-labelledby=\"accordion-button-150\">\n    <div class=\"bde-accordion__panel-content\">\n        <div class=\"bde-text-31-151 bde-text\">\nNuestras estrategias buscan situarle de manera favorable mediante un an\u00e1lisis exhaustivo de las perspectivas econ\u00f3micas globales, apoyando la identificaci\u00f3n de oportunidades emergentes y la gesti\u00f3n de posibles riesgos en su cartera.<br>\n<\/div>\n    <\/div>\n<\/div>\n\n\n\n<\/div><div class=\"bde-accordion__content-wrapper-31-152 bde-accordion__content-wrapper\">\n<h3 class=\"bde-accordion__title-tag\">\n  <button type=\"button\" class=\"bde-accordion__button\" id=\"accordion-button-152\" aria-controls=\"accordion-panel-152\" aria-expanded=\"false\">\n     <span class=\"bde-accordion__title\" >\u00bfC\u00f3mo aplicar estrategias de gesti\u00f3n global de carteras?<\/span>\n     <span class=\"bde-accordion__icon bde-accordion__icon--default\"><\/span>\n     <span class=\"bde-accordion__icon bde-accordion__icon--active\"><\/span>\n  <\/button>\n<\/h3>\n\n<div role=\"region\" class=\"bde-accordion__panel\" id=\"accordion-panel-152\" aria-labelledby=\"accordion-button-152\">\n    <div class=\"bde-accordion__panel-content\">\n        <div class=\"bde-text-31-153 bde-text\">\nPara implementar estrategias de gesti\u00f3n de carteras globales, es recomendable comenzar definiendo sus objetivos de inversi\u00f3n, tolerancia al riesgo y horizonte temporal. A continuaci\u00f3n, realice un an\u00e1lisis exhaustivo de los mercados internacionales, las tendencias econ\u00f3micas y los riesgos geopol\u00edticos. Posteriormente, dise\u00f1e una cartera diversificada con activos procedentes de distintos pa\u00edses y regiones, teniendo en cuenta factores como la exposici\u00f3n a divisas, la asignaci\u00f3n por sectores y la capitalizaci\u00f3n de mercado. Asimismo, es fundamental supervisar y reajustar la cartera de forma peri\u00f3dica para mantenerla alineada con sus objetivos de inversi\u00f3n y tolerancia al riesgo.<br>\n<\/div>\n    <\/div>\n<\/div>\n\n\n\n<\/div>\r\n\r\n<\/div>\n<\/div><img decoding=\"async\" class=\"bde-image2-31-154 bde-image2\" src=\"https:\/\/premiaglobaladvisors.com\/wp-content\/uploads\/background-dark-blue.png\" loading=\"lazy\" srcset=\"https:\/\/premiaglobaladvisors.com\/wp-content\/uploads\/background-dark-blue.png 1332w, https:\/\/premiaglobaladvisors.com\/wp-content\/uploads\/background-dark-blue-300x126.png 300w, https:\/\/premiaglobaladvisors.com\/wp-content\/uploads\/background-dark-blue-1024x429.png 1024w, https:\/\/premiaglobaladvisors.com\/wp-content\/uploads\/background-dark-blue-768x322.png 768w\" sizes=\"(max-width: 1332px) 100vw, 1332px\"><\/div>\n<\/section><\/div>","protected":false},"excerpt":{"rendered":"<p>Our Services Global Portfolio Management Investments are more than just numbers; they\u2019re a reflection of your dreams. At Premia, we are committed to helping you achieve your financial dreams through customized global portfolio management strategies. Contact Us Global Portfolio Management Solutions Contact Us Market Analysis Our team helps you gain a deep understanding of global [&hellip;]<\/p>","protected":false},"author":1,"featured_media":0,"parent":25,"menu_order":0,"comment_status":"closed","ping_status":"closed","template":"","meta":{"_acf_changed":false,"_breakdance_hide_in_design_set":false,"_breakdance_tags":"","footnotes":""},"class_list":["post-31","page","type-page","status-publish","hentry"],"acf":[],"yoast_head":"<!-- This site is optimized with the Yoast SEO plugin v26.1.1 - https:\/\/yoast.com\/wordpress\/plugins\/seo\/ -->\n<title>Global Portfolio Management - Premia Global Advisors<\/title>\n<meta name=\"robots\" content=\"index, follow, max-snippet:-1, max-image-preview:large, max-video-preview:-1\" \/>\n<link rel=\"canonical\" href=\"https:\/\/premiaglobaladvisors.com\/es\/nuestros-servicios\/gestion-global-de-carteras\/\" \/>\n<meta property=\"og:locale\" content=\"es_ES\" \/>\n<meta property=\"og:type\" content=\"article\" \/>\n<meta property=\"og:title\" content=\"Global Portfolio Management - Premia Global Advisors\" \/>\n<meta property=\"og:description\" content=\"Our Services Global Portfolio Management Investments are more than just numbers; they\u2019re a reflection of your dreams. At Premia, we are committed to helping you achieve your financial dreams through customized global portfolio management strategies. Contact Us Global Portfolio Management Solutions Contact Us Market Analysis Our team helps you gain a deep understanding of global [&hellip;]\" \/>\n<meta property=\"og:url\" content=\"https:\/\/premiaglobaladvisors.com\/es\/nuestros-servicios\/gestion-global-de-carteras\/\" \/>\n<meta property=\"og:site_name\" content=\"Premia Global Advisors\" \/>\n<meta property=\"article:modified_time\" content=\"2025-09-18T03:37:41+00:00\" \/>\n<meta name=\"twitter:card\" content=\"summary_large_image\" \/>\n<meta name=\"twitter:label1\" content=\"Est. reading time\" \/>\n\t<meta name=\"twitter:data1\" content=\"4 minutos\" \/>\n<script type=\"application\/ld+json\" class=\"yoast-schema-graph\">{\"@context\":\"https:\/\/schema.org\",\"@graph\":[{\"@type\":\"WebPage\",\"@id\":\"https:\/\/premiaglobaladvisors.com\/our-services\/global-portfolio-management\/\",\"url\":\"https:\/\/premiaglobaladvisors.com\/our-services\/global-portfolio-management\/\",\"name\":\"Global Portfolio Management - Premia Global Advisors\",\"isPartOf\":{\"@id\":\"https:\/\/premiaglobaladvisors.com\/#website\"},\"datePublished\":\"2025-06-18T18:59:23+00:00\",\"dateModified\":\"2025-09-18T03:37:41+00:00\",\"breadcrumb\":{\"@id\":\"https:\/\/premiaglobaladvisors.com\/our-services\/global-portfolio-management\/#breadcrumb\"},\"inLanguage\":\"es\",\"potentialAction\":[{\"@type\":\"ReadAction\",\"target\":[\"https:\/\/premiaglobaladvisors.com\/our-services\/global-portfolio-management\/\"]}]},{\"@type\":\"BreadcrumbList\",\"@id\":\"https:\/\/premiaglobaladvisors.com\/our-services\/global-portfolio-management\/#breadcrumb\",\"itemListElement\":[{\"@type\":\"ListItem\",\"position\":1,\"name\":\"Home\",\"item\":\"https:\/\/premiaglobaladvisors.com\/\"},{\"@type\":\"ListItem\",\"position\":2,\"name\":\"Our Services\",\"item\":\"https:\/\/premiaglobaladvisors.com\/our-services\/\"},{\"@type\":\"ListItem\",\"position\":3,\"name\":\"Global Portfolio Management\"}]},{\"@type\":\"WebSite\",\"@id\":\"https:\/\/premiaglobaladvisors.com\/#website\",\"url\":\"https:\/\/premiaglobaladvisors.com\/\",\"name\":\"Premia Global Advisors\",\"description\":\"\",\"potentialAction\":[{\"@type\":\"SearchAction\",\"target\":{\"@type\":\"EntryPoint\",\"urlTemplate\":\"https:\/\/premiaglobaladvisors.com\/?s={search_term_string}\"},\"query-input\":{\"@type\":\"PropertyValueSpecification\",\"valueRequired\":true,\"valueName\":\"search_term_string\"}}],\"inLanguage\":\"es\"}]}<\/script>\n<!-- \/ Yoast SEO plugin. -->","yoast_head_json":{"title":"Gesti\u00f3n Global de Carteras - Premia Global Advisors","robots":{"index":"index","follow":"follow","max-snippet":"max-snippet:-1","max-image-preview":"max-image-preview:large","max-video-preview":"max-video-preview:-1"},"canonical":"https:\/\/premiaglobaladvisors.com\/es\/nuestros-servicios\/gestion-global-de-carteras\/","og_locale":"es_ES","og_type":"article","og_title":"Global Portfolio Management - Premia Global Advisors","og_description":"Our Services Global Portfolio Management Investments are more than just numbers; they\u2019re a reflection of your dreams. At Premia, we are committed to helping you achieve your financial dreams through customized global portfolio management strategies. Contact Us Global Portfolio Management Solutions Contact Us Market Analysis Our team helps you gain a deep understanding of global [&hellip;]","og_url":"https:\/\/premiaglobaladvisors.com\/es\/nuestros-servicios\/gestion-global-de-carteras\/","og_site_name":"Premia Global Advisors","article_modified_time":"2025-09-18T03:37:41+00:00","twitter_card":"summary_large_image","twitter_misc":{"Est. reading time":"4 minutos"},"schema":{"@context":"https:\/\/schema.org","@graph":[{"@type":"WebPage","@id":"https:\/\/premiaglobaladvisors.com\/our-services\/global-portfolio-management\/","url":"https:\/\/premiaglobaladvisors.com\/our-services\/global-portfolio-management\/","name":"Gesti\u00f3n Global de Carteras - Premia Global Advisors","isPartOf":{"@id":"https:\/\/premiaglobaladvisors.com\/#website"},"datePublished":"2025-06-18T18:59:23+00:00","dateModified":"2025-09-18T03:37:41+00:00","breadcrumb":{"@id":"https:\/\/premiaglobaladvisors.com\/our-services\/global-portfolio-management\/#breadcrumb"},"inLanguage":"es","potentialAction":[{"@type":"ReadAction","target":["https:\/\/premiaglobaladvisors.com\/our-services\/global-portfolio-management\/"]}]},{"@type":"BreadcrumbList","@id":"https:\/\/premiaglobaladvisors.com\/our-services\/global-portfolio-management\/#breadcrumb","itemListElement":[{"@type":"ListItem","position":1,"name":"Home","item":"https:\/\/premiaglobaladvisors.com\/"},{"@type":"ListItem","position":2,"name":"Our Services","item":"https:\/\/premiaglobaladvisors.com\/our-services\/"},{"@type":"ListItem","position":3,"name":"Global Portfolio Management"}]},{"@type":"WebSite","@id":"https:\/\/premiaglobaladvisors.com\/#website","url":"https:\/\/premiaglobaladvisors.com\/","name":"Premia Global Advisors","description":"","potentialAction":[{"@type":"SearchAction","target":{"@type":"EntryPoint","urlTemplate":"https:\/\/premiaglobaladvisors.com\/?s={search_term_string}"},"query-input":{"@type":"PropertyValueSpecification","valueRequired":true,"valueName":"search_term_string"}}],"inLanguage":"es"}]}},"_links":{"self":[{"href":"https:\/\/premiaglobaladvisors.com\/es\/wp-json\/wp\/v2\/pages\/31","targetHints":{"allow":["GET"]}}],"collection":[{"href":"https:\/\/premiaglobaladvisors.com\/es\/wp-json\/wp\/v2\/pages"}],"about":[{"href":"https:\/\/premiaglobaladvisors.com\/es\/wp-json\/wp\/v2\/types\/page"}],"author":[{"embeddable":true,"href":"https:\/\/premiaglobaladvisors.com\/es\/wp-json\/wp\/v2\/users\/1"}],"replies":[{"embeddable":true,"href":"https:\/\/premiaglobaladvisors.com\/es\/wp-json\/wp\/v2\/comments?post=31"}],"version-history":[{"count":8,"href":"https:\/\/premiaglobaladvisors.com\/es\/wp-json\/wp\/v2\/pages\/31\/revisions"}],"predecessor-version":[{"id":5349,"href":"https:\/\/premiaglobaladvisors.com\/es\/wp-json\/wp\/v2\/pages\/31\/revisions\/5349"}],"up":[{"embeddable":true,"href":"https:\/\/premiaglobaladvisors.com\/es\/wp-json\/wp\/v2\/pages\/25"}],"wp:attachment":[{"href":"https:\/\/premiaglobaladvisors.com\/es\/wp-json\/wp\/v2\/media?parent=31"}],"curies":[{"name":"wp","href":"https:\/\/api.w.org\/{rel}","templated":true}]}}