{"id":33,"date":"2025-06-18T13:59:23","date_gmt":"2025-06-18T18:59:23","guid":{"rendered":"https:\/\/premiaglobaladvisors.com\/our-services\/us-wealth-management\/"},"modified":"2025-08-27T13:05:29","modified_gmt":"2025-08-27T18:05:29","slug":"gestion-de-patrimonios","status":"publish","type":"page","link":"https:\/\/premiaglobaladvisors.com\/es\/nuestros-servicios\/gestion-de-patrimonios\/","title":{"rendered":"Gesti\u00f3n de Patrimonios en EE.UU."},"content":{"rendered":"<div class='breakdance'><section class=\"bde-section-33-100 bde-section block-media-cta\">\n  \n  \n\t\n\n\n\n<div class=\"section-container\"><div class=\"bde-div-33-101 bde-div\">\n  \n  \n\t\n\n\n\n<div class=\"bde-div-33-102 bde-div\">\n  \n  \n\t\n\n\n\n<div class=\"bde-text-33-103 bde-text\">\nNuestros Servicios\n<\/div><h1 class=\"bde-heading-33-104 bde-heading\">\nGesti\u00f3n de Patrimonios en EE.UU.\n<\/h1><div class=\"bde-text-33-105 bde-text\">\nNavegar por el complejo panorama de la gesti\u00f3n patrimonial en Estados Unidos requiere un enfoque estrat\u00e9gico y un conocimiento profundo del mercado. En Premia, le acompa\u00f1amos en el an\u00e1lisis y gesti\u00f3n de los aspectos clave de la planificaci\u00f3n patrimonial en EE.\u202fUU.<br>\n<\/div><div class=\"autogenerated-kce-buttonarrow-33-106 autogenerated-kce-buttonarrow\">\n        \n            \n            \n\n    \n    \n    \n    \n    \n    <a class=\"breakdance-link\" href=\"https:\/\/premiaglobaladvisors.com\/es\/contacto\/\" target=\"_self\" data-type=\"url\"  >\n\n<div class=\"icon-wrap\">\n<div class=\"icon breakdance-icon-atom\"><svg xmlns=\"http:\/\/www.w3.org\/2000\/svg\" viewbox=\"0 0 384 512\"><path d=\"M328 96c13.3 0 24 10.7 24 24l0 240c0 13.3-10.7 24-24 24s-24-10.7-24-24l0-182.1L73 409c-9.4 9.4-24.6 9.4-33.9 0s-9.4-24.6 0-33.9l231-231L88 144c-13.3 0-24-10.7-24-24s10.7-24 24-24l240 0z\"><\/path><\/svg><\/div>\n<\/div>\n<div class=\"label\">CONT\u00c1CTENOS<\/div>\n    <\/a>\n\n  \n    \n<\/div>\n<\/div><div class=\"bde-div-33-107 bde-div\">\n  \n  \n\t\n\n\n\n<img decoding=\"async\" class=\"bde-image2-33-108 bde-image2\" src=\"https:\/\/premiaglobaladvisors.com\/wp-content\/uploads\/VideoforStills-FullRez.01_32_29_13.Still175.jpg\" loading=\"lazy\" srcset=\"https:\/\/premiaglobaladvisors.com\/wp-content\/uploads\/VideoforStills-FullRez.01_32_29_13.Still175.jpg 1024w, https:\/\/premiaglobaladvisors.com\/wp-content\/uploads\/VideoforStills-FullRez.01_32_29_13.Still175-300x169.jpg 300w, https:\/\/premiaglobaladvisors.com\/wp-content\/uploads\/VideoforStills-FullRez.01_32_29_13.Still175-768x432.jpg 768w\" sizes=\"(max-width: 1024px) 100vw, 1024px\">\n<\/div>\n<\/div><\/div>\n<\/section><section class=\"bde-section-33-109 bde-section\">\n  \n  \n\t\n\n\n\n<div class=\"section-container\"><div class=\"bde-div-33-110 bde-div\">\n  \n  \n\t\n\n\n\n<h2 class=\"bde-heading-33-111 bde-heading\">\nNuestro Enfoque de la Gesti\u00f3n de Patrimonios en EE.UU.\n<\/h2><div class=\"bde-div-33-112 bde-div\">\n  \n  \n\t\n\n\n\n<div class=\"bde-text-33-113 bde-text\">\nAdem\u00e1s de nuestra amplia experiencia en inversiones globales, nuestro equipo cuenta con una s\u00f3lida trayectoria en la gesti\u00f3n patrimonial a nivel local. <br><br>Seguimos el mismo proceso en todos nuestros servicios de gesti\u00f3n patrimonial: comprendemos sus objetivos y su cartera actual, y a continuaci\u00f3n evaluamos el mercado en busca de oportunidades.<br>\n<\/div><div class=\"bde-button-33-114 bde-button\">\n    \n                                    \n    \n    \n    \n    \n            \n                    \n            \n            \n\n    \n    \n    \n    \n    \n    <a class=\"breakdance-link button-atom button-atom--secondary bde-button__button\" href=\"https:\/\/premiaglobaladvisors.com\/es\/contacto\/\" target=\"_self\" data-type=\"url\"  >\n\n    \n        <span class=\"button-atom__text\">CONT\u00c1CTENOS<\/span>\n\n                            \n        \n                <\/a>\n\n    \n\n\n<\/div>\n<\/div>\n<\/div><\/div>\n<\/section><section class=\"bde-section-33-115 bde-section\">\n  \n  \n\t\n\n\n\n<div class=\"section-container\"><div class=\"bde-advanced-tabs-33-116 bde-advanced-tabs\">\n\n\n        \n      <select aria-label=\"Fichas de contenido\" class=\"bde-tabs__select js-tab-select\">\n      \n              <option value=\"tab-bde-advanced-tabs-33-116-1\" data-value=\"1\">\n          Tendencias y Oportunidades del Mercado\n        <\/option>\n              <option value=\"tab-bde-advanced-tabs-33-116-2\" data-value=\"2\">\n          Navegar por Aguas Reglamentarias\n        <\/option>\n              <option value=\"tab-bde-advanced-tabs-33-116-3\" data-value=\"3\">\n          Preservaci\u00f3n del Patrimonio en Tiempos de Incertidumbre\n        <\/option>\n          <\/select>\n  \n  \n  <div class=\"bde-tabs__tabslist-container bde-tabs__tabslist-container--dropdown is-vertical js-tabs-container\">\n    <div class=\"bde-tabs__tabslist bde-tabs__tabslist--tabs js-tablist\" role=\"tablist\" aria-label=\"Fichas de contenido\" aria-orientation=\"vertical\" data-tabs-id=\"bde-advanced-tabs-33-116\">\n      \n              <button role=\"tab\" aria-selected=\"false\" class=\"bde-tabs__tab js-tab\" aria-controls=\"tab-panel-bde-advanced-tabs-33-116-1\" id=\"tab-bde-advanced-tabs-33-116-1\" data-value=\"1\">\n                    <span class=\"bde-tabs__tab-title\">Tendencias y Oportunidades del Mercado<\/span>\n        <\/button>\n              <button role=\"tab\" aria-selected=\"false\" class=\"bde-tabs__tab js-tab\" aria-controls=\"tab-panel-bde-advanced-tabs-33-116-2\" id=\"tab-bde-advanced-tabs-33-116-2\" data-value=\"2\">\n                    <span class=\"bde-tabs__tab-title\">Navegar por Aguas Reglamentarias<\/span>\n        <\/button>\n              <button role=\"tab\" aria-selected=\"false\" class=\"bde-tabs__tab js-tab\" aria-controls=\"tab-panel-bde-advanced-tabs-33-116-3\" id=\"tab-bde-advanced-tabs-33-116-3\" data-value=\"3\">\n                    <span class=\"bde-tabs__tab-title\">Preservaci\u00f3n del Patrimonio en Tiempos de Incertidumbre<\/span>\n        <\/button>\n          <\/div>\n  <\/div>\n\n<div class=\"bde-tabs-content-container\">\n  <div class=\"bde-advanced-tabs-content-33-117 bde-advanced-tabs-content\">\n<div tabindex=\"0\" role=\"tabpanel\" class=\"bde-tabs__panel js-panel\" id=\"\" aria-labelledby=\"\">\n  <div class=\"bde-tabs__panel-content\">\n    <div class=\"bde-div-33-118 bde-div\">\n  \n  \n\t\n\n\n\n<img decoding=\"async\" class=\"bde-image2-33-119 bde-image2\" src=\"https:\/\/premiaglobaladvisors.com\/wp-content\/uploads\/VideoforStills-FullRez.00_39_51_04.Still048.jpg\" loading=\"lazy\" srcset=\"https:\/\/premiaglobaladvisors.com\/wp-content\/uploads\/VideoforStills-FullRez.00_39_51_04.Still048.jpg 1024w, https:\/\/premiaglobaladvisors.com\/wp-content\/uploads\/VideoforStills-FullRez.00_39_51_04.Still048-300x169.jpg 300w, https:\/\/premiaglobaladvisors.com\/wp-content\/uploads\/VideoforStills-FullRez.00_39_51_04.Still048-768x432.jpg 768w\" sizes=\"(max-width: 1024px) 100vw, 1024px\">\n<\/div><div class=\"bde-text-33-120 bde-text\">\nAnalizamos las \u00faltimas tendencias y oportunidades del mercado estadounidense para mantenerle informado. Nuestros asesores comparten su visi\u00f3n sobre la evoluci\u00f3n del panorama de inversi\u00f3n y c\u00f3mo los clientes pueden identificar oportunidades emergentes.\n<\/div>\n  <\/div>\n<\/div>\n\n<\/div><div class=\"bde-advanced-tabs-content-33-121 bde-advanced-tabs-content\">\n<div tabindex=\"0\" role=\"tabpanel\" class=\"bde-tabs__panel js-panel\" id=\"\" aria-labelledby=\"\">\n  <div class=\"bde-tabs__panel-content\">\n    <div class=\"bde-div-33-122 bde-div\">\n  \n  \n\t\n\n\n\n<img decoding=\"async\" class=\"bde-image2-33-123 bde-image2\" src=\"https:\/\/premiaglobaladvisors.com\/wp-content\/uploads\/VideoforStills-FullRez.01_02_55_27.Still105.jpg\" loading=\"lazy\" srcset=\"https:\/\/premiaglobaladvisors.com\/wp-content\/uploads\/VideoforStills-FullRez.01_02_55_27.Still105.jpg 1024w, https:\/\/premiaglobaladvisors.com\/wp-content\/uploads\/VideoforStills-FullRez.01_02_55_27.Still105-300x169.jpg 300w, https:\/\/premiaglobaladvisors.com\/wp-content\/uploads\/VideoforStills-FullRez.01_02_55_27.Still105-768x432.jpg 768w\" sizes=\"(max-width: 1024px) 100vw, 1024px\">\n<\/div><div class=\"bde-text-33-124 bde-text\">\nEl cumplimiento normativo es fundamental en los Estados Unidos. Nos aseguramos de que las inversiones de nuestros clientes se gestionen conforme al marco regulatorio vigente, ofreciendo un entorno transparente y seguro para la gesti\u00f3n patrimonial.\n<\/div>\n  <\/div>\n<\/div>\n\n<\/div><div class=\"bde-advanced-tabs-content-33-125 bde-advanced-tabs-content\">\n<div tabindex=\"0\" role=\"tabpanel\" class=\"bde-tabs__panel js-panel\" id=\"\" aria-labelledby=\"\">\n  <div class=\"bde-tabs__panel-content\">\n    <div class=\"bde-div-33-126 bde-div\">\n  \n  \n\t\n\n\n\n<img decoding=\"async\" class=\"bde-image2-33-127 bde-image2\" src=\"https:\/\/premiaglobaladvisors.com\/wp-content\/uploads\/VideoforStills-FullRez.01_16_14_16.Still148.jpg\" loading=\"lazy\" srcset=\"https:\/\/premiaglobaladvisors.com\/wp-content\/uploads\/VideoforStills-FullRez.01_16_14_16.Still148.jpg 1024w, https:\/\/premiaglobaladvisors.com\/wp-content\/uploads\/VideoforStills-FullRez.01_16_14_16.Still148-300x169.jpg 300w, https:\/\/premiaglobaladvisors.com\/wp-content\/uploads\/VideoforStills-FullRez.01_16_14_16.Still148-768x432.jpg 768w\" sizes=\"(max-width: 1024px) 100vw, 1024px\">\n<\/div><div class=\"bde-text-33-128 bde-text\">\nLos mercados financieros son dif\u00edciles de prever, especialmente en periodos de incertidumbre econ\u00f3mica o pol\u00edtica. Colaboramos con nuestros clientes en el desarrollo de estrategias orientadas a la gesti\u00f3n prudente del patrimonio en estas circunstancias.\n<\/div>\n  <\/div>\n<\/div>\n\n<\/div><div class=\"bde-advanced-tabs-content-33-129 bde-advanced-tabs-content\">\n<div tabindex=\"0\" role=\"tabpanel\" class=\"bde-tabs__panel js-panel\" id=\"\" aria-labelledby=\"\">\n  <div class=\"bde-tabs__panel-content\">\n    <div class=\"bde-div-33-130 bde-div\">\n  \n  \n\t\n\n\n\n<img decoding=\"async\" class=\"bde-image2-33-131 bde-image2\" src=\"https:\/\/premiaglobaladvisors.com\/wp-content\/uploads\/web-image-119-1024x708.jpg\" loading=\"lazy\" srcset=\"https:\/\/premiaglobaladvisors.com\/wp-content\/uploads\/web-image-119.jpg 2000w, https:\/\/premiaglobaladvisors.com\/wp-content\/uploads\/web-image-119-300x207.jpg 300w, https:\/\/premiaglobaladvisors.com\/wp-content\/uploads\/web-image-119-1024x708.jpg 1024w, https:\/\/premiaglobaladvisors.com\/wp-content\/uploads\/web-image-119-768x531.jpg 768w, https:\/\/premiaglobaladvisors.com\/wp-content\/uploads\/web-image-119-1536x1062.jpg 1536w\" sizes=\"(max-width: 2000px) 100vw, 2000px\">\n<\/div><div class=\"bde-text-33-132 bde-text\">\nActuamos como gestores de su bienestar financiero. No nos limitamos a administrar sus inversiones; ofrecemos orientaci\u00f3n y apoyo para que pueda tomar decisiones informadas de acuerdo con sus objetivos a largo plazo.\n<\/div>\n  <\/div>\n<\/div>\n\n<\/div>\n<\/div>\n\n\n<\/div><div class=\"bde-button-33-148 bde-button\">\n    \n                                    \n    \n    \n    \n    \n            \n                    \n            \n            \n\n    \n    \n    \n    \n    \n    <a class=\"breakdance-link button-atom button-atom--secondary bde-button__button\" href=\"https:\/\/premiaglobaladvisors.com\/es\/contacto\/\" target=\"_self\" data-type=\"url\"  >\n\n    \n        <span class=\"button-atom__text\">CONT\u00c1CTENOS <\/span>\n\n        \n        \n                <\/a>\n\n    \n\n\n<\/div><\/div>\n<\/section><section class=\"bde-section-33-133 bde-section\">\n  \n  \n\t\n\n\n\n<div class=\"section-container\"><h1 class=\"bde-heading-33-134 bde-heading\">\nPreguntas Frecuentes\n<\/h1><div class=\"bde-div-33-135 bde-div\">\n  \n  \n\t\n\n\n\n<div class=\"bde-accordion-33-136 bde-accordion bde-accordion--bordered-bottom\"><div class=\"bde-accordion__content-wrapper-33-137 bde-accordion__content-wrapper\">\n<h3 class=\"bde-accordion__title-tag\">\n  <button type=\"button\" class=\"bde-accordion__button\" id=\"accordion-button-137\" aria-controls=\"accordion-panel-137\" aria-expanded=\"false\">\n     <span class=\"bde-accordion__title\" >\u00bfQu\u00e9 es la gesti\u00f3n de patrimonios en Estados Unidos?<\/span>\n     <span class=\"bde-accordion__icon bde-accordion__icon--default\"><\/span>\n     <span class=\"bde-accordion__icon bde-accordion__icon--active\"><\/span>\n  <\/button>\n<\/h3>\n\n<div role=\"region\" class=\"bde-accordion__panel\" id=\"accordion-panel-137\" aria-labelledby=\"accordion-button-137\">\n    <div class=\"bde-accordion__panel-content\">\n        <div class=\"bde-text-33-138 bde-text\">\nLa gesti\u00f3n patrimonial en Estados Unidos es un servicio integral de asesoramiento financiero dirigido a individuos, familias y empresas en el pa\u00eds. Incluye la gesti\u00f3n de inversiones, planificaci\u00f3n de jubilaci\u00f3n, optimizaci\u00f3n fiscal, planificaci\u00f3n sucesoria, gesti\u00f3n de riesgos y estrategias filantr\u00f3picas, con el objetivo de apoyar a los clientes en la consecuci\u00f3n de sus metas financieras.\n<\/div>\n    <\/div>\n<\/div>\n\n\n\n<\/div><div class=\"bde-accordion__content-wrapper-33-139 bde-accordion__content-wrapper\">\n<h3 class=\"bde-accordion__title-tag\">\n  <button type=\"button\" class=\"bde-accordion__button\" id=\"accordion-button-139\" aria-controls=\"accordion-panel-139\" aria-expanded=\"false\">\n     <span class=\"bde-accordion__title\" >\u00bfCu\u00e1les son las ventajas de la gesti\u00f3n de patrimonios en Estados Unidos?<\/span>\n     <span class=\"bde-accordion__icon bde-accordion__icon--default\"><\/span>\n     <span class=\"bde-accordion__icon bde-accordion__icon--active\"><\/span>\n  <\/button>\n<\/h3>\n\n<div role=\"region\" class=\"bde-accordion__panel\" id=\"accordion-panel-139\" aria-labelledby=\"accordion-button-139\">\n    <div class=\"bde-accordion__panel-content\">\n        <div class=\"bde-text-33-140 bde-text\">\nLas ventajas de la gesti\u00f3n de patrimonios en Estados Unidos incluyen el acceso a asesoramiento financiero, estrategias de inversi\u00f3n personalizadas y un enfoque hol\u00edstico de la gesti\u00f3n del patrimonio. Tambi\u00e9n ofrece a los clientes eficiencia fiscal, protecci\u00f3n de activos y oportunidades de planificaci\u00f3n filantr\u00f3pica.\n<\/div>\n    <\/div>\n<\/div>\n\n\n\n<\/div><div class=\"bde-accordion__content-wrapper-33-141 bde-accordion__content-wrapper\">\n<h3 class=\"bde-accordion__title-tag\">\n  <button type=\"button\" class=\"bde-accordion__button\" id=\"accordion-button-141\" aria-controls=\"accordion-panel-141\" aria-expanded=\"false\">\n     <span class=\"bde-accordion__title\" >\u00bfQu\u00e9 tipos de clientes pueden beneficiarse de la gesti\u00f3n de patrimonios en Estados Unidos?<\/span>\n     <span class=\"bde-accordion__icon bde-accordion__icon--default\"><\/span>\n     <span class=\"bde-accordion__icon bde-accordion__icon--active\"><\/span>\n  <\/button>\n<\/h3>\n\n<div role=\"region\" class=\"bde-accordion__panel\" id=\"accordion-panel-141\" aria-labelledby=\"accordion-button-141\">\n    <div class=\"bde-accordion__panel-content\">\n        <div class=\"bde-text-33-142 bde-text\">\nLa gesti\u00f3n de patrimonios en EE.UU. puede servir a un amplio abanico de personas, desde particulares o familias con grandes patrimonios hasta empresarios y jubilados.<br>\n<\/div>\n    <\/div>\n<\/div>\n\n\n\n<\/div><div class=\"bde-accordion__content-wrapper-33-143 bde-accordion__content-wrapper\">\n<h3 class=\"bde-accordion__title-tag\">\n  <button type=\"button\" class=\"bde-accordion__button\" id=\"accordion-button-143\" aria-controls=\"accordion-panel-143\" aria-expanded=\"false\">\n     <span class=\"bde-accordion__title\" >\u00bfC\u00f3mo puedo encontrar un proveedor de gesti\u00f3n de patrimonios estadounidense de confianza?<br><\/span>\n     <span class=\"bde-accordion__icon bde-accordion__icon--default\"><\/span>\n     <span class=\"bde-accordion__icon bde-accordion__icon--active\"><\/span>\n  <\/button>\n<\/h3>\n\n<div role=\"region\" class=\"bde-accordion__panel\" id=\"accordion-panel-143\" aria-labelledby=\"accordion-button-143\">\n    <div class=\"bde-accordion__panel-content\">\n        <div class=\"bde-text-33-144 bde-text\">\nEn primer lugar, analice la trayectoria de la firma, su experiencia en los mercados financieros de Estados Unidos, la variedad de servicios que ofrece y los testimonios de sus clientes. Revise los documentos regulatorios para asegurarse de que su asesor cumple con la normativa vigente, posee certificaciones profesionales y mantiene afiliaciones sectoriales. Por \u00faltimo, solicite recomendaciones de fuentes fiables, como asesores financieros, asociaciones profesionales o colegas del sector.<br>\n<\/div>\n    <\/div>\n<\/div>\n\n\n\n<\/div><div class=\"bde-accordion__content-wrapper-33-145 bde-accordion__content-wrapper\">\n<h3 class=\"bde-accordion__title-tag\">\n  <button type=\"button\" class=\"bde-accordion__button\" id=\"accordion-button-145\" aria-controls=\"accordion-panel-145\" aria-expanded=\"false\">\n     <span class=\"bde-accordion__title\" >\u00bfCu\u00e1les son las opciones de inversi\u00f3n m\u00e1s comunes en la gesti\u00f3n de patrimonios en Estados Unidos?<\/span>\n     <span class=\"bde-accordion__icon bde-accordion__icon--default\"><\/span>\n     <span class=\"bde-accordion__icon bde-accordion__icon--active\"><\/span>\n  <\/button>\n<\/h3>\n\n<div role=\"region\" class=\"bde-accordion__panel\" id=\"accordion-panel-145\" aria-labelledby=\"accordion-button-145\">\n    <div class=\"bde-accordion__panel-content\">\n        <div class=\"bde-text-33-146 bde-text\">\nEntre las opciones de inversi\u00f3n m\u00e1s habituales se incluyen carteras diversificadas de acciones, bonos y fondos de inversi\u00f3n. Esta estrategia permite repartir el riesgo entre distintos sectores y clases de activos, contribuyendo a obtener rendimientos equilibrados. Los clientes tambi\u00e9n pueden invertir en bienes inmuebles mediante la adquisici\u00f3n directa de propiedades o a trav\u00e9s de fondos de inversi\u00f3n inmobiliaria (REITs).<br><br>Para quienes buscan inversiones con mayor riesgo y potencial de rentabilidad, los fondos de cobertura y el capital privado pueden ofrecer oportunidades de mayores rendimientos. Adem\u00e1s, los clientes pueden obtener exposici\u00f3n al mercado estadounidense mediante la inversi\u00f3n en \u00edndices burs\u00e1tiles de EE.\u202fUU. y fondos cotizados (ETFs), que replican el desempe\u00f1o de los principales \u00edndices y constituyen una forma eficiente en costes de invertir en el mercado. <br>\n<\/div>\n    <\/div>\n<\/div>\n\n\n\n<\/div>\r\n\r\n<\/div>\n<\/div><img decoding=\"async\" class=\"bde-image2-33-147 bde-image2\" src=\"https:\/\/premiaglobaladvisors.com\/wp-content\/uploads\/background-dark-blue.png\" loading=\"lazy\" srcset=\"https:\/\/premiaglobaladvisors.com\/wp-content\/uploads\/background-dark-blue.png 1332w, https:\/\/premiaglobaladvisors.com\/wp-content\/uploads\/background-dark-blue-300x126.png 300w, https:\/\/premiaglobaladvisors.com\/wp-content\/uploads\/background-dark-blue-1024x429.png 1024w, https:\/\/premiaglobaladvisors.com\/wp-content\/uploads\/background-dark-blue-768x322.png 768w\" sizes=\"(max-width: 1332px) 100vw, 1332px\"><\/div>\n<\/section><\/div>","protected":false},"excerpt":{"rendered":"<p>Our Services US Wealth Management Navigating the intricate landscape of wealth management in the United States requires strategic insight and a deep understanding of the market. At Premia, we work with you through the intricacies of US wealth management. Contact Us Our Approach to US Wealth Management In addition to our extensive experience in global [&hellip;]<\/p>","protected":false},"author":1,"featured_media":0,"parent":25,"menu_order":0,"comment_status":"closed","ping_status":"closed","template":"","meta":{"_acf_changed":false,"_breakdance_hide_in_design_set":false,"_breakdance_tags":"","footnotes":""},"class_list":["post-33","page","type-page","status-publish","hentry"],"acf":[],"yoast_head":"<!-- This site is optimized with the Yoast SEO plugin v26.1.1 - https:\/\/yoast.com\/wordpress\/plugins\/seo\/ -->\n<title>US Wealth Management - Premia Global Advisors<\/title>\n<meta name=\"robots\" content=\"index, follow, max-snippet:-1, max-image-preview:large, max-video-preview:-1\" \/>\n<link rel=\"canonical\" href=\"https:\/\/premiaglobaladvisors.com\/es\/nuestros-servicios\/gestion-de-patrimonios\/\" \/>\n<meta property=\"og:locale\" content=\"es_ES\" \/>\n<meta property=\"og:type\" content=\"article\" \/>\n<meta property=\"og:title\" content=\"US Wealth Management - Premia Global Advisors\" \/>\n<meta property=\"og:description\" content=\"Our Services US Wealth Management Navigating the intricate landscape of wealth management in the United States requires strategic insight and a deep understanding of the market. At Premia, we work with you through the intricacies of US wealth management. Contact Us Our Approach to US Wealth Management In addition to our extensive experience in global [&hellip;]\" \/>\n<meta property=\"og:url\" content=\"https:\/\/premiaglobaladvisors.com\/es\/nuestros-servicios\/gestion-de-patrimonios\/\" \/>\n<meta property=\"og:site_name\" content=\"Premia Global Advisors\" \/>\n<meta property=\"article:modified_time\" content=\"2025-08-27T18:05:29+00:00\" \/>\n<meta name=\"twitter:card\" content=\"summary_large_image\" \/>\n<script type=\"application\/ld+json\" class=\"yoast-schema-graph\">{\"@context\":\"https:\/\/schema.org\",\"@graph\":[{\"@type\":\"WebPage\",\"@id\":\"https:\/\/premiaglobaladvisors.com\/our-services\/us-wealth-management\/\",\"url\":\"https:\/\/premiaglobaladvisors.com\/our-services\/us-wealth-management\/\",\"name\":\"US Wealth Management - Premia Global Advisors\",\"isPartOf\":{\"@id\":\"https:\/\/premiaglobaladvisors.com\/#website\"},\"datePublished\":\"2025-06-18T18:59:23+00:00\",\"dateModified\":\"2025-08-27T18:05:29+00:00\",\"breadcrumb\":{\"@id\":\"https:\/\/premiaglobaladvisors.com\/our-services\/us-wealth-management\/#breadcrumb\"},\"inLanguage\":\"es\",\"potentialAction\":[{\"@type\":\"ReadAction\",\"target\":[\"https:\/\/premiaglobaladvisors.com\/our-services\/us-wealth-management\/\"]}]},{\"@type\":\"BreadcrumbList\",\"@id\":\"https:\/\/premiaglobaladvisors.com\/our-services\/us-wealth-management\/#breadcrumb\",\"itemListElement\":[{\"@type\":\"ListItem\",\"position\":1,\"name\":\"Home\",\"item\":\"https:\/\/premiaglobaladvisors.com\/\"},{\"@type\":\"ListItem\",\"position\":2,\"name\":\"Our Services\",\"item\":\"https:\/\/premiaglobaladvisors.com\/our-services\/\"},{\"@type\":\"ListItem\",\"position\":3,\"name\":\"US Wealth Management\"}]},{\"@type\":\"WebSite\",\"@id\":\"https:\/\/premiaglobaladvisors.com\/#website\",\"url\":\"https:\/\/premiaglobaladvisors.com\/\",\"name\":\"Premia Global Advisors\",\"description\":\"\",\"potentialAction\":[{\"@type\":\"SearchAction\",\"target\":{\"@type\":\"EntryPoint\",\"urlTemplate\":\"https:\/\/premiaglobaladvisors.com\/?s={search_term_string}\"},\"query-input\":{\"@type\":\"PropertyValueSpecification\",\"valueRequired\":true,\"valueName\":\"search_term_string\"}}],\"inLanguage\":\"es\"}]}<\/script>\n<!-- \/ Yoast SEO plugin. -->","yoast_head_json":{"title":"Gesti\u00f3n de patrimonios en EE.UU. - Premia Global Advisors","robots":{"index":"index","follow":"follow","max-snippet":"max-snippet:-1","max-image-preview":"max-image-preview:large","max-video-preview":"max-video-preview:-1"},"canonical":"https:\/\/premiaglobaladvisors.com\/es\/nuestros-servicios\/gestion-de-patrimonios\/","og_locale":"es_ES","og_type":"article","og_title":"US Wealth Management - Premia Global Advisors","og_description":"Our Services US Wealth Management Navigating the intricate landscape of wealth management in the United States requires strategic insight and a deep understanding of the market. At Premia, we work with you through the intricacies of US wealth management. Contact Us Our Approach to US Wealth Management In addition to our extensive experience in global [&hellip;]","og_url":"https:\/\/premiaglobaladvisors.com\/es\/nuestros-servicios\/gestion-de-patrimonios\/","og_site_name":"Premia Global Advisors","article_modified_time":"2025-08-27T18:05:29+00:00","twitter_card":"summary_large_image","schema":{"@context":"https:\/\/schema.org","@graph":[{"@type":"WebPage","@id":"https:\/\/premiaglobaladvisors.com\/our-services\/us-wealth-management\/","url":"https:\/\/premiaglobaladvisors.com\/our-services\/us-wealth-management\/","name":"Gesti\u00f3n de patrimonios en EE.UU. - Premia Global Advisors","isPartOf":{"@id":"https:\/\/premiaglobaladvisors.com\/#website"},"datePublished":"2025-06-18T18:59:23+00:00","dateModified":"2025-08-27T18:05:29+00:00","breadcrumb":{"@id":"https:\/\/premiaglobaladvisors.com\/our-services\/us-wealth-management\/#breadcrumb"},"inLanguage":"es","potentialAction":[{"@type":"ReadAction","target":["https:\/\/premiaglobaladvisors.com\/our-services\/us-wealth-management\/"]}]},{"@type":"BreadcrumbList","@id":"https:\/\/premiaglobaladvisors.com\/our-services\/us-wealth-management\/#breadcrumb","itemListElement":[{"@type":"ListItem","position":1,"name":"Home","item":"https:\/\/premiaglobaladvisors.com\/"},{"@type":"ListItem","position":2,"name":"Our Services","item":"https:\/\/premiaglobaladvisors.com\/our-services\/"},{"@type":"ListItem","position":3,"name":"US Wealth Management"}]},{"@type":"WebSite","@id":"https:\/\/premiaglobaladvisors.com\/#website","url":"https:\/\/premiaglobaladvisors.com\/","name":"Premia Global Advisors","description":"","potentialAction":[{"@type":"SearchAction","target":{"@type":"EntryPoint","urlTemplate":"https:\/\/premiaglobaladvisors.com\/?s={search_term_string}"},"query-input":{"@type":"PropertyValueSpecification","valueRequired":true,"valueName":"search_term_string"}}],"inLanguage":"es"}]}},"_links":{"self":[{"href":"https:\/\/premiaglobaladvisors.com\/es\/wp-json\/wp\/v2\/pages\/33","targetHints":{"allow":["GET"]}}],"collection":[{"href":"https:\/\/premiaglobaladvisors.com\/es\/wp-json\/wp\/v2\/pages"}],"about":[{"href":"https:\/\/premiaglobaladvisors.com\/es\/wp-json\/wp\/v2\/types\/page"}],"author":[{"embeddable":true,"href":"https:\/\/premiaglobaladvisors.com\/es\/wp-json\/wp\/v2\/users\/1"}],"replies":[{"embeddable":true,"href":"https:\/\/premiaglobaladvisors.com\/es\/wp-json\/wp\/v2\/comments?post=33"}],"version-history":[{"count":5,"href":"https:\/\/premiaglobaladvisors.com\/es\/wp-json\/wp\/v2\/pages\/33\/revisions"}],"predecessor-version":[{"id":5335,"href":"https:\/\/premiaglobaladvisors.com\/es\/wp-json\/wp\/v2\/pages\/33\/revisions\/5335"}],"up":[{"embeddable":true,"href":"https:\/\/premiaglobaladvisors.com\/es\/wp-json\/wp\/v2\/pages\/25"}],"wp:attachment":[{"href":"https:\/\/premiaglobaladvisors.com\/es\/wp-json\/wp\/v2\/media?parent=33"}],"curies":[{"name":"wp","href":"https:\/\/api.w.org\/{rel}","templated":true}]}}