{"id":5072,"date":"2025-07-21T14:38:24","date_gmt":"2025-07-21T19:38:24","guid":{"rendered":"https:\/\/premiaglobaladvisors.com\/?page_id=5072"},"modified":"2025-08-19T14:29:05","modified_gmt":"2025-08-19T19:29:05","slug":"politica-de-la-dmca","status":"publish","type":"page","link":"https:\/\/premiaglobaladvisors.com\/es\/politica-de-la-dmca\/","title":{"rendered":"Pol\u00edtica DMCA"},"content":{"rendered":"<h2 class=\"wp-block-heading\">Pol\u00edtica DMCA<\/h2>\n\n\n\n<p>Premia Global Advisors se toma muy en serio la violaci\u00f3n de los derechos de autor y proteger\u00e1 en\u00e9rgicamente los derechos de los propietarios legales de derechos de autor. Si usted es el propietario de los derechos de autor del contenido que aparece en el sitio web de Premia Global Advisors y no autoriz\u00f3 el uso del contenido, debe notificar a Premia Global Advisors por escrito para que podamos identificar el contenido presuntamente infractor y tomar medidas.<\/p>\n\n\n\n<p>Para facilitar el proceso, puede ponerse en contacto con Premia Global Advisors. No podremos emprender ninguna acci\u00f3n si no nos proporciona la informaci\u00f3n requerida, por lo que le rogamos que rellene todos los campos de forma precisa y completa. Alternativamente, usted puede hacer una notificaci\u00f3n por escrito a trav\u00e9s de correo electr\u00f3nico, fax o correo postal al AGENTE DMCA como se indica a continuaci\u00f3n. Su notificaci\u00f3n por escrito debe incluir lo siguiente<\/p>\n\n\n\n<p>Una firma f\u00edsica o electr\u00f3nica del titular de los derechos de autor o de la persona autorizada para actuar en nombre del titular que reivindique expresamente un derecho exclusivo que supuestamente se est\u00e1 infringiendo.<\/p>\n\n\n\n<p>Identificaci\u00f3n espec\u00edfica de la obra protegida por derechos de autor cuya infracci\u00f3n alega. Si alega la infracci\u00f3n de varias obras protegidas por derechos de autor con una sola notificaci\u00f3n, debe presentar una lista representativa que identifique espec\u00edficamente cada una de las obras que alega que se est\u00e1n infringiendo.<\/p>\n\n\n\n<p>Identificaci\u00f3n espec\u00edfica de la ubicaci\u00f3n y descripci\u00f3n del material que supuestamente se est\u00e1 infringiendo o que es objeto de una actividad infractora, con informaci\u00f3n lo suficientemente detallada como para permitir a Premia Global Advisors localizar el material. Deber\u00e1 incluir la URL o URL espec\u00edficas de las p\u00e1ginas web en las que se encuentra el material supuestamente infractor.<\/p>\n\n\n\n<p>Informaci\u00f3n razonablemente suficiente para permitir a Premia Global Advisors ponerse en contacto con la parte reclamante, que puede incluir un nombre, una direcci\u00f3n, un n\u00famero de tel\u00e9fono y una direcci\u00f3n de correo electr\u00f3nico en la que se pueda contactar con la parte reclamante.<\/p>\n\n\n\n<p>Una declaraci\u00f3n de que la parte reclamante cree de buena fe que el uso del material en la forma reclamada no est\u00e1 autorizado por el propietario de los derechos de autor, su agente o la ley.<\/p>\n\n\n\n<p>Una declaraci\u00f3n de que la informaci\u00f3n contenida en la notificaci\u00f3n es exacta y, bajo pena de perjurio, que la parte reclamante est\u00e1 autorizada a actuar en nombre del titular de un derecho exclusivo presuntamente infringido.<\/p>\n\n\n\n<p>Tenga en cuenta tambi\u00e9n que, en virtud de la legislaci\u00f3n aplicable, 17 U.S.C. 512(f), cualquier persona que, a sabiendas, tergiverse materialmente que el material o la actividad est\u00e1 infringiendo la ley puede estar sujeta a responsabilidad.<\/p>\n\n\n\n<p>P\u00f3ngase en contacto con Premia Global Advisors<br><br><a href=\"https:\/\/maps.app.goo.gl\/N7WFXHnghhN9YAyy9\">2600 Douglas Rd # 1103, Coral Gables, FL 33134<\/a><br><a href=\"tel:+1(786) 646-9140\"><em>(786) 646-9140<\/em><\/a><br><a href=\"https:\/\/premiaglobaladvisors.com\/es\/politica-de-la-dmca\/info%40premiaglobaladvisors.com\/\">info@premiaglobaladvisors.com<\/a><\/p>","protected":false},"excerpt":{"rendered":"<p>DMCA Policy Premia Global Advisors takes copyright violation very seriously and will vigorously protect the rights of legal copyright owners. If you are the copyright owner of content that appears on Premia Global Advisors website and you did not authorize the use of the content, you must notify Premia Global Advisors in writing for us [&hellip;]<\/p>","protected":false},"author":1,"featured_media":0,"parent":0,"menu_order":0,"comment_status":"closed","ping_status":"closed","template":"","meta":{"_acf_changed":false,"_breakdance_hide_in_design_set":false,"_breakdance_tags":"","footnotes":""},"class_list":["post-5072","page","type-page","status-publish","hentry"],"acf":[],"yoast_head":"<!-- This site is optimized with the Yoast SEO plugin v26.1.1 - https:\/\/yoast.com\/wordpress\/plugins\/seo\/ -->\n<title>DMCA Policy - Premia Global Advisors<\/title>\n<meta name=\"robots\" content=\"index, follow, max-snippet:-1, max-image-preview:large, max-video-preview:-1\" \/>\n<link rel=\"canonical\" href=\"https:\/\/premiaglobaladvisors.com\/es\/politica-de-la-dmca\/\" \/>\n<meta property=\"og:locale\" content=\"es_ES\" \/>\n<meta property=\"og:type\" content=\"article\" \/>\n<meta property=\"og:title\" content=\"DMCA Policy - Premia Global Advisors\" \/>\n<meta property=\"og:description\" content=\"DMCA Policy Premia Global Advisors takes copyright violation very seriously and will vigorously protect the rights of legal copyright owners. If you are the copyright owner of content that appears on Premia Global Advisors website and you did not authorize the use of the content, you must notify Premia Global Advisors in writing for us [&hellip;]\" \/>\n<meta property=\"og:url\" content=\"https:\/\/premiaglobaladvisors.com\/es\/politica-de-la-dmca\/\" \/>\n<meta property=\"og:site_name\" content=\"Premia Global Advisors\" \/>\n<meta property=\"article:modified_time\" content=\"2025-08-19T19:29:05+00:00\" \/>\n<meta name=\"twitter:card\" content=\"summary_large_image\" \/>\n<meta name=\"twitter:label1\" content=\"Est. reading time\" \/>\n\t<meta name=\"twitter:data1\" content=\"3 minutos\" \/>\n<script type=\"application\/ld+json\" class=\"yoast-schema-graph\">{\"@context\":\"https:\/\/schema.org\",\"@graph\":[{\"@type\":\"WebPage\",\"@id\":\"https:\/\/premiaglobaladvisors.com\/dmca-policy\/\",\"url\":\"https:\/\/premiaglobaladvisors.com\/dmca-policy\/\",\"name\":\"DMCA Policy - Premia Global Advisors\",\"isPartOf\":{\"@id\":\"https:\/\/premiaglobaladvisors.com\/#website\"},\"datePublished\":\"2025-07-21T19:38:24+00:00\",\"dateModified\":\"2025-08-19T19:29:05+00:00\",\"breadcrumb\":{\"@id\":\"https:\/\/premiaglobaladvisors.com\/dmca-policy\/#breadcrumb\"},\"inLanguage\":\"es\",\"potentialAction\":[{\"@type\":\"ReadAction\",\"target\":[\"https:\/\/premiaglobaladvisors.com\/dmca-policy\/\"]}]},{\"@type\":\"BreadcrumbList\",\"@id\":\"https:\/\/premiaglobaladvisors.com\/dmca-policy\/#breadcrumb\",\"itemListElement\":[{\"@type\":\"ListItem\",\"position\":1,\"name\":\"Home\",\"item\":\"https:\/\/premiaglobaladvisors.com\/\"},{\"@type\":\"ListItem\",\"position\":2,\"name\":\"DMCA Policy\"}]},{\"@type\":\"WebSite\",\"@id\":\"https:\/\/premiaglobaladvisors.com\/#website\",\"url\":\"https:\/\/premiaglobaladvisors.com\/\",\"name\":\"Premia Global Advisors\",\"description\":\"\",\"potentialAction\":[{\"@type\":\"SearchAction\",\"target\":{\"@type\":\"EntryPoint\",\"urlTemplate\":\"https:\/\/premiaglobaladvisors.com\/?s={search_term_string}\"},\"query-input\":{\"@type\":\"PropertyValueSpecification\",\"valueRequired\":true,\"valueName\":\"search_term_string\"}}],\"inLanguage\":\"es\"}]}<\/script>\n<!-- \/ Yoast SEO plugin. -->","yoast_head_json":{"title":"Pol\u00edtica DMCA - Premia Global Advisors","robots":{"index":"index","follow":"follow","max-snippet":"max-snippet:-1","max-image-preview":"max-image-preview:large","max-video-preview":"max-video-preview:-1"},"canonical":"https:\/\/premiaglobaladvisors.com\/es\/politica-de-la-dmca\/","og_locale":"es_ES","og_type":"article","og_title":"DMCA Policy - Premia Global Advisors","og_description":"DMCA Policy Premia Global Advisors takes copyright violation very seriously and will vigorously protect the rights of legal copyright owners. If you are the copyright owner of content that appears on Premia Global Advisors website and you did not authorize the use of the content, you must notify Premia Global Advisors in writing for us [&hellip;]","og_url":"https:\/\/premiaglobaladvisors.com\/es\/politica-de-la-dmca\/","og_site_name":"Premia Global Advisors","article_modified_time":"2025-08-19T19:29:05+00:00","twitter_card":"summary_large_image","twitter_misc":{"Est. reading time":"3 minutos"},"schema":{"@context":"https:\/\/schema.org","@graph":[{"@type":"WebPage","@id":"https:\/\/premiaglobaladvisors.com\/dmca-policy\/","url":"https:\/\/premiaglobaladvisors.com\/dmca-policy\/","name":"Pol\u00edtica DMCA - Premia Global Advisors","isPartOf":{"@id":"https:\/\/premiaglobaladvisors.com\/#website"},"datePublished":"2025-07-21T19:38:24+00:00","dateModified":"2025-08-19T19:29:05+00:00","breadcrumb":{"@id":"https:\/\/premiaglobaladvisors.com\/dmca-policy\/#breadcrumb"},"inLanguage":"es","potentialAction":[{"@type":"ReadAction","target":["https:\/\/premiaglobaladvisors.com\/dmca-policy\/"]}]},{"@type":"BreadcrumbList","@id":"https:\/\/premiaglobaladvisors.com\/dmca-policy\/#breadcrumb","itemListElement":[{"@type":"ListItem","position":1,"name":"Home","item":"https:\/\/premiaglobaladvisors.com\/"},{"@type":"ListItem","position":2,"name":"DMCA Policy"}]},{"@type":"WebSite","@id":"https:\/\/premiaglobaladvisors.com\/#website","url":"https:\/\/premiaglobaladvisors.com\/","name":"Premia Global Advisors","description":"","potentialAction":[{"@type":"SearchAction","target":{"@type":"EntryPoint","urlTemplate":"https:\/\/premiaglobaladvisors.com\/?s={search_term_string}"},"query-input":{"@type":"PropertyValueSpecification","valueRequired":true,"valueName":"search_term_string"}}],"inLanguage":"es"}]}},"_links":{"self":[{"href":"https:\/\/premiaglobaladvisors.com\/es\/wp-json\/wp\/v2\/pages\/5072","targetHints":{"allow":["GET"]}}],"collection":[{"href":"https:\/\/premiaglobaladvisors.com\/es\/wp-json\/wp\/v2\/pages"}],"about":[{"href":"https:\/\/premiaglobaladvisors.com\/es\/wp-json\/wp\/v2\/types\/page"}],"author":[{"embeddable":true,"href":"https:\/\/premiaglobaladvisors.com\/es\/wp-json\/wp\/v2\/users\/1"}],"replies":[{"embeddable":true,"href":"https:\/\/premiaglobaladvisors.com\/es\/wp-json\/wp\/v2\/comments?post=5072"}],"version-history":[{"count":3,"href":"https:\/\/premiaglobaladvisors.com\/es\/wp-json\/wp\/v2\/pages\/5072\/revisions"}],"predecessor-version":[{"id":5318,"href":"https:\/\/premiaglobaladvisors.com\/es\/wp-json\/wp\/v2\/pages\/5072\/revisions\/5318"}],"wp:attachment":[{"href":"https:\/\/premiaglobaladvisors.com\/es\/wp-json\/wp\/v2\/media?parent=5072"}],"curies":[{"name":"wp","href":"https:\/\/api.w.org\/{rel}","templated":true}]}}