{"id":5291,"date":"2025-08-08T17:01:13","date_gmt":"2025-08-08T22:01:13","guid":{"rendered":"https:\/\/premiaglobaladvisors.com\/?page_id=5291"},"modified":"2025-08-08T17:02:04","modified_gmt":"2025-08-08T22:02:04","slug":"biografias-de-los-equipos","status":"publish","type":"page","link":"https:\/\/premiaglobaladvisors.com\/es\/biografias-de-los-equipos\/","title":{"rendered":"Biograf\u00edas de los equipos"},"content":{"rendered":"<div class='breakdance'><section class=\"bde-section-5291-100 bde-section\">\n  \n  \n\t\n\n\n\n<div class=\"section-container\"><div class=\"bde-post-loop-5291-101 bde-post-loop\">\n<div class=\"bde-loop bde-loop- ee-posts ee-posts-\">    <article class=\"bde-loop-item ee-post\">\n        <div class='breakdance'><div class=\"bde-div-5284-115-5258-5284-1 bde-div dwc-quick-view bde-div-5284-115\" data-id=\"https:\/\/premiaglobaladvisors.com\/es\/equipo\/miguel-sosa\/\">\n  \n  \n\t\n\n\n\n<div class=\"bde-div-5284-116-5258-5284-1 bde-div dwc-quick-view__inner-wrap bde-div-5284-116\">\n  \n  \n\t\n\n\n\n<div class=\"bde-columns-5284-102-5258-5284-1 bde-columns bde-columns-5284-102\"><div class=\"bde-column-5284-103-5258-5284-1 bde-column bde-column-5284-103\">\n  \n  \n\t\n\n\n\n<div class=\"bde-div-5284-106-5258-5284-1 bde-div bde-div-5284-106\">\n  \n  \n\t\n\n\n\n<div class=\"bde-text-5284-110-5258-5284-1 bde-text notranslate bde-text-5284-110\" data-no-translation=\"\">\nMiguel Sosa\n<\/div><div class=\"bde-text-5284-112-5258-5284-1 bde-text bde-text-5284-112\">\nSocio fundador\n<\/div><div class=\"bde-div-5284-111-5258-5284-1 bde-div bde-div-5284-111\">\n  \n  \n\t\n\n\n\n<img decoding=\"async\" class=\"bde-image2-5284-108-5258-5284-1 bde-image2 bde-image2-5284-108\" src=\"https:\/\/premiaglobaladvisors.com\/wp-content\/uploads\/sosa-miguel.jpg\" loading=\"lazy\" srcset=\"https:\/\/premiaglobaladvisors.com\/wp-content\/uploads\/sosa-miguel.jpg 1024w, https:\/\/premiaglobaladvisors.com\/wp-content\/uploads\/sosa-miguel-300x300.jpg 300w, https:\/\/premiaglobaladvisors.com\/wp-content\/uploads\/sosa-miguel-150x150.jpg 150w, https:\/\/premiaglobaladvisors.com\/wp-content\/uploads\/sosa-miguel-768x768.jpg 768w\" sizes=\"(max-width: 1024px) 100vw, 1024px\">\n<\/div>\n<\/div>\n<\/div><div class=\"bde-column-5284-104-5258-5284-1 bde-column bde-column-5284-104\">\n  \n  \n\t\n\n\n\n<div class=\"bde-text-5284-113-5258-5284-1 bde-text bde-text-5284-113\">\n<p>Correo electr\u00f3nico:\u00a0<a href=\"mailto:msosa@premiaglobaladvisors.com\">msosa@premiaglobaladvisors.com<\/a><\/p>\n<p>Miguel Sosa es el socio fundador de Premia Global Advisors, LLC, una empresa de asesoramiento en gesti\u00f3n de patrimonios privados con sede en el sur de Florida, que atiende a clientes multijurisdiccionales y multigeneracionales.<\/p>\n<p>Anteriormente, el Sr. Sosa trabaj\u00f3 en Merrill Lynch durante m\u00e1s de 30 a\u00f1os, m\u00e1s recientemente en su Grupo de Banca Privada e Inversi\u00f3n, donde obtuvo su Designaci\u00f3n de Consultor Institucional Global (GIC) y ejerci\u00f3 como Gestor de Cartera cualificado. Fue miembro del Consejo Asesor de la Direcci\u00f3n de la empresa de 2002 a 2005. Recientemente, el Sr. Sosa particip\u00f3 como panelista en la sesi\u00f3n Managing Investments in a Volatile, Low-Yield Environment en la Global Private Wealth Summit, Nueva York, abril de 2017.<\/p>\n<p>Antes de incorporarse a Merrill Lynch, el Sr. Sosa fue miembro de las Fuerzas A\u00e9reas de Estados Unidos. Durante su tiempo de servicio, recibi\u00f3 dos medallas de Encomio de las Fuerzas A\u00e9reas.<\/p>\n<p>Es licenciado por la Universidad de Maryland. Posee el t\u00edtulo de Analista Certificado en Gesti\u00f3n de Inversiones<sup>\u00ae<\/sup>\u00a0(CIMA<sup>\u00ae<\/sup>) designaci\u00f3n.<\/p>\n<p>El Sr. Sosa es un miembro activo de su comunidad local. Actualmente es miembro del Consejo y Presidente del Comit\u00e9 de Inversiones del Nicklaus Children's Hospital System. Tambi\u00e9n forma parte del Consejo de la Fundaci\u00f3n de la Comunidad Cat\u00f3lica de la Archidi\u00f3cesis de Miami y es miembro de su Comit\u00e9 de Inversiones. Anteriormente, form\u00f3 parte del Consejo de Administraci\u00f3n de la St. Philip's Episcopal School durante seis a\u00f1os y fue su Presidente durante tres. Tambi\u00e9n fue miembro del Consejo de un hospital local, Pan American. Fue Presidente de la secci\u00f3n local de Legatus, una organizaci\u00f3n cat\u00f3lica laica de l\u00edderes empresariales de la comunidad del sur de Florida.<\/p>\n<p>El Sr. Sosa es un apasionado de la pesca y ha pescado en algunas de las mejores aguas de Norteam\u00e9rica y Sudam\u00e9rica.<\/p>\n<p>\u00c9l y su esposa, Sadie, tienen tres hijos, Alex, Katina y Jacqueline.<\/p>\n\n<\/div>\n<\/div><\/div>\n<\/div><div class=\"bde-div-5284-119-5258-5284-1 bde-div dwc-quick-view__close-btn bde-div-5284-119\" role=\"button\" tabindex=\"0\">\n  \n  \n\t\n\n\n\n<div class=\"bde-code-block-5284-120-5258-5284-1 bde-code-block dwc-view-more__close-btn-icon bde-code-block-5284-120\">\n\n  <svg  viewbox=\"0 0 24 24\" fill=\"none\" xmlns=\"http:\/\/www.w3.org\/2000\/svg\"><g id=\"SVGRepo_bgCarrier\" stroke-width=\"0\"><\/g><g id=\"SVGRepo_tracerCarrier\" stroke-linecap=\"round\" stroke-linejoin=\"round\"><\/g><g id=\"SVGRepo_iconCarrier\"> <path fill-rule=\"evenodd\" clip-rule=\"evenodd\" d=\"M5.29289 5.29289C5.68342 4.90237 6.31658 4.90237 6.70711 5.29289L12 10.5858L17.2929 5.29289C17.6834 4.90237 18.3166 4.90237 18.7071 5.29289C19.0976 5.68342 19.0976 6.31658 18.7071 6.70711L13.4142 12L18.7071 17.2929C19.0976 17.6834 19.0976 18.3166 18.7071 18.7071C18.3166 19.0976 17.6834 19.0976 17.2929 18.7071L12 13.4142L6.70711 18.7071C6.31658 19.0976 5.68342 19.0976 5.29289 18.7071C4.90237 18.3166 4.90237 17.6834 5.29289 17.2929L10.5858 12L5.29289 6.70711C4.90237 6.31658 4.90237 5.68342 5.29289 5.29289Z\" fill=\"#0F1729\"><\/path> <\/g><\/svg>\n\n\n<\/div>\n<\/div>\n<\/div><div class=\"bde-code-block-5284-121-5258-5284-1 bde-code-block bde-code-block-5284-121\">\n\n  <!-- no code -->\n\n\n<\/div><\/div>    <\/article>\n    <article class=\"bde-loop-item ee-post\">\n        <div class='breakdance'><div class=\"bde-div-5284-115-5259-5284-1 bde-div dwc-quick-view bde-div-5284-115\" data-id=\"https:\/\/premiaglobaladvisors.com\/es\/equipo\/parque-eddy\/\">\n  \n  \n\t\n\n\n\n<div class=\"bde-div-5284-116-5259-5284-1 bde-div dwc-quick-view__inner-wrap bde-div-5284-116\">\n  \n  \n\t\n\n\n\n<div class=\"bde-columns-5284-102-5259-5284-1 bde-columns bde-columns-5284-102\"><div class=\"bde-column-5284-103-5259-5284-1 bde-column bde-column-5284-103\">\n  \n  \n\t\n\n\n\n<div class=\"bde-div-5284-106-5259-5284-1 bde-div bde-div-5284-106\">\n  \n  \n\t\n\n\n\n<div class=\"bde-text-5284-110-5259-5284-1 bde-text notranslate bde-text-5284-110\" data-no-translation=\"\">\nEddy Park\n<\/div><div class=\"bde-text-5284-112-5259-5284-1 bde-text bde-text-5284-112\">\nGestor de relaciones con los clientes\n<\/div><div class=\"bde-div-5284-111-5259-5284-1 bde-div bde-div-5284-111\">\n  \n  \n\t\n\n\n\n<img decoding=\"async\" class=\"bde-image2-5284-108-5259-5284-1 bde-image2 bde-image2-5284-108\" src=\"https:\/\/premiaglobaladvisors.com\/wp-content\/uploads\/park-eddy.jpg\" loading=\"lazy\" srcset=\"https:\/\/premiaglobaladvisors.com\/wp-content\/uploads\/park-eddy.jpg 1024w, https:\/\/premiaglobaladvisors.com\/wp-content\/uploads\/park-eddy-300x300.jpg 300w, https:\/\/premiaglobaladvisors.com\/wp-content\/uploads\/park-eddy-150x150.jpg 150w, https:\/\/premiaglobaladvisors.com\/wp-content\/uploads\/park-eddy-768x768.jpg 768w\" sizes=\"(max-width: 1024px) 100vw, 1024px\">\n<\/div>\n<\/div>\n<\/div><div class=\"bde-column-5284-104-5259-5284-1 bde-column bde-column-5284-104\">\n  \n  \n\t\n\n\n\n<div class=\"bde-text-5284-113-5259-5284-1 bde-text bde-text-5284-113\">\n<div class=\"elementor-element elementor-element-74dc55c elementor-widget elementor-widget-text-editor\" data-id=\"74dc55c\" data-element_type=\"widget\" data-widget_type=\"text-editor.default\">\n<div class=\"elementor-widget-container\">\n<p>Correo electr\u00f3nico:\u00a0<a href=\"mailto:epark@premiaglobaladvisors.com\">epark@premiaglobaladvisors.com<\/a><\/p>\n<\/div>\n<\/div>\n<div class=\"elementor-element elementor-element-f65d7b8 elementor-widget elementor-widget-text-editor\" data-id=\"f65d7b8\" data-element_type=\"widget\" data-widget_type=\"text-editor.default\">\n<div class=\"elementor-widget-container\">\n<p>Eddy Park es Client Relationship Manager en Premia Global Advisors. Realiza una amplia gama de tareas y desempe\u00f1a un papel integral en el buen funcionamiento de las operaciones del equipo. Sus responsabilidades incluyen la administraci\u00f3n de cuentas, entradas de \u00f3rdenes y ejecuciones. Eddy se enorgullece de su enfoque en el cliente y su respuesta oportuna a las consultas de los clientes.<\/p>\n<p>Eddy empez\u00f3 su carrera en marketing y publicidad. Trabaj\u00f3 en Nueva York durante cinco a\u00f1os antes de lanzar su propio negocio de importaci\u00f3n y exportaci\u00f3n, que dirigi\u00f3 durante diez a\u00f1os.  A continuaci\u00f3n, Eddy pas\u00f3 los seis a\u00f1os siguientes en Merrill Lynch como Asociado de Clientes del Grupo de Inversiones de Banca Privada. Eddy se licenci\u00f3 en Econ\u00f3micas y en Filolog\u00eda Inglesa por la Universidad de Pensilvania.<\/p>\n<p>Eddy y su esposa Michelle viven en Doral, Florida. Es un entusiasta de la automoci\u00f3n y el motociclismo, y un \u00e1vido aficionado al golf y al baloncesto.<\/p>\n<\/div>\n<\/div>\n\n<\/div>\n<\/div><\/div>\n<\/div><div class=\"bde-div-5284-119-5259-5284-1 bde-div dwc-quick-view__close-btn bde-div-5284-119\" role=\"button\" tabindex=\"0\">\n  \n  \n\t\n\n\n\n<div class=\"bde-code-block-5284-120-5259-5284-1 bde-code-block dwc-view-more__close-btn-icon bde-code-block-5284-120\">\n\n  <svg  viewbox=\"0 0 24 24\" fill=\"none\" xmlns=\"http:\/\/www.w3.org\/2000\/svg\"><g id=\"SVGRepo_bgCarrier\" stroke-width=\"0\"><\/g><g id=\"SVGRepo_tracerCarrier\" stroke-linecap=\"round\" stroke-linejoin=\"round\"><\/g><g id=\"SVGRepo_iconCarrier\"> <path fill-rule=\"evenodd\" clip-rule=\"evenodd\" d=\"M5.29289 5.29289C5.68342 4.90237 6.31658 4.90237 6.70711 5.29289L12 10.5858L17.2929 5.29289C17.6834 4.90237 18.3166 4.90237 18.7071 5.29289C19.0976 5.68342 19.0976 6.31658 18.7071 6.70711L13.4142 12L18.7071 17.2929C19.0976 17.6834 19.0976 18.3166 18.7071 18.7071C18.3166 19.0976 17.6834 19.0976 17.2929 18.7071L12 13.4142L6.70711 18.7071C6.31658 19.0976 5.68342 19.0976 5.29289 18.7071C4.90237 18.3166 4.90237 17.6834 5.29289 17.2929L10.5858 12L5.29289 6.70711C4.90237 6.31658 4.90237 5.68342 5.29289 5.29289Z\" fill=\"#0F1729\"><\/path> <\/g><\/svg>\n\n\n<\/div>\n<\/div>\n<\/div><div class=\"bde-code-block-5284-121-5259-5284-1 bde-code-block bde-code-block-5284-121\">\n\n  <!-- no code -->\n\n\n<\/div><\/div>    <\/article>\n    <article class=\"bde-loop-item ee-post\">\n        <div class='breakdance'><div class=\"bde-div-5284-115-5260-5284-1 bde-div dwc-quick-view bde-div-5284-115\" data-id=\"https:\/\/premiaglobaladvisors.com\/es\/equipo\/daniel-rosales\/\">\n  \n  \n\t\n\n\n\n<div class=\"bde-div-5284-116-5260-5284-1 bde-div dwc-quick-view__inner-wrap bde-div-5284-116\">\n  \n  \n\t\n\n\n\n<div class=\"bde-columns-5284-102-5260-5284-1 bde-columns bde-columns-5284-102\"><div class=\"bde-column-5284-103-5260-5284-1 bde-column bde-column-5284-103\">\n  \n  \n\t\n\n\n\n<div class=\"bde-div-5284-106-5260-5284-1 bde-div bde-div-5284-106\">\n  \n  \n\t\n\n\n\n<div class=\"bde-text-5284-110-5260-5284-1 bde-text notranslate bde-text-5284-110\" data-no-translation=\"\">\nDaniel Rosales\n<\/div><div class=\"bde-text-5284-112-5260-5284-1 bde-text bde-text-5284-112\">\nInversiones y gesti\u00f3n de carteras\n<\/div><div class=\"bde-div-5284-111-5260-5284-1 bde-div bde-div-5284-111\">\n  \n  \n\t\n\n\n\n<img decoding=\"async\" class=\"bde-image2-5284-108-5260-5284-1 bde-image2 bde-image2-5284-108\" src=\"https:\/\/premiaglobaladvisors.com\/wp-content\/uploads\/rosales-daniel.jpg\" loading=\"lazy\" srcset=\"https:\/\/premiaglobaladvisors.com\/wp-content\/uploads\/rosales-daniel.jpg 1024w, https:\/\/premiaglobaladvisors.com\/wp-content\/uploads\/rosales-daniel-300x300.jpg 300w, https:\/\/premiaglobaladvisors.com\/wp-content\/uploads\/rosales-daniel-150x150.jpg 150w, https:\/\/premiaglobaladvisors.com\/wp-content\/uploads\/rosales-daniel-768x768.jpg 768w\" sizes=\"(max-width: 1024px) 100vw, 1024px\">\n<\/div>\n<\/div>\n<\/div><div class=\"bde-column-5284-104-5260-5284-1 bde-column bde-column-5284-104\">\n  \n  \n\t\n\n\n\n<div class=\"bde-text-5284-113-5260-5284-1 bde-text bde-text-5284-113\">\n<div class=\"elementor-element elementor-element-74dc55c elementor-widget elementor-widget-text-editor\" data-id=\"74dc55c\" data-element_type=\"widget\" data-widget_type=\"text-editor.default\">\n<div class=\"elementor-widget-container\">\n<p>Correo electr\u00f3nico:\u00a0<a href=\"mailto:drosales@premiaglobaladvisors.com\">drosales@premiaglobaladvisors.com<\/a><\/p>\n<\/div>\n<\/div>\n<div class=\"elementor-element elementor-element-f65d7b8 elementor-widget elementor-widget-text-editor\" data-id=\"f65d7b8\" data-element_type=\"widget\" data-widget_type=\"text-editor.default\">\n<div class=\"elementor-widget-container\">\n<p>Daniel Rosales, CIMA<sup>\u00ae<\/sup>es Director de Inversiones y Planificaci\u00f3n Financiera de Premia Global Advisors. Daniel tiene varias responsabilidades dentro del equipo, incluidas las propuestas de inversi\u00f3n, la investigaci\u00f3n de inversiones, la negociaci\u00f3n y la elaboraci\u00f3n de informes.<\/p>\n<p>Daniel comenz\u00f3 su carrera en ingenier\u00eda con Enel Distribution en Lima-Per\u00fa. Posteriormente se traslad\u00f3 a Boston, donde se incorpor\u00f3 a Natixis Global Asset Management como consultor de inversiones, antes de trasladarse a Miami como Director Regional para la distribuci\u00f3n de Fondos Offshore.<\/p>\n<p>Daniel es licenciado en Ingenier\u00eda Electr\u00f3nica por la Universidad Ricardo Palma de Lima-Per\u00fa. Tambi\u00e9n posee el t\u00edtulo de Analista Certificado en Gesti\u00f3n de Inversiones<sup>\u00ae<\/sup>\u00a0designaci\u00f3n.<\/p>\n<p>Vive en Coral Gables con su esposa Veronica y su hijo Ian Daniel. Le gusta leer, jugar al tenis y correr.<\/p>\n<\/div>\n<\/div>\n\n<\/div>\n<\/div><\/div>\n<\/div><div class=\"bde-div-5284-119-5260-5284-1 bde-div dwc-quick-view__close-btn bde-div-5284-119\" role=\"button\" tabindex=\"0\">\n  \n  \n\t\n\n\n\n<div class=\"bde-code-block-5284-120-5260-5284-1 bde-code-block dwc-view-more__close-btn-icon bde-code-block-5284-120\">\n\n  <svg  viewbox=\"0 0 24 24\" fill=\"none\" xmlns=\"http:\/\/www.w3.org\/2000\/svg\"><g id=\"SVGRepo_bgCarrier\" stroke-width=\"0\"><\/g><g id=\"SVGRepo_tracerCarrier\" stroke-linecap=\"round\" stroke-linejoin=\"round\"><\/g><g id=\"SVGRepo_iconCarrier\"> <path fill-rule=\"evenodd\" clip-rule=\"evenodd\" d=\"M5.29289 5.29289C5.68342 4.90237 6.31658 4.90237 6.70711 5.29289L12 10.5858L17.2929 5.29289C17.6834 4.90237 18.3166 4.90237 18.7071 5.29289C19.0976 5.68342 19.0976 6.31658 18.7071 6.70711L13.4142 12L18.7071 17.2929C19.0976 17.6834 19.0976 18.3166 18.7071 18.7071C18.3166 19.0976 17.6834 19.0976 17.2929 18.7071L12 13.4142L6.70711 18.7071C6.31658 19.0976 5.68342 19.0976 5.29289 18.7071C4.90237 18.3166 4.90237 17.6834 5.29289 17.2929L10.5858 12L5.29289 6.70711C4.90237 6.31658 4.90237 5.68342 5.29289 5.29289Z\" fill=\"#0F1729\"><\/path> <\/g><\/svg>\n\n\n<\/div>\n<\/div>\n<\/div><div class=\"bde-code-block-5284-121-5260-5284-1 bde-code-block bde-code-block-5284-121\">\n\n  <!-- no code -->\n\n\n<\/div><\/div>    <\/article>\n    <article class=\"bde-loop-item ee-post\">\n        <div class='breakdance'><div class=\"bde-div-5284-115-5261-5284-1 bde-div dwc-quick-view bde-div-5284-115\" data-id=\"https:\/\/premiaglobaladvisors.com\/es\/equipo\/vivian-velazquez\/\">\n  \n  \n\t\n\n\n\n<div class=\"bde-div-5284-116-5261-5284-1 bde-div dwc-quick-view__inner-wrap bde-div-5284-116\">\n  \n  \n\t\n\n\n\n<div class=\"bde-columns-5284-102-5261-5284-1 bde-columns bde-columns-5284-102\"><div class=\"bde-column-5284-103-5261-5284-1 bde-column bde-column-5284-103\">\n  \n  \n\t\n\n\n\n<div class=\"bde-div-5284-106-5261-5284-1 bde-div bde-div-5284-106\">\n  \n  \n\t\n\n\n\n<div class=\"bde-text-5284-110-5261-5284-1 bde-text notranslate bde-text-5284-110\" data-no-translation=\"\">\nVivian Velazquez\n<\/div><div class=\"bde-text-5284-112-5261-5284-1 bde-text bde-text-5284-112\">\nAsesor de Riesgos, \u00c9tica y Cumplimiento Normativo\n<\/div><div class=\"bde-div-5284-111-5261-5284-1 bde-div bde-div-5284-111\">\n  \n  \n\t\n\n\n\n<img decoding=\"async\" class=\"bde-image2-5284-108-5261-5284-1 bde-image2 bde-image2-5284-108\" src=\"https:\/\/premiaglobaladvisors.com\/wp-content\/uploads\/velazquez-vivian.jpg\" loading=\"lazy\" srcset=\"https:\/\/premiaglobaladvisors.com\/wp-content\/uploads\/velazquez-vivian.jpg 1024w, https:\/\/premiaglobaladvisors.com\/wp-content\/uploads\/velazquez-vivian-300x300.jpg 300w, https:\/\/premiaglobaladvisors.com\/wp-content\/uploads\/velazquez-vivian-150x150.jpg 150w, https:\/\/premiaglobaladvisors.com\/wp-content\/uploads\/velazquez-vivian-768x768.jpg 768w\" sizes=\"(max-width: 1024px) 100vw, 1024px\">\n<\/div>\n<\/div>\n<\/div><div class=\"bde-column-5284-104-5261-5284-1 bde-column bde-column-5284-104\">\n  \n  \n\t\n\n\n\n<div class=\"bde-text-5284-113-5261-5284-1 bde-text bde-text-5284-113\">\n<p>La Sra. Vel\u00e1zquez cuenta con m\u00e1s de 25 a\u00f1os de experiencia en la industria de valores, tanto en el sector privado como en el regulador. Anteriormente ocup\u00f3 altos cargos de cumplimiento en instituciones financieras mundiales y nacionales con activos bajo gesti\u00f3n de varios miles de millones de d\u00f3lares y oficinas en todo Estados Unidos y Am\u00e9rica Latina.<\/p>\n<p>Fue jefa de sucursal de la SEC y supervisora\/examinadora de campo de la NASD (ahora FINRA). Anteriormente ocup\u00f3 un puesto clave en una gran compa\u00f1\u00eda de seguros de Nueva York. Comenz\u00f3 su carrera como representante registrada. La Sra. Vel\u00e1zquez es Profesional Certificada en Regulaci\u00f3n y Cumplimiento (CRCP) por la Wharton School of Business y licenciada en Finanzas Internacionales y Marketing por la Universidad de Miami en Coral Gables, Florida.<\/p>\n\n<\/div>\n<\/div><\/div>\n<\/div><div class=\"bde-div-5284-119-5261-5284-1 bde-div dwc-quick-view__close-btn bde-div-5284-119\" role=\"button\" tabindex=\"0\">\n  \n  \n\t\n\n\n\n<div class=\"bde-code-block-5284-120-5261-5284-1 bde-code-block dwc-view-more__close-btn-icon bde-code-block-5284-120\">\n\n  <svg  viewbox=\"0 0 24 24\" fill=\"none\" xmlns=\"http:\/\/www.w3.org\/2000\/svg\"><g id=\"SVGRepo_bgCarrier\" stroke-width=\"0\"><\/g><g id=\"SVGRepo_tracerCarrier\" stroke-linecap=\"round\" stroke-linejoin=\"round\"><\/g><g id=\"SVGRepo_iconCarrier\"> <path fill-rule=\"evenodd\" clip-rule=\"evenodd\" d=\"M5.29289 5.29289C5.68342 4.90237 6.31658 4.90237 6.70711 5.29289L12 10.5858L17.2929 5.29289C17.6834 4.90237 18.3166 4.90237 18.7071 5.29289C19.0976 5.68342 19.0976 6.31658 18.7071 6.70711L13.4142 12L18.7071 17.2929C19.0976 17.6834 19.0976 18.3166 18.7071 18.7071C18.3166 19.0976 17.6834 19.0976 17.2929 18.7071L12 13.4142L6.70711 18.7071C6.31658 19.0976 5.68342 19.0976 5.29289 18.7071C4.90237 18.3166 4.90237 17.6834 5.29289 17.2929L10.5858 12L5.29289 6.70711C4.90237 6.31658 4.90237 5.68342 5.29289 5.29289Z\" fill=\"#0F1729\"><\/path> <\/g><\/svg>\n\n\n<\/div>\n<\/div>\n<\/div><div class=\"bde-code-block-5284-121-5261-5284-1 bde-code-block bde-code-block-5284-121\">\n\n  <!-- no code -->\n\n\n<\/div><\/div>    <\/article>\n<\/div>\n\n<\/div><\/div>\n<\/section><\/div>","protected":false},"excerpt":{"rendered":"<p>Miguel Sosa Founding Partner Email:\u00a0msosa@premiaglobaladvisors.com Miguel Sosa is the founding partner of Premia Global Advisors, LLC, a private wealth management advisory firm based in South Florida, serving multi-jurisdictional and multi-generational clients. Previously, Mr. Sosa worked at Merrill Lynch for more than 30 years, most recently in its Private Banking and Investment Group, where he obtained [&hellip;]<\/p>","protected":false},"author":1,"featured_media":0,"parent":0,"menu_order":0,"comment_status":"closed","ping_status":"closed","template":"","meta":{"_acf_changed":false,"_breakdance_hide_in_design_set":false,"_breakdance_tags":"","footnotes":""},"class_list":["post-5291","page","type-page","status-publish","hentry"],"acf":[],"yoast_head":"<!-- This site is optimized with the Yoast SEO plugin v26.1.1 - https:\/\/yoast.com\/wordpress\/plugins\/seo\/ -->\n<title>Team Bios - Premia Global Advisors<\/title>\n<meta name=\"robots\" content=\"index, follow, max-snippet:-1, max-image-preview:large, max-video-preview:-1\" \/>\n<link rel=\"canonical\" href=\"https:\/\/premiaglobaladvisors.com\/es\/biografias-de-los-equipos\/\" \/>\n<meta property=\"og:locale\" content=\"es_ES\" \/>\n<meta property=\"og:type\" content=\"article\" \/>\n<meta property=\"og:title\" content=\"Team Bios - Premia Global Advisors\" \/>\n<meta property=\"og:description\" content=\"Miguel Sosa Founding Partner Email:\u00a0msosa@premiaglobaladvisors.com Miguel Sosa is the founding partner of Premia Global Advisors, LLC, a private wealth management advisory firm based in South Florida, serving multi-jurisdictional and multi-generational clients. Previously, Mr. Sosa worked at Merrill Lynch for more than 30 years, most recently in its Private Banking and Investment Group, where he obtained [&hellip;]\" \/>\n<meta property=\"og:url\" content=\"https:\/\/premiaglobaladvisors.com\/es\/biografias-de-los-equipos\/\" \/>\n<meta property=\"og:site_name\" content=\"Premia Global Advisors\" \/>\n<meta property=\"article:modified_time\" content=\"2025-08-08T22:02:04+00:00\" \/>\n<meta name=\"twitter:card\" content=\"summary_large_image\" \/>\n<script type=\"application\/ld+json\" class=\"yoast-schema-graph\">{\"@context\":\"https:\/\/schema.org\",\"@graph\":[{\"@type\":\"WebPage\",\"@id\":\"https:\/\/premiaglobaladvisors.com\/team-bios\/\",\"url\":\"https:\/\/premiaglobaladvisors.com\/team-bios\/\",\"name\":\"Team Bios - Premia Global Advisors\",\"isPartOf\":{\"@id\":\"https:\/\/premiaglobaladvisors.com\/#website\"},\"datePublished\":\"2025-08-08T22:01:13+00:00\",\"dateModified\":\"2025-08-08T22:02:04+00:00\",\"breadcrumb\":{\"@id\":\"https:\/\/premiaglobaladvisors.com\/team-bios\/#breadcrumb\"},\"inLanguage\":\"es\",\"potentialAction\":[{\"@type\":\"ReadAction\",\"target\":[\"https:\/\/premiaglobaladvisors.com\/team-bios\/\"]}]},{\"@type\":\"BreadcrumbList\",\"@id\":\"https:\/\/premiaglobaladvisors.com\/team-bios\/#breadcrumb\",\"itemListElement\":[{\"@type\":\"ListItem\",\"position\":1,\"name\":\"Home\",\"item\":\"https:\/\/premiaglobaladvisors.com\/\"},{\"@type\":\"ListItem\",\"position\":2,\"name\":\"Team Bios\"}]},{\"@type\":\"WebSite\",\"@id\":\"https:\/\/premiaglobaladvisors.com\/#website\",\"url\":\"https:\/\/premiaglobaladvisors.com\/\",\"name\":\"Premia Global Advisors\",\"description\":\"\",\"potentialAction\":[{\"@type\":\"SearchAction\",\"target\":{\"@type\":\"EntryPoint\",\"urlTemplate\":\"https:\/\/premiaglobaladvisors.com\/?s={search_term_string}\"},\"query-input\":{\"@type\":\"PropertyValueSpecification\",\"valueRequired\":true,\"valueName\":\"search_term_string\"}}],\"inLanguage\":\"es\"}]}<\/script>\n<!-- \/ Yoast SEO plugin. -->","yoast_head_json":{"title":"Biograf\u00edas del equipo - Premia Global Advisors","robots":{"index":"index","follow":"follow","max-snippet":"max-snippet:-1","max-image-preview":"max-image-preview:large","max-video-preview":"max-video-preview:-1"},"canonical":"https:\/\/premiaglobaladvisors.com\/es\/biografias-de-los-equipos\/","og_locale":"es_ES","og_type":"article","og_title":"Team Bios - Premia Global Advisors","og_description":"Miguel Sosa Founding Partner Email:\u00a0msosa@premiaglobaladvisors.com Miguel Sosa is the founding partner of Premia Global Advisors, LLC, a private wealth management advisory firm based in South Florida, serving multi-jurisdictional and multi-generational clients. Previously, Mr. Sosa worked at Merrill Lynch for more than 30 years, most recently in its Private Banking and Investment Group, where he obtained [&hellip;]","og_url":"https:\/\/premiaglobaladvisors.com\/es\/biografias-de-los-equipos\/","og_site_name":"Premia Global Advisors","article_modified_time":"2025-08-08T22:02:04+00:00","twitter_card":"summary_large_image","schema":{"@context":"https:\/\/schema.org","@graph":[{"@type":"WebPage","@id":"https:\/\/premiaglobaladvisors.com\/team-bios\/","url":"https:\/\/premiaglobaladvisors.com\/team-bios\/","name":"Biograf\u00edas del equipo - Premia Global Advisors","isPartOf":{"@id":"https:\/\/premiaglobaladvisors.com\/#website"},"datePublished":"2025-08-08T22:01:13+00:00","dateModified":"2025-08-08T22:02:04+00:00","breadcrumb":{"@id":"https:\/\/premiaglobaladvisors.com\/team-bios\/#breadcrumb"},"inLanguage":"es","potentialAction":[{"@type":"ReadAction","target":["https:\/\/premiaglobaladvisors.com\/team-bios\/"]}]},{"@type":"BreadcrumbList","@id":"https:\/\/premiaglobaladvisors.com\/team-bios\/#breadcrumb","itemListElement":[{"@type":"ListItem","position":1,"name":"Home","item":"https:\/\/premiaglobaladvisors.com\/"},{"@type":"ListItem","position":2,"name":"Team Bios"}]},{"@type":"WebSite","@id":"https:\/\/premiaglobaladvisors.com\/#website","url":"https:\/\/premiaglobaladvisors.com\/","name":"Premia Global Advisors","description":"","potentialAction":[{"@type":"SearchAction","target":{"@type":"EntryPoint","urlTemplate":"https:\/\/premiaglobaladvisors.com\/?s={search_term_string}"},"query-input":{"@type":"PropertyValueSpecification","valueRequired":true,"valueName":"search_term_string"}}],"inLanguage":"es"}]}},"_links":{"self":[{"href":"https:\/\/premiaglobaladvisors.com\/es\/wp-json\/wp\/v2\/pages\/5291","targetHints":{"allow":["GET"]}}],"collection":[{"href":"https:\/\/premiaglobaladvisors.com\/es\/wp-json\/wp\/v2\/pages"}],"about":[{"href":"https:\/\/premiaglobaladvisors.com\/es\/wp-json\/wp\/v2\/types\/page"}],"author":[{"embeddable":true,"href":"https:\/\/premiaglobaladvisors.com\/es\/wp-json\/wp\/v2\/users\/1"}],"replies":[{"embeddable":true,"href":"https:\/\/premiaglobaladvisors.com\/es\/wp-json\/wp\/v2\/comments?post=5291"}],"version-history":[{"count":2,"href":"https:\/\/premiaglobaladvisors.com\/es\/wp-json\/wp\/v2\/pages\/5291\/revisions"}],"predecessor-version":[{"id":5293,"href":"https:\/\/premiaglobaladvisors.com\/es\/wp-json\/wp\/v2\/pages\/5291\/revisions\/5293"}],"wp:attachment":[{"href":"https:\/\/premiaglobaladvisors.com\/es\/wp-json\/wp\/v2\/media?parent=5291"}],"curies":[{"name":"wp","href":"https:\/\/api.w.org\/{rel}","templated":true}]}}