{"id":63,"date":"2025-06-19T15:42:15","date_gmt":"2025-06-19T20:42:15","guid":{"rendered":"https:\/\/premiaglobaladvisors.com\/terms-of-use\/"},"modified":"2025-08-19T14:25:38","modified_gmt":"2025-08-19T19:25:38","slug":"condiciones-de-uso","status":"publish","type":"page","link":"https:\/\/premiaglobaladvisors.com\/es\/condiciones-de-uso\/","title":{"rendered":"Condiciones de Uso"},"content":{"rendered":"<h2 class=\"wp-block-heading\">Condiciones de Uso<\/h2>\n\n\n\n<p>Al utilizar el sitio web de Premia Global Advisors LLC,&nbsp;<a href=\"https:\/\/premiaglobaladvisors.com\/es\/\">www.premiaglobaladvisors.com<\/a>&nbsp;(el \u201cSitio Web\u201d), usted acepta estar obligado por las Condiciones de Uso establecidas a continuaci\u00f3n, que pueden ser modificadas por Premia en cualquier momento sin previo aviso. El uso continuado del sitio web de Premia y \/ o p\u00e1ginas de destino de medios sociales constituye la aceptaci\u00f3n de estas Condiciones de Uso y cualquier modificaci\u00f3n. Si no est\u00e1 de acuerdo con las Condiciones de uso del sitio web de Premia, no utilice el sitio web de Premia ni acceda a nuestras p\u00e1ginas de medios sociales.&nbsp;<\/p>\n\n\n\n<p>El contenido de este sitio web se proporciona \u201ctal cual\u201d, sin garant\u00eda de ning\u00fan tipo (expresa o impl\u00edcita). Premia no hace representaciones con respecto a este Web site, o a cualquier Web site a los cuales este Web site se pueda ligar y niega todas las garant\u00edas expresas, implicadas, y estatutarias de la clase, incluyendo garant\u00edas del merchantability, de la no-infracci\u00f3n, o de la aptitud para un prop\u00f3sito particular, al grado m\u00e1s completo permitido por ley aplicable. En ning\u00fan caso Premia o cualquiera de sus miembros directivos, socios, funcionarios, empleados u otros representantes ser\u00e1n responsables o tendr\u00e1n responsabilidad de ning\u00fan tipo por da\u00f1os directos, indirectos, especiales, consecuentes, m\u00faltiples, punitivos u otros da\u00f1os derivados del uso de este sitio web.<\/p>\n\n\n\n<p>Cada usuario se compromete, como condici\u00f3n previa a su \/ su acceso al sitio web de Premia, a liberar y mantener indemne a Premia, sus funcionarios, directores, propietarios, empleados y agentes de cualquiera y todas las consecuencias adversas resultantes de cualquiera de su \/ sus acciones y \/ u omisiones relacionadas con el uso de este sitio web, que son independientes de su \/ su recepci\u00f3n de asesoramiento individual personalizado de Premia.<\/p>\n\n\n\n<p>El contenido de este sitio web se proporciona \u00fanicamente con fines informativos y se limita a la difusi\u00f3n de informaci\u00f3n general relativa a sus servicios de asesoramiento. La publicaci\u00f3n del sitio web de Premia en Internet no debe ser interpretada por ning\u00fan cliente y\/o posible cliente como la prestaci\u00f3n de asesoramiento de inversi\u00f3n personalizado a cambio de una remuneraci\u00f3n, a trav\u00e9s de Internet.  No debe considerarse que la informaci\u00f3n presentada proporcione acceso a ninguna transacci\u00f3n u oportunidad de inversi\u00f3n en particular, ni que constituya la prestaci\u00f3n de asesoramiento de inversi\u00f3n, y no debe utilizarse como base para tomar una decisi\u00f3n de inversi\u00f3n. Ning\u00fan elemento de la informaci\u00f3n publicada en este sitio web debe ser considerado como publicidad, asesoramiento de inversi\u00f3n, investigaci\u00f3n, una solicitud de servicios, o para comprar o una oferta para vender un valor o cualquier otro producto o servicio a cualquier persona, o en cualquier jurisdicci\u00f3n en la que dicha oferta, solicitud, compra o venta puede ser ilegal bajo las leyes de dicha jurisdicci\u00f3n, o que podr\u00eda someter Premia, sus empleados, funcionarios o agentes a cualquier requisito de registro dentro de dicha jurisdicci\u00f3n o pa\u00eds.  Los servicios de Premia no est\u00e1n disponibles en todos los pa\u00edses o jurisdicciones y pueden no ser adecuados para todos los inversores.&nbsp;<\/p>\n\n\n\n<p>Aunque la informaci\u00f3n presentada se basa en fuentes consideradas fiables, no garantizamos su exactitud, integridad o que sea adecuada para un fin determinado y declinamos expresamente toda responsabilidad por errores u omisiones en la informaci\u00f3n presentada. Las opiniones y puntos de vista expresados est\u00e1n sujetos a cambios en cualquier momento, sin previo aviso ni obligaci\u00f3n alguna de actualizar la informaci\u00f3n o notificar dichas actualizaciones.&nbsp;<\/p>\n\n\n\n<p>El sitio web puede proporcionar acceso a informaci\u00f3n adicional relacionada con la inversi\u00f3n, publicaciones y enlaces. Premia no hace ninguna representaci\u00f3n o garant\u00eda en cuanto a la exactitud, puntualidad, integridad o pertinencia de cualquier informaci\u00f3n preparada por cualquier tercero no afiliado, ya sea vinculada al sitio web de Premia o incorporada aqu\u00ed, y no asume ninguna responsabilidad por ello. Toda esta informaci\u00f3n se proporciona \u00fanicamente para fines de conveniencia y todos los usuarios de la misma deben guiarse en consecuencia. Al hacer clic en un enlace de terceros, abandonar\u00e1 este sitio web, donde las pol\u00edticas de privacidad y seguridad pueden diferir de las practicadas por Premia.&nbsp;<\/p>\n\n\n\n<p>Las clasificaciones y\/o el reconocimiento por parte de servicios de clasificaci\u00f3n y\/o publicaciones no afiliadas no deben ser interpretados por un cliente o posible cliente como una garant\u00eda de que \u00e9l\/ella experimentar\u00e1 un cierto nivel de resultados si Premia es contratada, o contin\u00faa siendo contratada, para prestar servicios de asesoramiento de inversiones, ni debe ser interpretado como un respaldo actual o pasado de Premia por cualquiera de sus clientes. Las clasificaciones publicadas por revistas, y otros medios de comunicaci\u00f3n, generalmente basan sus selecciones exclusivamente en informaci\u00f3n preparada y\/o presentada por el asesor reconocido.<\/p>\n\n\n\n<p>La informaci\u00f3n presentada no pretende contener toda la informaci\u00f3n relevante que los inversores pueden desear tener en cuenta a la hora de tomar decisiones de inversi\u00f3n y no pretende sustituir el uso del juicio individual e independiente. Recomendamos a los inversores que eval\u00faen de forma independiente si el enfoque es adecuado para su estrategia de inversi\u00f3n espec\u00edfica. Cualquier consideraci\u00f3n fiscal no constituye asesoramiento fiscal y no pretende ser utilizada para evadir impuestos federales, estatales o locales o el impuesto sobre la renta o cualquier obligaci\u00f3n tributaria. Premia no proporciona asesoramiento legal o fiscal. Usted debe consultar con su abogado, o profesional de impuestos con respecto a su situaci\u00f3n legal o fiscal espec\u00edfica.<\/p>\n\n\n\n<p>Los diferentes tipos de inversiones implican diversos grados de riesgo, y no puede haber ninguna garant\u00eda de que el rendimiento futuro de cualquier inversi\u00f3n o estrategia de inversi\u00f3n espec\u00edfica (incluidas las realizadas o recomendadas por Premia), sea rentable o iguale cualquier nivel de rendimiento hist\u00f3rico. El rendimiento pasado no es garant\u00eda de resultados futuros. No se puede hacer ninguna proyecci\u00f3n o declaraci\u00f3n sobre los resultados de rendimiento en el futuro.&nbsp;<\/p>\n\n\n\n<p>La informaci\u00f3n publicada en las redes sociales se facilita \u00fanicamente a efectos de informaci\u00f3n general y no debe interpretarse como asesoramiento de inversi\u00f3n, ni como recomendaci\u00f3n o solicitud, y no debe utilizarse para tomar decisiones de inversi\u00f3n.  Podemos volver a publicar, compartir o dar \u201cme gusta\u201d a enlaces de materiales publicados en Internet o por otros usuarios de redes sociales. Esto no debe interpretarse como una aprobaci\u00f3n y no se hace ninguna declaraci\u00f3n independientemente de la exactitud o integridad de cualquier material publicado.  La informaci\u00f3n publicada por terceros no refleja necesariamente los puntos de vista u opiniones de Premia Global Advisors.  Premia Global Advisors no controla, aprueba ni es responsable de los contenidos, el funcionamiento o la seguridad de otros sitios de redes sociales.  Los usuarios deben ser conscientes de los riesgos de hacer clic en enlaces de terceros que pueden contener virus o malware y provocar da\u00f1os en su ordenador. Las personas que dejan comentarios en este sitio pueden o no ser clientes de Premia Global Advisors y no est\u00e1n siendo compensados por compartir su opini\u00f3n y experiencia. La recepci\u00f3n de cualquier tipo de compensaci\u00f3n directa o indirecta en efectivo o no en efectivo plantea un conflicto de intereses. Los comentarios del revisor pueden no ser representativos de la experiencia de cualquier otra persona con Premia Global Advisors. Le rogamos que no revele ninguna informaci\u00f3n personal o financiera ni utilice las redes sociales para comunicar o transmitir informaci\u00f3n o instrucciones sobre su cuenta.  Nos reservamos el derecho de eliminar o modificar cualquier material publicado en cualquier momento por cualquier motivo y sin previo aviso. Para obtener informaci\u00f3n sobre nuestros servicios, tarifas y pr\u00e1cticas comerciales, consulte el folleto del formulario ADV Parte 2A de Premia Global Advisor. Este documento est\u00e1 registrado en la Securities and Exchange Commission y a disposici\u00f3n del p\u00fablico en&nbsp;<a href=\"http:\/\/www.adviserinfo.sec.gov\/\">www.adviserinfo.sec.gov\/<\/a>, o poni\u00e9ndose en contacto con nosotros.<\/p>\n\n\n\n<p>Premia Global Advisors est\u00e1 registrada como asesor de inversiones en la Comisi\u00f3n de Bolsa y Valores de los Estados Unidos (\u201cSEC\u201d) El registro de una empresa de asesoramiento de inversiones en la SEC no constituye un aval de la empresa ni indica que haya alcanzado un determinado nivel de habilidades o capacidades. Premia ofrece una amplia gama de productos y servicios de asesoramiento de inversi\u00f3n y gesti\u00f3n de patrimonios. Una copia del Folleto de Divulgaci\u00f3n de la Parte 2A del Formulario ADV escrito actual, que aborda, entre otras cosas, las pr\u00e1cticas comerciales de Premia, nuestros servicios y honorarios, est\u00e1 disponible p\u00fablicamente en el sitio web de divulgaci\u00f3n p\u00fablica de asesores de inversi\u00f3n (www.adviserinfo.sec.gov) o puede obtenerse poni\u00e9ndose en contacto con nosotros.<\/p>","protected":false},"excerpt":{"rendered":"<p>Terms of Use By using the Premia Global Advisors&nbsp; LLC website,&nbsp;www.premiaglobaladvisors.com&nbsp;(the \u201cWebsite\u201d), you agree to be bound by the Terms of Use set forth below, which may be modified by Premia at any time without prior notice. Your continued use of the Premia website and\/or social media landing pages constitutes acceptance of these Terms of [&hellip;]<\/p>","protected":false},"author":1,"featured_media":0,"parent":0,"menu_order":0,"comment_status":"closed","ping_status":"closed","template":"","meta":{"_acf_changed":false,"_breakdance_hide_in_design_set":false,"_breakdance_tags":"","footnotes":""},"class_list":["post-63","page","type-page","status-publish","hentry"],"acf":[],"yoast_head":"<!-- This site is optimized with the Yoast SEO plugin v26.1.1 - https:\/\/yoast.com\/wordpress\/plugins\/seo\/ -->\n<title>Terms of Use - Premia Global Advisors<\/title>\n<meta name=\"robots\" content=\"index, follow, max-snippet:-1, max-image-preview:large, max-video-preview:-1\" \/>\n<link rel=\"canonical\" href=\"https:\/\/premiaglobaladvisors.com\/es\/condiciones-de-uso\/\" \/>\n<meta property=\"og:locale\" content=\"es_ES\" \/>\n<meta property=\"og:type\" content=\"article\" \/>\n<meta property=\"og:title\" content=\"Terms of Use - Premia Global Advisors\" \/>\n<meta property=\"og:description\" content=\"Terms of Use By using the Premia Global Advisors&nbsp; LLC website,&nbsp;www.premiaglobaladvisors.com&nbsp;(the \u201cWebsite\u201d), you agree to be bound by the Terms of Use set forth below, which may be modified by Premia at any time without prior notice. Your continued use of the Premia website and\/or social media landing pages constitutes acceptance of these Terms of [&hellip;]\" \/>\n<meta property=\"og:url\" content=\"https:\/\/premiaglobaladvisors.com\/es\/condiciones-de-uso\/\" \/>\n<meta property=\"og:site_name\" content=\"Premia Global Advisors\" \/>\n<meta property=\"article:modified_time\" content=\"2025-08-19T19:25:38+00:00\" \/>\n<meta name=\"twitter:card\" content=\"summary_large_image\" \/>\n<meta name=\"twitter:label1\" content=\"Est. reading time\" \/>\n\t<meta name=\"twitter:data1\" content=\"6 minutos\" \/>\n<script type=\"application\/ld+json\" class=\"yoast-schema-graph\">{\"@context\":\"https:\/\/schema.org\",\"@graph\":[{\"@type\":\"WebPage\",\"@id\":\"https:\/\/premiaglobaladvisors.com\/terms-of-use\/\",\"url\":\"https:\/\/premiaglobaladvisors.com\/terms-of-use\/\",\"name\":\"Terms of Use - Premia Global Advisors\",\"isPartOf\":{\"@id\":\"https:\/\/premiaglobaladvisors.com\/#website\"},\"datePublished\":\"2025-06-19T20:42:15+00:00\",\"dateModified\":\"2025-08-19T19:25:38+00:00\",\"breadcrumb\":{\"@id\":\"https:\/\/premiaglobaladvisors.com\/terms-of-use\/#breadcrumb\"},\"inLanguage\":\"es\",\"potentialAction\":[{\"@type\":\"ReadAction\",\"target\":[\"https:\/\/premiaglobaladvisors.com\/terms-of-use\/\"]}]},{\"@type\":\"BreadcrumbList\",\"@id\":\"https:\/\/premiaglobaladvisors.com\/terms-of-use\/#breadcrumb\",\"itemListElement\":[{\"@type\":\"ListItem\",\"position\":1,\"name\":\"Home\",\"item\":\"https:\/\/premiaglobaladvisors.com\/\"},{\"@type\":\"ListItem\",\"position\":2,\"name\":\"Terms of Use\"}]},{\"@type\":\"WebSite\",\"@id\":\"https:\/\/premiaglobaladvisors.com\/#website\",\"url\":\"https:\/\/premiaglobaladvisors.com\/\",\"name\":\"Premia Global Advisors\",\"description\":\"\",\"potentialAction\":[{\"@type\":\"SearchAction\",\"target\":{\"@type\":\"EntryPoint\",\"urlTemplate\":\"https:\/\/premiaglobaladvisors.com\/?s={search_term_string}\"},\"query-input\":{\"@type\":\"PropertyValueSpecification\",\"valueRequired\":true,\"valueName\":\"search_term_string\"}}],\"inLanguage\":\"es\"}]}<\/script>\n<!-- \/ Yoast SEO plugin. -->","yoast_head_json":{"title":"Condiciones de uso - Premia Global Advisors","robots":{"index":"index","follow":"follow","max-snippet":"max-snippet:-1","max-image-preview":"max-image-preview:large","max-video-preview":"max-video-preview:-1"},"canonical":"https:\/\/premiaglobaladvisors.com\/es\/condiciones-de-uso\/","og_locale":"es_ES","og_type":"article","og_title":"Terms of Use - Premia Global Advisors","og_description":"Terms of Use By using the Premia Global Advisors&nbsp; LLC website,&nbsp;www.premiaglobaladvisors.com&nbsp;(the \u201cWebsite\u201d), you agree to be bound by the Terms of Use set forth below, which may be modified by Premia at any time without prior notice. Your continued use of the Premia website and\/or social media landing pages constitutes acceptance of these Terms of [&hellip;]","og_url":"https:\/\/premiaglobaladvisors.com\/es\/condiciones-de-uso\/","og_site_name":"Premia Global Advisors","article_modified_time":"2025-08-19T19:25:38+00:00","twitter_card":"summary_large_image","twitter_misc":{"Est. reading time":"6 minutos"},"schema":{"@context":"https:\/\/schema.org","@graph":[{"@type":"WebPage","@id":"https:\/\/premiaglobaladvisors.com\/terms-of-use\/","url":"https:\/\/premiaglobaladvisors.com\/terms-of-use\/","name":"Condiciones de uso - Premia Global Advisors","isPartOf":{"@id":"https:\/\/premiaglobaladvisors.com\/#website"},"datePublished":"2025-06-19T20:42:15+00:00","dateModified":"2025-08-19T19:25:38+00:00","breadcrumb":{"@id":"https:\/\/premiaglobaladvisors.com\/terms-of-use\/#breadcrumb"},"inLanguage":"es","potentialAction":[{"@type":"ReadAction","target":["https:\/\/premiaglobaladvisors.com\/terms-of-use\/"]}]},{"@type":"BreadcrumbList","@id":"https:\/\/premiaglobaladvisors.com\/terms-of-use\/#breadcrumb","itemListElement":[{"@type":"ListItem","position":1,"name":"Home","item":"https:\/\/premiaglobaladvisors.com\/"},{"@type":"ListItem","position":2,"name":"Terms of Use"}]},{"@type":"WebSite","@id":"https:\/\/premiaglobaladvisors.com\/#website","url":"https:\/\/premiaglobaladvisors.com\/","name":"Premia Global Advisors","description":"","potentialAction":[{"@type":"SearchAction","target":{"@type":"EntryPoint","urlTemplate":"https:\/\/premiaglobaladvisors.com\/?s={search_term_string}"},"query-input":{"@type":"PropertyValueSpecification","valueRequired":true,"valueName":"search_term_string"}}],"inLanguage":"es"}]}},"_links":{"self":[{"href":"https:\/\/premiaglobaladvisors.com\/es\/wp-json\/wp\/v2\/pages\/63","targetHints":{"allow":["GET"]}}],"collection":[{"href":"https:\/\/premiaglobaladvisors.com\/es\/wp-json\/wp\/v2\/pages"}],"about":[{"href":"https:\/\/premiaglobaladvisors.com\/es\/wp-json\/wp\/v2\/types\/page"}],"author":[{"embeddable":true,"href":"https:\/\/premiaglobaladvisors.com\/es\/wp-json\/wp\/v2\/users\/1"}],"replies":[{"embeddable":true,"href":"https:\/\/premiaglobaladvisors.com\/es\/wp-json\/wp\/v2\/comments?post=63"}],"version-history":[{"count":2,"href":"https:\/\/premiaglobaladvisors.com\/es\/wp-json\/wp\/v2\/pages\/63\/revisions"}],"predecessor-version":[{"id":5316,"href":"https:\/\/premiaglobaladvisors.com\/es\/wp-json\/wp\/v2\/pages\/63\/revisions\/5316"}],"wp:attachment":[{"href":"https:\/\/premiaglobaladvisors.com\/es\/wp-json\/wp\/v2\/media?parent=63"}],"curies":[{"name":"wp","href":"https:\/\/api.w.org\/{rel}","templated":true}]}}